{"id":3066,"date":"2019-05-29T16:06:02","date_gmt":"2019-05-29T14:06:02","guid":{"rendered":"https:\/\/www.laboratoiresactiva.com\/en\/\/?page_id=3066"},"modified":"2020-01-16T13:16:57","modified_gmt":"2020-01-16T12:16:57","slug":"news-sport","status":"publish","type":"page","link":"https:\/\/www.laboratoiresactiva.com\/en\/news-sport\/","title":{"rendered":"News Sport"},"content":{"rendered":"<div class=\"fusion-fullwidth fullwidth-box fusion-builder-row-1 nonhundred-percent-fullwidth non-hundred-percent-height-scrolling\" style=\"background-color: rgba(255,255,255,0);background-position: center center;background-repeat: no-repeat;padding-top:0px;padding-right:30px;padding-bottom:0px;padding-left:30px;margin-bottom: 0px;margin-top: 0px;border-width: 0px 0px 0px 0px;border-color:#eae9e9;border-style:solid;\" ><div class=\"fusion-builder-row fusion-row\"><div class=\"fusion-layout-column fusion_builder_column fusion-builder-column-0 fusion_builder_column_1_1 1_1 fusion-one-full fusion-column-first fusion-column-last\" style=\"margin-top:0px;margin-bottom:0px;\"><div class=\"fusion-column-wrapper fusion-flex-column-wrapper-legacy\" style=\"background-position:left top;background-repeat:no-repeat;-webkit-background-size:cover;-moz-background-size:cover;-o-background-size:cover;background-size:cover;padding: 80px 10px 50px 10px;\"><div class=\"fusion-text fusion-text-1\"><h3 style=\"text-align: center;\">Activa sports news<\/h3>\n<\/div><div class=\"fusion-recent-posts fusion-recent-posts-1 avada-container layout-default layout-columns-3\"><section class=\"fusion-columns columns fusion-columns-3 columns-3\"><article class=\"post fusion-column column col col-lg-4 col-md-4 col-sm-4\"><div class=\"fusion-flexslider fusion-flexslider-loading flexslider flexslider-hover-type-liftup\"><ul class=\"slides\"><li><a href=\"https:\/\/www.laboratoiresactiva.com\/en\/joint-support-synergy-of-active-for-a-comprehensive-approach\/\" aria-label=\"Joint support : Synergy of active ingredients for a comprehensive approach\" class=\"hover-type-liftup\"><img decoding=\"async\" width=\"700\" height=\"400\" src=\"https:\/\/www.laboratoiresactiva.com\/en\/wp-content\/uploads\/2023\/05\/Joint-support-700x400.jpg\" class=\"attachment-recent-posts size-recent-posts\" alt=\"\" \/><\/a><\/li><\/ul><\/div><div class=\"recent-posts-content\"><span class=\"vcard\" style=\"display: none;\"><span class=\"fn\"><a href=\"https:\/\/www.laboratoiresactiva.com\/en\/author\/asia-team-sandy\/\" title=\"Posts by Sandy\" rel=\"author\">Sandy<\/a><\/span><\/span><span class=\"updated\" style=\"display:none;\">2023-12-07T08:35:20+01:00<\/span><h4 class=\"entry-title\"><a href=\"https:\/\/www.laboratoiresactiva.com\/en\/joint-support-synergy-of-active-for-a-comprehensive-approach\/\">Joint support : Synergy of active ingredients for a comprehensive approach<\/a><\/h4><\/div><\/article><article class=\"post fusion-column column col col-lg-4 col-md-4 col-sm-4\"><div class=\"fusion-flexslider fusion-flexslider-loading flexslider flexslider-hover-type-liftup\"><ul class=\"slides\"><li><a href=\"https:\/\/www.laboratoiresactiva.com\/en\/tse-turmeric-super-extract-the-upgraded-version-of-curcumin\/\" aria-label=\"TSE &#8211; Turmeric Super Extract, the upgraded version of curcumin\" class=\"hover-type-liftup\"><img decoding=\"async\" width=\"700\" height=\"400\" src=\"https:\/\/www.laboratoiresactiva.com\/en\/wp-content\/uploads\/2021\/09\/ACTIVA-Article-List-800400-Blog-TSE-Turmeric-Super-Extract-the-upgraded-version-of-curcumin-700x400.jpg\" class=\"attachment-recent-posts size-recent-posts\" alt=\"\" \/><\/a><\/li><\/ul><\/div><div class=\"recent-posts-content\"><span class=\"vcard\" style=\"display: none;\"><span class=\"fn\"><a href=\"https:\/\/www.laboratoiresactiva.com\/en\/author\/asia-team-sandy\/\" title=\"Posts by Sandy\" rel=\"author\">Sandy<\/a><\/span><\/span><span class=\"updated\" style=\"display:none;\">2022-10-12T05:53:43+02:00<\/span><h4 class=\"entry-title\"><a href=\"https:\/\/www.laboratoiresactiva.com\/en\/tse-turmeric-super-extract-the-upgraded-version-of-curcumin\/\">TSE &#8211; Turmeric Super Extract, the upgraded version of curcumin<\/a><\/h4><\/div><\/article><article class=\"post fusion-column column col col-lg-4 col-md-4 col-sm-4\"><div class=\"fusion-flexslider fusion-flexslider-loading flexslider flexslider-hover-type-liftup\"><ul class=\"slides\"><li><a href=\"https:\/\/www.laboratoiresactiva.com\/en\/diabetes-how-to-regulate-carbohydrates-in-the-organism\/\" aria-label=\"Diabetes, how to regulate carbohydrates in the Organism?\" class=\"hover-type-liftup\"><img decoding=\"async\" width=\"700\" height=\"400\" src=\"https:\/\/www.laboratoiresactiva.com\/en\/wp-content\/uploads\/2020\/01\/4-700x400.png\" class=\"attachment-recent-posts size-recent-posts\" alt=\"\" \/><\/a><\/li><\/ul><\/div><div class=\"recent-posts-content\"><span class=\"vcard\" style=\"display: none;\"><span class=\"fn\"><a href=\"https:\/\/www.laboratoiresactiva.com\/en\/author\/us-team\/\" title=\"Posts by US Team\" rel=\"author\">US Team<\/a><\/span><\/span><span class=\"updated\" style=\"display:none;\">2023-02-16T07:43:27+01:00<\/span><h4 class=\"entry-title\"><a href=\"https:\/\/www.laboratoiresactiva.com\/en\/diabetes-how-to-regulate-carbohydrates-in-the-organism\/\">Diabetes, how to regulate carbohydrates in the Organism?<\/a><\/h4><\/div><\/article><\/section><\/div><div class=\"fusion-clearfix\"><\/div><\/div><\/div><\/div><\/div>\n","protected":false},"excerpt":{"rendered":"","protected":false},"author":3,"featured_media":0,"parent":0,"menu_order":0,"comment_status":"closed","ping_status":"closed","template":"100-width.php","meta":{"_monsterinsights_skip_tracking":false,"_monsterinsights_sitenote_active":false,"_monsterinsights_sitenote_note":"","_monsterinsights_sitenote_category":0,"footnotes":""},"class_list":["post-3066","page","type-page","status-publish","hentry"],"yoast_head":"<!-- This site is optimized with the Yoast SEO plugin v26.6 - https:\/\/yoast.com\/wordpress\/plugins\/seo\/ -->\n<title>Laboratoires Activa - Sp\u00e9cialiste des compl\u00e9ments alimentaires naturels<\/title>\n<meta name=\"description\" content=\"Les Laboratoires Activa, sp\u00e9cialistes en phytoth\u00e9rapie vous propose une gamme de compl\u00e9ments alimentaires \u00e0 base de plantes aux actifs 100% naturels\" \/>\n<meta name=\"robots\" content=\"index, follow, max-snippet:-1, max-image-preview:large, max-video-preview:-1\" \/>\n<link rel=\"canonical\" href=\"https:\/\/www.laboratoiresactiva.com\/en\/news-sport\/\" \/>\n<meta property=\"og:locale\" content=\"en_US\" \/>\n<meta property=\"og:type\" content=\"article\" \/>\n<meta property=\"og:title\" content=\"Laboratoires Activa - Sp\u00e9cialiste des compl\u00e9ments alimentaires naturels\" \/>\n<meta property=\"og:description\" content=\"Les Laboratoires Activa, sp\u00e9cialistes en phytoth\u00e9rapie vous propose une gamme de compl\u00e9ments alimentaires \u00e0 base de plantes aux actifs 100% naturels\" \/>\n<meta property=\"og:url\" content=\"https:\/\/www.laboratoiresactiva.com\/en\/news-sport\/\" \/>\n<meta property=\"og:site_name\" content=\"Laboratoires Activa\" \/>\n<meta property=\"article:modified_time\" content=\"2020-01-16T12:16:57+00:00\" \/>\n<meta name=\"twitter:card\" content=\"summary_large_image\" \/>\n<meta name=\"twitter:label1\" content=\"Est. reading time\" \/>\n\t<meta name=\"twitter:data1\" content=\"1 minute\" \/>\n<script type=\"application\/ld+json\" class=\"yoast-schema-graph\">{\"@context\":\"https:\/\/schema.org\",\"@graph\":[{\"@type\":\"WebPage\",\"@id\":\"https:\/\/www.laboratoiresactiva.com\/en\/news-sport\/\",\"url\":\"https:\/\/www.laboratoiresactiva.com\/en\/news-sport\/\",\"name\":\"Laboratoires Activa - Sp\u00e9cialiste des compl\u00e9ments alimentaires naturels\",\"isPartOf\":{\"@id\":\"https:\/\/www.laboratoiresactiva.com\/en\/#website\"},\"datePublished\":\"2019-05-29T14:06:02+00:00\",\"dateModified\":\"2020-01-16T12:16:57+00:00\",\"description\":\"Les Laboratoires Activa, sp\u00e9cialistes en phytoth\u00e9rapie vous propose une gamme de compl\u00e9ments alimentaires \u00e0 base de plantes aux actifs 100% naturels\",\"breadcrumb\":{\"@id\":\"https:\/\/www.laboratoiresactiva.com\/en\/news-sport\/#breadcrumb\"},\"inLanguage\":\"en-US\",\"potentialAction\":[{\"@type\":\"ReadAction\",\"target\":[\"https:\/\/www.laboratoiresactiva.com\/en\/news-sport\/\"]}]},{\"@type\":\"BreadcrumbList\",\"@id\":\"https:\/\/www.laboratoiresactiva.com\/en\/news-sport\/#breadcrumb\",\"itemListElement\":[{\"@type\":\"ListItem\",\"position\":1,\"name\":\"Accueil\",\"item\":\"https:\/\/www.laboratoiresactiva.com\/en\/\"},{\"@type\":\"ListItem\",\"position\":2,\"name\":\"News Sport\"}]},{\"@type\":\"WebSite\",\"@id\":\"https:\/\/www.laboratoiresactiva.com\/en\/#website\",\"url\":\"https:\/\/www.laboratoiresactiva.com\/en\/\",\"name\":\"Laboratoires Activa\",\"description\":\"Supplements 100% naturals\",\"potentialAction\":[{\"@type\":\"SearchAction\",\"target\":{\"@type\":\"EntryPoint\",\"urlTemplate\":\"https:\/\/www.laboratoiresactiva.com\/en\/?s={search_term_string}\"},\"query-input\":{\"@type\":\"PropertyValueSpecification\",\"valueRequired\":true,\"valueName\":\"search_term_string\"}}],\"inLanguage\":\"en-US\"}]}<\/script>\n<!-- \/ Yoast SEO plugin. -->","yoast_head_json":{"title":"Laboratoires Activa - Sp\u00e9cialiste des compl\u00e9ments alimentaires naturels","description":"Les Laboratoires Activa, sp\u00e9cialistes en phytoth\u00e9rapie vous propose une gamme de compl\u00e9ments alimentaires \u00e0 base de plantes aux actifs 100% naturels","robots":{"index":"index","follow":"follow","max-snippet":"max-snippet:-1","max-image-preview":"max-image-preview:large","max-video-preview":"max-video-preview:-1"},"canonical":"https:\/\/www.laboratoiresactiva.com\/en\/news-sport\/","og_locale":"en_US","og_type":"article","og_title":"Laboratoires Activa - Sp\u00e9cialiste des compl\u00e9ments alimentaires naturels","og_description":"Les Laboratoires Activa, sp\u00e9cialistes en phytoth\u00e9rapie vous propose une gamme de compl\u00e9ments alimentaires \u00e0 base de plantes aux actifs 100% naturels","og_url":"https:\/\/www.laboratoiresactiva.com\/en\/news-sport\/","og_site_name":"Laboratoires Activa","article_modified_time":"2020-01-16T12:16:57+00:00","twitter_card":"summary_large_image","twitter_misc":{"Est. reading time":"1 minute"},"schema":{"@context":"https:\/\/schema.org","@graph":[{"@type":"WebPage","@id":"https:\/\/www.laboratoiresactiva.com\/en\/news-sport\/","url":"https:\/\/www.laboratoiresactiva.com\/en\/news-sport\/","name":"Laboratoires Activa - Sp\u00e9cialiste des compl\u00e9ments alimentaires naturels","isPartOf":{"@id":"https:\/\/www.laboratoiresactiva.com\/en\/#website"},"datePublished":"2019-05-29T14:06:02+00:00","dateModified":"2020-01-16T12:16:57+00:00","description":"Les Laboratoires Activa, sp\u00e9cialistes en phytoth\u00e9rapie vous propose une gamme de compl\u00e9ments alimentaires \u00e0 base de plantes aux actifs 100% naturels","breadcrumb":{"@id":"https:\/\/www.laboratoiresactiva.com\/en\/news-sport\/#breadcrumb"},"inLanguage":"en-US","potentialAction":[{"@type":"ReadAction","target":["https:\/\/www.laboratoiresactiva.com\/en\/news-sport\/"]}]},{"@type":"BreadcrumbList","@id":"https:\/\/www.laboratoiresactiva.com\/en\/news-sport\/#breadcrumb","itemListElement":[{"@type":"ListItem","position":1,"name":"Accueil","item":"https:\/\/www.laboratoiresactiva.com\/en\/"},{"@type":"ListItem","position":2,"name":"News Sport"}]},{"@type":"WebSite","@id":"https:\/\/www.laboratoiresactiva.com\/en\/#website","url":"https:\/\/www.laboratoiresactiva.com\/en\/","name":"Laboratoires Activa","description":"Supplements 100% naturals","potentialAction":[{"@type":"SearchAction","target":{"@type":"EntryPoint","urlTemplate":"https:\/\/www.laboratoiresactiva.com\/en\/?s={search_term_string}"},"query-input":{"@type":"PropertyValueSpecification","valueRequired":true,"valueName":"search_term_string"}}],"inLanguage":"en-US"}]}},"_links":{"self":[{"href":"https:\/\/www.laboratoiresactiva.com\/en\/wp-json\/wp\/v2\/pages\/3066","targetHints":{"allow":["GET"]}}],"collection":[{"href":"https:\/\/www.laboratoiresactiva.com\/en\/wp-json\/wp\/v2\/pages"}],"about":[{"href":"https:\/\/www.laboratoiresactiva.com\/en\/wp-json\/wp\/v2\/types\/page"}],"author":[{"embeddable":true,"href":"https:\/\/www.laboratoiresactiva.com\/en\/wp-json\/wp\/v2\/users\/3"}],"replies":[{"embeddable":true,"href":"https:\/\/www.laboratoiresactiva.com\/en\/wp-json\/wp\/v2\/comments?post=3066"}],"version-history":[{"count":4,"href":"https:\/\/www.laboratoiresactiva.com\/en\/wp-json\/wp\/v2\/pages\/3066\/revisions"}],"predecessor-version":[{"id":3839,"href":"https:\/\/www.laboratoiresactiva.com\/en\/wp-json\/wp\/v2\/pages\/3066\/revisions\/3839"}],"wp:attachment":[{"href":"https:\/\/www.laboratoiresactiva.com\/en\/wp-json\/wp\/v2\/media?parent=3066"}],"curies":[{"name":"wp","href":"https:\/\/api.w.org\/{rel}","templated":true}]}}