{"id":1925,"date":"2019-02-01T14:45:35","date_gmt":"2019-02-01T13:45:35","guid":{"rendered":"https:\/\/www.laboratoiresactiva.com\/es\/\/?page_id=1925"},"modified":"2020-07-17T14:18:45","modified_gmt":"2020-07-17T12:18:45","slug":"gama-human-structure","status":"publish","type":"page","link":"https:\/\/www.laboratoiresactiva.com\/es\/gama-human-structure\/","title":{"rendered":"Gama Human Structure"},"content":{"rendered":"<div class=\"fusion-fullwidth fullwidth-box fusion-builder-row-1 fusion-parallax-none hundred-percent-fullwidth non-hundred-percent-height-scrolling\" style=\"--awb-border-radius-top-left:0px;--awb-border-radius-top-right:0px;--awb-border-radius-bottom-right:0px;--awb-border-radius-bottom-left:0px;--awb-padding-bottom:50px;--awb-background-image:url(&quot;https:\/\/www.laboratoiresactiva.com\/es\/\/wp-content\/uploads\/2019\/04\/Fotolia_259957320_Subscription_Monthly_M.jpg&quot;);--awb-background-size:cover;--awb-flex-wrap:wrap;\" ><div class=\"fusion-builder-row fusion-row\"><div class=\"fusion-layout-column fusion_builder_column fusion-builder-column-0 fusion_builder_column_1_1 1_1 fusion-one-full fusion-column-first fusion-column-last\" style=\"--awb-padding-top:150px;--awb-padding-bottom:150px;--awb-bg-size:cover;\"><div class=\"fusion-column-wrapper fusion-flex-column-wrapper-legacy\"><div class=\"fusion-text fusion-text-1\"><h1 style=\"text-align: left;\"><strong><span style=\"color: #ffffff;\">Gama Human Structure<\/span><\/strong><\/h1>\n<\/div><div class=\"fusion-clearfix\"><\/div><\/div><\/div><\/div><\/div><div class=\"fusion-fullwidth fullwidth-box fusion-builder-row-2 nonhundred-percent-fullwidth non-hundred-percent-height-scrolling\" style=\"--awb-border-radius-top-left:0px;--awb-border-radius-top-right:0px;--awb-border-radius-bottom-right:0px;--awb-border-radius-bottom-left:0px;--awb-padding-top:50px;--awb-padding-bottom:50px;--awb-flex-wrap:wrap;\" ><div class=\"fusion-builder-row fusion-row\"><div class=\"fusion-layout-column fusion_builder_column fusion-builder-column-1 fusion_builder_column_1_1 1_1 fusion-one-full fusion-column-first fusion-column-last\" style=\"--awb-bg-size:cover;\"><div class=\"fusion-column-wrapper fusion-flex-column-wrapper-legacy\"><div class=\"fusion-text fusion-text-2\"><h2 style=\"text-align: center; color: rgb(17, 48, 130); --fontSize:40; line-height: 1.3;\" data-fontsize=\"40\" data-lineheight=\"52px\" class=\"fusion-responsive-typography-calculated\">Para equilibrar perfectamente su cuerpo<br \/><\/h2>\n<p style=\"text-align: center;\">Gama de complementos alimenticios estudiados para tomar en consideraci\u00f3n el ser humano en su globalidad, con toda la complejidad de las interacciones entre los diferentes sistemas de los organismos. <span style=\"background-color: rgba(255, 255, 255, 0); color: var(--body_typography-color); font-family: var(--body_typography-font-family); font-size: var(--body_typography-font-size); font-style: var(--body_typography-font-style,normal); font-weight: var(--body_typography-font-weight); letter-spacing: var(--body_typography-letter-spacing);\">6 productos para actuar en cada esfera, l\u00edpidos, prote\u00ednas, gl\u00facidos y sistema antioxidante, para que el cuerpo recupere duraderamente toda su energ\u00eda.<\/span><\/p>\n<p style=\"text-align: center;\">El concepto Human Structure es una gama particularmente estudiada para los deportistas. <\/p>\n<\/div><div class=\"fusion-clearfix\"><\/div><\/div><\/div><\/div><\/div><div class=\"fusion-fullwidth fullwidth-box fusion-builder-row-3 hundred-percent-fullwidth non-hundred-percent-height-scrolling fusion-equal-height-columns\" style=\"--awb-border-radius-top-left:0px;--awb-border-radius-top-right:0px;--awb-border-radius-bottom-right:0px;--awb-border-radius-bottom-left:0px;--awb-flex-wrap:wrap;\" ><div class=\"fusion-builder-row fusion-row\"><div class=\"fusion-layout-column fusion_builder_column fusion-builder-column-2 fusion_builder_column_1_5 1_5 fusion-one-fifth fusion-column-first\" style=\"--awb-padding-bottom:50px;--awb-padding-left:50px;--awb-bg-position:center center;--awb-bg-size:cover;width:20%;width:calc(20% - ( ( 4% + 4% + 4% + 4% ) * 0.2 ) );margin-right: 4%;\"><div class=\"fusion-column-wrapper fusion-flex-column-wrapper-legacy\"><div class=\"fusion-text fusion-text-3\"><\/div><div class=\"fusion-clearfix\"><\/div><\/div><\/div><div class=\"fusion-layout-column fusion_builder_column fusion-builder-column-3 fusion_builder_column_1_5 1_5 fusion-one-fifth\" style=\"--awb-padding-bottom:50px;--awb-padding-left:50px;--awb-bg-position:center center;--awb-bg-size:cover;width:20%;width:calc(20% - ( ( 4% + 4% + 4% + 4% ) * 0.2 ) );margin-right: 4%;\"><div class=\"fusion-column-wrapper fusion-flex-column-wrapper-legacy\"><div class=\"fusion-image-element in-legacy-container\" style=\"--awb-caption-title-font-family:var(--h2_typography-font-family);--awb-caption-title-font-weight:var(--h2_typography-font-weight);--awb-caption-title-font-style:var(--h2_typography-font-style);--awb-caption-title-size:var(--h2_typography-font-size);--awb-caption-title-transform:var(--h2_typography-text-transform);--awb-caption-title-line-height:var(--h2_typography-line-height);--awb-caption-title-letter-spacing:var(--h2_typography-letter-spacing);\"><span class=\" fusion-imageframe imageframe-none imageframe-2 hover-type-zoomin\"><a class=\"fusion-no-lightbox\" href=\"https:\/\/www.laboratoiresactiva.com\/es\/\/human-structure-glucidotonic\/\" target=\"_self\" aria-label=\"activa-glucidotonic\"><img decoding=\"async\" width=\"600\" height=\"572\" src=\"https:\/\/www.laboratoiresactiva.com\/es\/wp-content\/uploads\/2020\/07\/activa-glucidotonic.png\" alt class=\"img-responsive wp-image-4695\" srcset=\"https:\/\/www.laboratoiresactiva.com\/es\/wp-content\/uploads\/2020\/07\/activa-glucidotonic-200x191.png 200w, https:\/\/www.laboratoiresactiva.com\/es\/wp-content\/uploads\/2020\/07\/activa-glucidotonic-400x381.png 400w, https:\/\/www.laboratoiresactiva.com\/es\/wp-content\/uploads\/2020\/07\/activa-glucidotonic.png 600w\" sizes=\"(max-width: 861px) 100vw, 200px\" \/><\/a><\/span><\/div><div class=\"fusion-text fusion-text-4\"><p style=\"text-align: center;\">Human Structure Glucidotonic Control<\/p>\n<\/div><div class=\"fusion-clearfix\"><\/div><\/div><\/div><div class=\"fusion-layout-column fusion_builder_column fusion-builder-column-4 fusion_builder_column_1_5 1_5 fusion-one-fifth\" style=\"--awb-padding-bottom:50px;--awb-padding-left:50px;--awb-bg-position:center center;--awb-bg-size:cover;width:20%;width:calc(20% - ( ( 4% + 4% + 4% + 4% ) * 0.2 ) );margin-right: 4%;\"><div class=\"fusion-column-wrapper fusion-flex-column-wrapper-legacy\"><div class=\"fusion-image-element in-legacy-container\" style=\"--awb-caption-title-font-family:var(--h2_typography-font-family);--awb-caption-title-font-weight:var(--h2_typography-font-weight);--awb-caption-title-font-style:var(--h2_typography-font-style);--awb-caption-title-size:var(--h2_typography-font-size);--awb-caption-title-transform:var(--h2_typography-text-transform);--awb-caption-title-line-height:var(--h2_typography-line-height);--awb-caption-title-letter-spacing:var(--h2_typography-letter-spacing);\"><span class=\" fusion-imageframe imageframe-none imageframe-3 hover-type-zoomin\"><a class=\"fusion-no-lightbox\" href=\"https:\/\/www.laboratoiresactiva.com\/es\/\/human-structure-h2tonic\/\" target=\"_self\" aria-label=\"activa-h2tonic\"><img decoding=\"async\" width=\"600\" height=\"572\" alt=\"Human Structure H2Tonic- Laboratoires Activa\" src=\"https:\/\/www.laboratoiresactiva.com\/es\/wp-content\/uploads\/2020\/07\/activa-h2tonic.png\" class=\"img-responsive wp-image-4696\" srcset=\"https:\/\/www.laboratoiresactiva.com\/es\/wp-content\/uploads\/2020\/07\/activa-h2tonic-200x191.png 200w, https:\/\/www.laboratoiresactiva.com\/es\/wp-content\/uploads\/2020\/07\/activa-h2tonic-400x381.png 400w, https:\/\/www.laboratoiresactiva.com\/es\/wp-content\/uploads\/2020\/07\/activa-h2tonic.png 600w\" sizes=\"(max-width: 861px) 100vw, 200px\" \/><\/a><\/span><\/div><div class=\"fusion-text fusion-text-5\"><p style=\"text-align: center;\">Human Structure<br \/><span style=\"background-color: rgba(255, 255, 255, 0); color: var(--body_typography-color); font-family: var(--body_typography-font-family); font-size: var(--body_typography-font-size); font-style: var(--body_typography-font-style,normal); font-weight: var(--body_typography-font-weight); letter-spacing: var(--body_typography-letter-spacing);\">H2tonic<\/span><\/p>\n<\/div><div class=\"fusion-clearfix\"><\/div><\/div><\/div><div class=\"fusion-layout-column fusion_builder_column fusion-builder-column-5 fusion_builder_column_1_5 1_5 fusion-one-fifth\" style=\"--awb-padding-bottom:50px;--awb-padding-left:50px;--awb-bg-position:center center;--awb-bg-size:cover;width:20%;width:calc(20% - ( ( 4% + 4% + 4% + 4% ) * 0.2 ) );margin-right: 4%;\"><div class=\"fusion-column-wrapper fusion-flex-column-wrapper-legacy\"><div class=\"fusion-image-element in-legacy-container\" style=\"--awb-caption-title-font-family:var(--h2_typography-font-family);--awb-caption-title-font-weight:var(--h2_typography-font-weight);--awb-caption-title-font-style:var(--h2_typography-font-style);--awb-caption-title-size:var(--h2_typography-font-size);--awb-caption-title-transform:var(--h2_typography-text-transform);--awb-caption-title-line-height:var(--h2_typography-line-height);--awb-caption-title-letter-spacing:var(--h2_typography-letter-spacing);\"><span class=\" fusion-imageframe imageframe-none imageframe-4 hover-type-zoomin\"><a class=\"fusion-no-lightbox\" href=\"https:\/\/www.laboratoiresactiva.com\/es\/\/human-structure-oleatonic\/\" target=\"_self\" aria-label=\"activa-oleatonic\"><img decoding=\"async\" width=\"600\" height=\"572\" src=\"https:\/\/www.laboratoiresactiva.com\/es\/wp-content\/uploads\/2020\/07\/activa-oleatonic.png\" alt class=\"img-responsive wp-image-4699\" srcset=\"https:\/\/www.laboratoiresactiva.com\/es\/wp-content\/uploads\/2020\/07\/activa-oleatonic-200x191.png 200w, https:\/\/www.laboratoiresactiva.com\/es\/wp-content\/uploads\/2020\/07\/activa-oleatonic-400x381.png 400w, https:\/\/www.laboratoiresactiva.com\/es\/wp-content\/uploads\/2020\/07\/activa-oleatonic.png 600w\" sizes=\"(max-width: 861px) 100vw, 200px\" \/><\/a><\/span><\/div><div class=\"fusion-text fusion-text-6\"><p style=\"text-align: center;\">Human Structure Oleatonic<\/p>\n<\/div><div class=\"fusion-clearfix\"><\/div><\/div><\/div><div class=\"fusion-layout-column fusion_builder_column fusion-builder-column-6 fusion_builder_column_1_5 1_5 fusion-one-fifth fusion-column-last\" style=\"--awb-padding-bottom:50px;--awb-padding-left:50px;--awb-bg-position:center center;--awb-bg-size:cover;width:20%;width:calc(20% - ( ( 4% + 4% + 4% + 4% ) * 0.2 ) );\"><div class=\"fusion-column-wrapper fusion-flex-column-wrapper-legacy\"><div class=\"fusion-text fusion-text-7\"><\/div><div class=\"fusion-clearfix\"><\/div><\/div><\/div><div class=\"fusion-layout-column fusion_builder_column fusion-builder-column-7 fusion_builder_column_1_5 1_5 fusion-one-fifth fusion-column-first\" style=\"--awb-padding-bottom:50px;--awb-padding-left:50px;--awb-bg-position:center center;--awb-bg-size:cover;width:20%;width:calc(20% - ( ( 4% + 4% + 4% + 4% ) * 0.2 ) );margin-right: 4%;\"><div class=\"fusion-column-wrapper fusion-flex-column-wrapper-legacy\"><div class=\"fusion-text fusion-text-8\"><\/div><div class=\"fusion-clearfix\"><\/div><\/div><\/div><div class=\"fusion-layout-column fusion_builder_column fusion-builder-column-8 fusion_builder_column_1_5 1_5 fusion-one-fifth\" style=\"--awb-padding-bottom:50px;--awb-padding-left:50px;--awb-bg-position:center center;--awb-bg-size:cover;width:20%;width:calc(20% - ( ( 4% + 4% + 4% + 4% ) * 0.2 ) );margin-right: 4%;\"><div class=\"fusion-column-wrapper fusion-flex-column-wrapper-legacy\"><div class=\"fusion-image-element in-legacy-container\" style=\"--awb-caption-title-font-family:var(--h2_typography-font-family);--awb-caption-title-font-weight:var(--h2_typography-font-weight);--awb-caption-title-font-style:var(--h2_typography-font-style);--awb-caption-title-size:var(--h2_typography-font-size);--awb-caption-title-transform:var(--h2_typography-text-transform);--awb-caption-title-line-height:var(--h2_typography-line-height);--awb-caption-title-letter-spacing:var(--h2_typography-letter-spacing);\"><span class=\" fusion-imageframe imageframe-none imageframe-7 hover-type-zoomin\"><a class=\"fusion-no-lightbox\" href=\"https:\/\/www.laboratoiresactiva.com\/es\/\/human-structure-oleatonic-cardio\/\" target=\"_self\" aria-label=\"activa-oleatonic-cardio\"><img decoding=\"async\" width=\"600\" height=\"572\" src=\"https:\/\/www.laboratoiresactiva.com\/es\/wp-content\/uploads\/2020\/07\/activa-oleatonic-cardio.png\" alt class=\"img-responsive wp-image-4697\" srcset=\"https:\/\/www.laboratoiresactiva.com\/es\/wp-content\/uploads\/2020\/07\/activa-oleatonic-cardio-200x191.png 200w, https:\/\/www.laboratoiresactiva.com\/es\/wp-content\/uploads\/2020\/07\/activa-oleatonic-cardio-400x381.png 400w, https:\/\/www.laboratoiresactiva.com\/es\/wp-content\/uploads\/2020\/07\/activa-oleatonic-cardio.png 600w\" sizes=\"(max-width: 861px) 100vw, 200px\" \/><\/a><\/span><\/div><div class=\"fusion-text fusion-text-9\"><p style=\"text-align: center;\">Human Structure Oleatonic Cardio<\/p>\n<\/div><div class=\"fusion-clearfix\"><\/div><\/div><\/div><div class=\"fusion-layout-column fusion_builder_column fusion-builder-column-9 fusion_builder_column_1_5 1_5 fusion-one-fifth\" style=\"--awb-padding-bottom:50px;--awb-padding-left:50px;--awb-bg-position:center center;--awb-bg-size:cover;width:20%;width:calc(20% - ( ( 4% + 4% + 4% + 4% ) * 0.2 ) );margin-right: 4%;\"><div class=\"fusion-column-wrapper fusion-flex-column-wrapper-legacy\"><div class=\"fusion-image-element in-legacy-container\" style=\"--awb-caption-title-font-family:var(--h2_typography-font-family);--awb-caption-title-font-weight:var(--h2_typography-font-weight);--awb-caption-title-font-style:var(--h2_typography-font-style);--awb-caption-title-size:var(--h2_typography-font-size);--awb-caption-title-transform:var(--h2_typography-text-transform);--awb-caption-title-line-height:var(--h2_typography-line-height);--awb-caption-title-letter-spacing:var(--h2_typography-letter-spacing);\"><span class=\" fusion-imageframe imageframe-none imageframe-8 hover-type-zoomin\"><a class=\"fusion-no-lightbox\" href=\"https:\/\/www.laboratoiresactiva.com\/es\/\/human-structure-oleatonic-metabolico\/\" target=\"_self\" aria-label=\"activa-oleatonic-metabolico\"><img decoding=\"async\" width=\"600\" height=\"572\" src=\"https:\/\/www.laboratoiresactiva.com\/es\/wp-content\/uploads\/2020\/07\/activa-oleatonic-metabolico.png\" alt class=\"img-responsive wp-image-4698\" srcset=\"https:\/\/www.laboratoiresactiva.com\/es\/wp-content\/uploads\/2020\/07\/activa-oleatonic-metabolico-200x191.png 200w, https:\/\/www.laboratoiresactiva.com\/es\/wp-content\/uploads\/2020\/07\/activa-oleatonic-metabolico-400x381.png 400w, https:\/\/www.laboratoiresactiva.com\/es\/wp-content\/uploads\/2020\/07\/activa-oleatonic-metabolico.png 600w\" sizes=\"(max-width: 861px) 100vw, 200px\" \/><\/a><\/span><\/div><div class=\"fusion-text fusion-text-10\"><p style=\"text-align: center;\">Human Structure Oleatonic Metabolico<\/p>\n<\/div><div class=\"fusion-clearfix\"><\/div><\/div><\/div><div class=\"fusion-layout-column fusion_builder_column fusion-builder-column-10 fusion_builder_column_1_5 1_5 fusion-one-fifth\" style=\"--awb-padding-bottom:50px;--awb-padding-left:50px;--awb-bg-position:center center;--awb-bg-size:cover;width:20%;width:calc(20% - ( ( 4% + 4% + 4% + 4% ) * 0.2 ) );margin-right: 4%;\"><div class=\"fusion-column-wrapper fusion-flex-column-wrapper-legacy\"><div class=\"fusion-image-element in-legacy-container\" style=\"--awb-caption-title-font-family:var(--h2_typography-font-family);--awb-caption-title-font-weight:var(--h2_typography-font-weight);--awb-caption-title-font-style:var(--h2_typography-font-style);--awb-caption-title-size:var(--h2_typography-font-size);--awb-caption-title-transform:var(--h2_typography-text-transform);--awb-caption-title-line-height:var(--h2_typography-line-height);--awb-caption-title-letter-spacing:var(--h2_typography-letter-spacing);\"><span class=\" fusion-imageframe imageframe-none imageframe-9 hover-type-zoomin\"><a class=\"fusion-no-lightbox\" href=\"https:\/\/www.laboratoiresactiva.com\/es\/\/human-structure-proteatonic\" target=\"_self\" aria-label=\"activa-proteatonic\"><img decoding=\"async\" width=\"600\" height=\"572\" src=\"https:\/\/www.laboratoiresactiva.com\/es\/wp-content\/uploads\/2020\/07\/activa-proteatonic.png\" alt class=\"img-responsive wp-image-4700\" srcset=\"https:\/\/www.laboratoiresactiva.com\/es\/wp-content\/uploads\/2020\/07\/activa-proteatonic-200x191.png 200w, https:\/\/www.laboratoiresactiva.com\/es\/wp-content\/uploads\/2020\/07\/activa-proteatonic-400x381.png 400w, https:\/\/www.laboratoiresactiva.com\/es\/wp-content\/uploads\/2020\/07\/activa-proteatonic.png 600w\" sizes=\"(max-width: 861px) 100vw, 200px\" \/><\/a><\/span><\/div><div class=\"fusion-text fusion-text-11\"><p style=\"text-align: center;\">Human Structure Proteatonic<\/p>\n<\/div><div class=\"fusion-clearfix\"><\/div><\/div><\/div><div class=\"fusion-layout-column fusion_builder_column fusion-builder-column-11 fusion_builder_column_1_5 1_5 fusion-one-fifth fusion-column-last\" style=\"--awb-padding-bottom:50px;--awb-padding-left:50px;--awb-bg-position:center center;--awb-bg-size:cover;width:20%;width:calc(20% - ( ( 4% + 4% + 4% + 4% ) * 0.2 ) );\"><div class=\"fusion-column-wrapper fusion-flex-column-wrapper-legacy\"><div class=\"fusion-text fusion-text-12\"><\/div><div class=\"fusion-clearfix\"><\/div><\/div><\/div><\/div><\/div>\n","protected":false},"excerpt":{"rendered":"","protected":false},"author":3,"featured_media":0,"parent":0,"menu_order":0,"comment_status":"closed","ping_status":"closed","template":"100-width.php","meta":{"_monsterinsights_skip_tracking":false,"_monsterinsights_sitenote_active":false,"_monsterinsights_sitenote_note":"","_monsterinsights_sitenote_category":0,"footnotes":""},"class_list":["post-1925","page","type-page","status-publish","hentry"],"aioseo_notices":[],"_links":{"self":[{"href":"https:\/\/www.laboratoiresactiva.com\/es\/wp-json\/wp\/v2\/pages\/1925","targetHints":{"allow":["GET"]}}],"collection":[{"href":"https:\/\/www.laboratoiresactiva.com\/es\/wp-json\/wp\/v2\/pages"}],"about":[{"href":"https:\/\/www.laboratoiresactiva.com\/es\/wp-json\/wp\/v2\/types\/page"}],"author":[{"embeddable":true,"href":"https:\/\/www.laboratoiresactiva.com\/es\/wp-json\/wp\/v2\/users\/3"}],"replies":[{"embeddable":true,"href":"https:\/\/www.laboratoiresactiva.com\/es\/wp-json\/wp\/v2\/comments?post=1925"}],"version-history":[{"count":55,"href":"https:\/\/www.laboratoiresactiva.com\/es\/wp-json\/wp\/v2\/pages\/1925\/revisions"}],"predecessor-version":[{"id":4802,"href":"https:\/\/www.laboratoiresactiva.com\/es\/wp-json\/wp\/v2\/pages\/1925\/revisions\/4802"}],"wp:attachment":[{"href":"https:\/\/www.laboratoiresactiva.com\/es\/wp-json\/wp\/v2\/media?parent=1925"}],"curies":[{"name":"wp","href":"https:\/\/api.w.org\/{rel}","templated":true}]}}