{"id":1950,"date":"2019-02-27T16:29:25","date_gmt":"2019-02-27T15:29:25","guid":{"rendered":"https:\/\/www.laboratoiresactiva.com\/es\/\/?page_id=1950"},"modified":"2024-01-10T18:04:26","modified_gmt":"2024-01-10T17:04:26","slug":"human-structure-glucidotonic","status":"publish","type":"page","link":"https:\/\/www.laboratoiresactiva.com\/es\/human-structure-glucidotonic\/","title":{"rendered":"Human Structure GlucidoTonic"},"content":{"rendered":"<div class=\"fusion-fullwidth fullwidth-box fusion-builder-row-1 nonhundred-percent-fullwidth non-hundred-percent-height-scrolling\" style=\"--awb-border-radius-top-left:0px;--awb-border-radius-top-right:0px;--awb-border-radius-bottom-right:0px;--awb-border-radius-bottom-left:0px;--awb-flex-wrap:wrap;\" ><div class=\"fusion-builder-row fusion-row\"><div class=\"fusion-layout-column fusion_builder_column fusion-builder-column-0 fusion_builder_column_1_1 1_1 fusion-one-full fusion-column-first fusion-column-last\" style=\"--awb-padding-top:50px;--awb-bg-size:cover;\"><div class=\"fusion-column-wrapper fusion-flex-column-wrapper-legacy\"><div class=\"fusion-text fusion-text-1\"><h1 style=\"text-align: center;\"><span style=\"color: #113082;\">Human Structure Glucidotonic<\/span><\/h1>\n<\/div><div class=\"fusion-clearfix\"><\/div><\/div><\/div><\/div><\/div><div class=\"fusion-fullwidth fullwidth-box fusion-builder-row-2 hundred-percent-fullwidth non-hundred-percent-height-scrolling fusion-equal-height-columns\" style=\"--awb-border-radius-top-left:0px;--awb-border-radius-top-right:0px;--awb-border-radius-bottom-right:0px;--awb-border-radius-bottom-left:0px;--awb-flex-wrap:wrap;\" ><div class=\"fusion-builder-row fusion-row\"><div class=\"fusion-layout-column fusion_builder_column fusion-builder-column-1 fusion_builder_column_1_2 1_2 fusion-one-half fusion-column-first\" style=\"--awb-padding-top:100px;--awb-padding-right:8%;--awb-padding-bottom:100px;--awb-padding-left:8%;--awb-bg-size:cover;width:50%;width:calc(50% - ( ( 0 ) * 0.5 ) );margin-right: 0px;\"><div class=\"fusion-column-wrapper fusion-flex-column-wrapper-legacy\"><div class=\"fusion-text fusion-text-2\"><h2 class=\"fusion-responsive-typography-calculated\" style=\"text-align: left; --fontsize: 40; line-height: 1.3;\" data-fontsize=\"40\" data-lineheight=\"52px\">Activa Human Structure GlucidoTonic<\/h2>\n<\/div><div class=\"fusion-sep-clear\"><\/div><div class=\"fusion-separator fusion-clearfix\" style=\"float:left;margin-bottom:10px;width:100%;max-width:100px;\"><div class=\"fusion-separator-border sep-single sep-solid\" style=\"--awb-height:20px;--awb-amount:20px;--awb-sep-color:#113082;border-color:#113082;border-top-width:2px;\"><\/div><\/div><div class=\"fusion-sep-clear\"><\/div><div class=\"fusion-text fusion-text-3\"><p style=\"text-align: justify;\"><span style=\"color: #113082;\"><strong>\u00a0\u00bfPrepararse f\u00edsicamente para entrenar?<\/strong><\/span> Descubra la soluci\u00f3n natural, <span style=\"color: #113082;\"><strong>Human Structure GlucidoTonic<\/strong><\/span>, para mejorar su rendimiento deportivo. Una respuesta adaptada para <span style=\"color: #113082;\"><strong>favorecer el metabolismo de los az\u00facares.<\/strong><\/span><\/p>\n<ul>\n<li style=\"text-align: justify;\"><b style=\"color: #113082;\">Favorece<\/b> el metabolismo de los <b style=\"color: #113082;\">gl\u00facidos<\/b><\/li>\n<li style=\"text-align: justify;\">Permite el <b style=\"color: #113082;\">almacenamiento<\/b> y la <b style=\"color: #113082;\">eliminaci\u00f3n<\/b> de los az\u00facares.<\/li>\n<li style=\"text-align: justify;\">\u00a0Ideal para <b style=\"color: #113082;\">deportistas<\/b>, en caso de <b style=\"color: #113082;\">cansancio o de falta de energ\u00eda.<\/b><\/li>\n<li style=\"text-align: justify;\">Ayuda a controlar los <b style=\"color: #113082;\">niveles de az\u00facar en la sangre.<\/b><\/li>\n<\/ul>\n<\/div><div class=\"fusion-sep-clear\"><\/div><div class=\"fusion-separator fusion-full-width-sep\" style=\"margin-left: auto;margin-right: auto;margin-bottom:20px;width:100%;\"><\/div><div class=\"fusion-sep-clear\"><\/div><div class=\"fusion-text fusion-text-4\"><h2 class=\"fusion-responsive-typography-calculated\" style=\"text-align: left; --fontsize: 40; line-height: 1.3;\" data-fontsize=\"40\" data-lineheight=\"52px\">Una sinergia de activos<\/h2>\n<\/div><div class=\"fusion-sep-clear\"><\/div><div class=\"fusion-separator fusion-clearfix\" style=\"float:left;margin-bottom:10px;width:100%;max-width:100px;\"><div class=\"fusion-separator-border sep-single sep-solid\" style=\"--awb-height:20px;--awb-amount:20px;--awb-sep-color:#113082;border-color:#113082;border-top-width:2px;\"><\/div><\/div><div class=\"fusion-sep-clear\"><\/div><div class=\"fusion-text fusion-text-5\"><p style=\"text-align: justify;\"><b style=\"color: #113082;\">Human Structure Glucidotonic<\/b> est\u00e1 compuesto por activos 100% naturales, sin colorantes ni OGM:<\/p>\n<ul>\n<li style=\"text-align: justify;\">Varios <span style=\"color: #113082;\"><b>componentes naturales<\/b><\/span>: Galega, Semillas de Uva, Reina de los Prados, Gayuba, Ruibarbo, Ar\u00e1ndano, Viburno, Pomelo y amino\u00e1cidos: L-Carnitina, L-Tript\u00f3fano, L-Histidina.<\/li>\n<\/ul>\n<ul>\n<li style=\"text-align: justify;\">Human Structure Glucidotonic <strong><span style=\"color: #113082;\">contribuye a la preparaci\u00f3n f\u00edsica de los deportistas, mejorando su rendimiento<\/span><\/strong>. De hecho, los gl\u00facidos (az\u00facares) constituyen una verdadera fuente de energ\u00eda para nuestro cuerpo. Juegan un rol importante en la<b style=\"color: #113082;\"> construcci\u00f3n de \u00f3rganos y c\u00e9lulas nerviosas<\/b>. En exceso pueden ser nocivos, causando disfunciones o siendo almacenados en forma de grasa.<\/li>\n<\/ul>\n<ul>\n<li style=\"text-align: justify;\"><span style=\"background-color: rgba(255, 255, 255, 0); font-family: var(--body_typography-font-family); font-size: var(--body_typography-font-size); font-style: var(--body_typography-font-style,normal); font-weight: var(--body_typography-font-weight); letter-spacing: var(--body_typography-letter-spacing);\">Se recomienda como complemento<\/span> <span style=\"background-color: rgba(255, 255, 255, 0); color: var(--body_typography-color); font-family: var(--body_typography-font-family); font-size: var(--body_typography-font-size); font-style: var(--body_typography-font-style,normal); font-weight: var(--body_typography-font-weight); letter-spacing: var(--body_typography-letter-spacing);\">de un r\u00e9gimen alimenticio en caso de malos h\u00e1bitos alimenticios.\u00a0<\/span><\/li>\n<\/ul>\n<\/div><div class=\"fusion-clearfix\"><\/div><\/div><\/div><div class=\"fusion-layout-column fusion_builder_column fusion-builder-column-2 fusion_builder_column_1_2 1_2 fusion-one-half fusion-column-last\" style=\"--awb-padding-bottom:100px;--awb-padding-left:50px;--awb-bg-position:center center;--awb-bg-size:cover;width:50%;width:calc(50% - ( ( 0 ) * 0.5 ) );\"><div class=\"fusion-column-wrapper fusion-column-has-shadow fusion-flex-column-wrapper-legacy\"><div class=\"fusion-image-element in-legacy-container\" style=\"--awb-caption-title-font-family:var(--h2_typography-font-family);--awb-caption-title-font-weight:var(--h2_typography-font-weight);--awb-caption-title-font-style:var(--h2_typography-font-style);--awb-caption-title-size:var(--h2_typography-font-size);--awb-caption-title-transform:var(--h2_typography-text-transform);--awb-caption-title-line-height:var(--h2_typography-line-height);--awb-caption-title-letter-spacing:var(--h2_typography-letter-spacing);\"><span class=\" fusion-imageframe imageframe-none imageframe-1 hover-type-zoomin\"><a class=\"fusion-no-lightbox\" href=\"https:\/\/es.activastore.com\/activa-human-structure-accion-sobre-el-metabolismo\/571-bienestar-glucidotonic.html\" target=\"_self\" aria-label=\"activa-glucidotonic\"><img decoding=\"async\" width=\"600\" height=\"572\" src=\"https:\/\/www.laboratoiresactiva.com\/es\/wp-content\/uploads\/2020\/07\/activa-glucidotonic.png\" alt class=\"img-responsive wp-image-4695\" srcset=\"https:\/\/www.laboratoiresactiva.com\/es\/wp-content\/uploads\/2020\/07\/activa-glucidotonic-200x191.png 200w, https:\/\/www.laboratoiresactiva.com\/es\/wp-content\/uploads\/2020\/07\/activa-glucidotonic-400x381.png 400w, https:\/\/www.laboratoiresactiva.com\/es\/wp-content\/uploads\/2020\/07\/activa-glucidotonic.png 600w\" sizes=\"(max-width: 861px) 100vw, 600px\" \/><\/a><\/span><\/div><div class=\"fusion-clearfix\"><\/div><\/div><\/div><\/div><\/div><div class=\"fusion-fullwidth fullwidth-box fusion-builder-row-3 hundred-percent-fullwidth non-hundred-percent-height-scrolling fusion-equal-height-columns\" style=\"--awb-border-radius-top-left:0px;--awb-border-radius-top-right:0px;--awb-border-radius-bottom-right:0px;--awb-border-radius-bottom-left:0px;--awb-flex-wrap:wrap;\" ><div class=\"fusion-builder-row fusion-row\"><div class=\"fusion-layout-column fusion_builder_column fusion-builder-column-3 fusion_builder_column_1_2 1_2 fusion-one-half fusion-column-first\" style=\"--awb-padding-top:50px;--awb-padding-right:20%;--awb-padding-left:20%;--awb-bg-color:#f5f5f5;--awb-bg-color-hover:#f5f5f5;--awb-bg-position:center center;--awb-bg-size:cover;width:50%;width:calc(50% - ( ( 0 ) * 0.5 ) );margin-right: 0px;\"><div class=\"fusion-column-wrapper fusion-flex-column-wrapper-legacy\"><div class=\"fusion-text fusion-text-6\"><h3 class=\"fusion-responsive-typography-calculated\" style=\"text-align: left; --fontsize: 28; line-height: 1.4;\" data-fontsize=\"28\" data-lineheight=\"39.2px\">Indicaciones de uso<\/h3>\n<\/div><div class=\"fusion-sep-clear\"><\/div><div class=\"fusion-separator fusion-clearfix\" style=\"float:left;margin-bottom:30px;width:100%;max-width:100px;\"><div class=\"fusion-separator-border sep-single sep-solid\" style=\"--awb-height:20px;--awb-amount:20px;--awb-sep-color:#113082;border-color:#113082;border-top-width:2px;\"><\/div><\/div><div class=\"fusion-sep-clear\"><\/div><ul style=\"--awb-size:16px;--awb-iconcolor:#113082;--awb-line-height:27.2px;--awb-icon-width:27.2px;--awb-icon-height:27.2px;--awb-icon-margin:11.2px;--awb-content-margin:38.4px;\" class=\"fusion-checklist fusion-checklist-1 fusion-checklist-default type-icons\"><li class=\"fusion-li-item\" style=\"\"><span class=\"icon-wrapper circle-no\"><i class=\"fusion-li-icon fa-flask fas\" aria-hidden=\"true\"><\/i><\/span><div class=\"fusion-li-item-content\">\n<p style=\"text-align: justify;\"><b style=\"color: #113082;\">1 c\u00e1psula<\/b> por la ma\u00f1ana y por la noche con un vaso grande de agua, entre comidas.<\/p>\n<\/div><\/li><li class=\"fusion-li-item\" style=\"\"><span class=\"icon-wrapper circle-no\"><i class=\"fusion-li-icon fa-flask fas\" aria-hidden=\"true\"><\/i><\/span><div class=\"fusion-li-item-content\">\n<p><span style=\"color: var(--body_typography-color); font-family: var(--body_typography-font-family); font-style: var(--body_typography-font-style,normal); letter-spacing: var(--body_typography-letter-spacing);\"><b style=\"color: #113082;\">Programa de 30 d\u00edas<\/b><\/span><span style=\"color: #113082; font-family: var(--body_typography-font-family); font-style: var(--body_typography-font-style,normal); font-weight: var(--body_typography-font-weight); letter-spacing: var(--body_typography-letter-spacing);\">.<\/span><\/p>\n<\/div><\/li><li class=\"fusion-li-item\" style=\"\"><span class=\"icon-wrapper circle-no\"><i class=\"fusion-li-icon fa-flask fas\" aria-hidden=\"true\"><\/i><\/span><div class=\"fusion-li-item-content\">\n<p style=\"text-align: justify;\"><span style=\"color: #113082;\"><strong>\u00a060 c\u00e1psulas<\/strong><\/span> en bl\u00edster.<\/p>\n<\/div><\/li><\/ul><div class=\"fusion-clearfix\"><\/div><\/div><\/div><div class=\"fusion-layout-column fusion_builder_column fusion-builder-column-4 fusion_builder_column_1_2 1_2 fusion-one-half fusion-column-last\" style=\"--awb-padding-top:50px;--awb-padding-right:20%;--awb-padding-bottom:100px;--awb-padding-left:20%;--awb-bg-color:#ededed;--awb-bg-color-hover:#ededed;--awb-bg-size:cover;width:50%;width:calc(50% - ( ( 0 ) * 0.5 ) );\"><div class=\"fusion-column-wrapper fusion-column-has-shadow fusion-flex-column-wrapper-legacy\"><div class=\"fusion-text fusion-text-7\"><h3 class=\"fusion-responsive-typography-calculated\" style=\"text-align: left; --fontsize: 28; line-height: 1.4;\" data-fontsize=\"28\" data-lineheight=\"39.2px\">Recomendaciones<\/h3>\n<\/div><div class=\"fusion-sep-clear\"><\/div><div class=\"fusion-separator fusion-clearfix\" style=\"float:left;margin-bottom:30px;width:100%;max-width:100px;\"><div class=\"fusion-separator-border sep-single sep-solid\" style=\"--awb-height:20px;--awb-amount:20px;--awb-sep-color:#113082;border-color:#113082;border-top-width:2px;\"><\/div><\/div><div class=\"fusion-sep-clear\"><\/div><ul style=\"--awb-size:16px;--awb-iconcolor:#113082;--awb-line-height:27.2px;--awb-icon-width:27.2px;--awb-icon-height:27.2px;--awb-icon-margin:11.2px;--awb-content-margin:38.4px;\" class=\"fusion-checklist fusion-checklist-2 fusion-checklist-default type-icons\"><li class=\"fusion-li-item\" style=\"\"><span class=\"icon-wrapper circle-no\"><i class=\"fusion-li-icon fa-flask fas\" aria-hidden=\"true\"><\/i><\/span><div class=\"fusion-li-item-content\">\n<p style=\"text-align: justify;\"><b style=\"color: #113082;\">Consumir<\/b> en el marco de una alimentaci\u00f3n variada y equilibrada y un estilo de vida saludable<\/p>\n<\/div><\/li><li class=\"fusion-li-item\" style=\"\"><span class=\"icon-wrapper circle-no\"><i class=\"fusion-li-icon fa-flask fas\" aria-hidden=\"true\"><\/i><\/span><div class=\"fusion-li-item-content\">\n<p><b style=\"color: #113082;\">Mantener alejado<\/b> del alcance de los ni\u00f1os, al amparo del calor, de la humedad y de la luz.<\/p>\n<\/div><\/li><li class=\"fusion-li-item\" style=\"\"><span class=\"icon-wrapper circle-no\"><i class=\"fusion-li-icon fa-flask fas\" aria-hidden=\"true\"><\/i><\/span><div class=\"fusion-li-item-content\">\n<p><b style=\"color: #113082;\">No aconsejable<\/b> para personas que sufren de alergias a los derivados salic\u00edlicos, ni\u00f1os menores 12 a\u00f1os y mujeres embarazadas o lactantes.<\/p>\n<\/div><\/li><li class=\"fusion-li-item\" style=\"\"><span class=\"icon-wrapper circle-no\"><i class=\"fusion-li-icon fa-flask fas\" aria-hidden=\"true\"><\/i><\/span><div class=\"fusion-li-item-content\">\n<p><b style=\"color: #113082;\">Se desaconseja<\/b> el uso\u00a0prolongado.<\/p>\n<\/div><\/li><\/ul><div class=\"fusion-clearfix\"><\/div><\/div><\/div><div class=\"fusion-layout-column fusion_builder_column fusion-builder-column-5 fusion_builder_column_1_2 1_2 fusion-one-half fusion-column-first\" style=\"--awb-padding-top:50px;--awb-padding-right:20%;--awb-padding-left:20%;--awb-bg-color:#F0F0F0;--awb-bg-color-hover:#F0F0F0;--awb-bg-size:cover;width:50%;width:calc(50% - ( ( 0px ) * 0.5 ) );margin-right: 0px;\"><div class=\"fusion-column-wrapper fusion-flex-column-wrapper-legacy\"><div class=\"fusion-text fusion-text-8\"><h3 class=\"fusion-responsive-typography-calculated\" style=\"text-align: left; --fontsize: 28; line-height: 1.4;\" data-fontsize=\"28\" data-lineheight=\"39.2px\">Ingredientes<\/h3>\n<\/div><div class=\"fusion-sep-clear\"><\/div><div class=\"fusion-separator fusion-clearfix\" style=\"float:left;margin-bottom:30px;width:100%;max-width:100px;\"><div class=\"fusion-separator-border sep-single sep-solid\" style=\"--awb-height:20px;--awb-amount:20px;--awb-sep-color:#113082;border-color:#113082;border-top-width:2px;\"><\/div><\/div><div class=\"fusion-sep-clear\"><\/div><div class=\"fusion-text fusion-text-9\"><p style=\"text-align: justify;\"><b>Ingredientes (para 1 c\u00e1psula) <\/b><\/p>\n<\/div><ul style=\"--awb-size:16px;--awb-iconcolor:#113082;--awb-line-height:27.2px;--awb-icon-width:27.2px;--awb-icon-height:27.2px;--awb-icon-margin:11.2px;--awb-content-margin:38.4px;\" class=\"fusion-checklist fusion-checklist-3 fusion-checklist-default type-icons\"><li class=\"fusion-li-item\" style=\"\"><span class=\"icon-wrapper circle-no\"><i class=\"fusion-li-icon fa-flask fas\" aria-hidden=\"true\"><\/i><\/span><div class=\"fusion-li-item-content\">\n<p>Galega officinalis 4:1 &#8211; <span style=\"color: #000080;\"><strong>37.75 mg<\/strong><\/span><\/p>\n<\/div><\/li><li class=\"fusion-li-item\" style=\"\"><span class=\"icon-wrapper circle-no\"><i class=\"fusion-li-icon fa-flask fas\" aria-hidden=\"true\"><\/i><\/span><div class=\"fusion-li-item-content\">\n<p style=\"text-align: justify;\">Semillas de uva (Vitis vinifera L) 16-20:1 &#8211; <span style=\"color: #000080;\"><strong>12.5 mg <\/strong><\/span><\/p>\n<\/div><\/li><li class=\"fusion-li-item\" style=\"\"><span class=\"icon-wrapper circle-no\"><i class=\"fusion-li-icon fa-flask fas\" aria-hidden=\"true\"><\/i><\/span><div class=\"fusion-li-item-content\">\n<p style=\"text-align: justify;\">Reina de los prados (Filipendula ulmari) 8-10:1 &#8211;<span style=\"color: #000080;\"><strong> 12.5 mg <\/strong><\/span><\/p>\n<\/div><\/li><li class=\"fusion-li-item\" style=\"\"><span class=\"icon-wrapper circle-no\"><i class=\"fusion-li-icon fa-flask fas\" aria-hidden=\"true\"><\/i><\/span><div class=\"fusion-li-item-content\">\n<p style=\"text-align: justify;\">Gayuba (Arctostaphilus uva ulsi) 4-5:1 &#8211;<span style=\"color: #000080;\"><strong> 10.42 mg <\/strong><\/span><\/p>\n<\/div><\/li><li class=\"fusion-li-item\" style=\"\"><span class=\"icon-wrapper circle-no\"><i class=\"fusion-li-icon fa-flask fas\" aria-hidden=\"true\"><\/i><\/span><div class=\"fusion-li-item-content\">\n<p style=\"text-align: justify;\">Ruibarbo (Reum officinal Baillon) 3.5 &#8211; <span style=\"color: #000080;\"><strong>10.42 mg <\/strong><\/span><\/p>\n<\/div><\/li><li class=\"fusion-li-item\" style=\"\"><span class=\"icon-wrapper circle-no\"><i class=\"fusion-li-icon fa-flask fas\" aria-hidden=\"true\"><\/i><\/span><div class=\"fusion-li-item-content\">\n<p style=\"text-align: justify;\">L-Carnitina &#8211; <span style=\"color: #000080;\"><strong>10.42 mg<\/strong><\/span><\/p>\n<\/div><\/li><li class=\"fusion-li-item\" style=\"\"><span class=\"icon-wrapper circle-no\"><i class=\"fusion-li-icon fa-flask fas\" aria-hidden=\"true\"><\/i><\/span><div class=\"fusion-li-item-content\">\n<p style=\"text-align: justify;\">Ar\u00e1ndano (Vaccinium myrtillus) 5:1 &#8211;<span style=\"color: #000080;\"><strong> 6.25 mg <\/strong><\/span><\/p>\n<\/div><\/li><li class=\"fusion-li-item\" style=\"\"><span class=\"icon-wrapper circle-no\"><i class=\"fusion-li-icon fa-flask fas\" aria-hidden=\"true\"><\/i><\/span><div class=\"fusion-li-item-content\">\n<p class=\"p2\">Vibruno (Virbunum lantana) 4:1 &#8211; <span style=\"color: #000080;\"><strong>6.25 mg <\/strong><\/span><\/p>\n<\/div><\/li><li class=\"fusion-li-item\" style=\"\"><span class=\"icon-wrapper circle-no\"><i class=\"fusion-li-icon fa-flask fas\" aria-hidden=\"true\"><\/i><\/span><div class=\"fusion-li-item-content\">\n<p class=\"p2\">L-Tript\u00f3fano &#8211; <span style=\"color: #000080;\"><strong>6.25 mg <\/strong><\/span><\/p>\n<\/div><\/li><li class=\"fusion-li-item\" style=\"\"><span class=\"icon-wrapper circle-no\"><i class=\"fusion-li-icon fa-flask fas\" aria-hidden=\"true\"><\/i><\/span><div class=\"fusion-li-item-content\">\n<p class=\"p2\">Pomelo (Citrus Paradisi) 5.5:1 &#8211;<span style=\"color: #000080;\"><strong> 4.17 mg<\/strong><\/span><\/p>\n<\/div><\/li><li class=\"fusion-li-item\" style=\"\"><span class=\"icon-wrapper circle-no\"><i class=\"fusion-li-icon fa-flask fas\" aria-hidden=\"true\"><\/i><\/span><div class=\"fusion-li-item-content\">\n<p class=\"p2\">L-Histidina &#8211;<span style=\"color: #000080;\"><strong> 2.08 mg <\/strong><\/span><\/p>\n<\/div><\/li><li class=\"fusion-li-item\" style=\"\"><span class=\"icon-wrapper circle-no\"><i class=\"fusion-li-icon fa-flask fas\" aria-hidden=\"true\"><\/i><\/span><div class=\"fusion-li-item-content\">\n<p class=\"p2\">\u00a0Agente de carga: Xilitol* &#8211; <span style=\"color: var(--body_typography-color); font-family: var(--body_typography-font-family); font-style: var(--body_typography-font-style,normal); font-weight: var(--body_typography-font-weight); letter-spacing: var(--body_typography-letter-spacing);\">C\u00e1psula vegetal &#8211; Agentes de recubrimiento: Goma laca. Con edulcorante. No contiene colorantes.<\/span><\/p>\n<p class=\"p2\">*Un consumo excesivo puede tener un efecto laxante. <span style=\"color: var(--body_typography-color); font-family: var(--body_typography-font-family); font-style: var(--body_typography-font-style,normal); font-weight: var(--body_typography-font-weight); letter-spacing: var(--body_typography-letter-spacing);\"><br \/>\n<\/span><\/p>\n<\/div><\/li><\/ul><div class=\"fusion-sep-clear\"><\/div><div class=\"fusion-separator fusion-full-width-sep\" style=\"margin-left: auto;margin-right: auto;margin-bottom:20px;width:100%;\"><\/div><div class=\"fusion-sep-clear\"><\/div><div class=\"fusion-clearfix\"><\/div><\/div><\/div><div class=\"fusion-layout-column fusion_builder_column fusion-builder-column-6 fusion_builder_column_1_2 1_2 fusion-one-half fusion-column-last\" style=\"--awb-padding-top:50px;--awb-padding-right:20%;--awb-padding-left:20%;--awb-bg-color:#F5F5F5;--awb-bg-color-hover:#F5F5F5;--awb-bg-size:cover;width:50%;width:calc(50% - ( ( 0px ) * 0.5 ) );\"><div class=\"fusion-column-wrapper fusion-flex-column-wrapper-legacy\"><div class=\"fusion-text fusion-text-10\"><h3 style=\"text-align: left;\">La FitoVitalidad<\/h3>\n<\/div><div class=\"fusion-sep-clear\"><\/div><div class=\"fusion-separator fusion-clearfix\" style=\"float:left;margin-bottom:30px;width:100%;max-width:100px;\"><div class=\"fusion-separator-border sep-single sep-solid\" style=\"--awb-height:20px;--awb-amount:20px;--awb-sep-color:#113082;border-color:#113082;border-top-width:2px;\"><\/div><\/div><div class=\"fusion-sep-clear\"><\/div><div class=\"fusion-text fusion-text-11\"><p style=\"text-align: left;\"><span style=\"color: var(--body_typography-color); font-family: var(--body_typography-font-family); font-size: var(--body_typography-font-size); font-style: var(--body_typography-font-style,normal); letter-spacing: var(--body_typography-letter-spacing);\"><b>Human Structure<\/b><\/span><strong> es una gama exclusiva, pensada y formulada con una nueva percepci\u00f3n de la complementaci\u00f3n nutricional.<\/strong><\/p>\n<p>Su concepto se basa en el tratamiento global del ser humano, con toda la complejidad de interacciones entre los diferentes sistemas de su organismo.<\/p>\n<p>La gama Human Structure es una soluci\u00f3n natural para favorecer el equilibrio de l\u00edpidos, prote\u00ednas, gl\u00facidos; constituyentes base de nuestro cuerpo.<\/p>\n<\/div><ul style=\"--awb-size:16px;--awb-iconcolor:#113082;--awb-line-height:27.2px;--awb-icon-width:27.2px;--awb-icon-height:27.2px;--awb-icon-margin:11.2px;--awb-content-margin:38.4px;\" class=\"fusion-checklist fusion-checklist-4 fusion-checklist-default type-icons\"><li class=\"fusion-li-item\" style=\"\"><span class=\"icon-wrapper circle-no\"><i class=\"fusion-li-icon fa-flask fas\" aria-hidden=\"true\"><\/i><\/span><div class=\"fusion-li-item-content\">\n<p style=\"text-align: justify;\">Activos <b style=\"color: #113082;\">100% naturales<\/b>, extractos secos titulados.<\/p>\n<\/div><\/li><li class=\"fusion-li-item\" style=\"\"><span class=\"icon-wrapper circle-no\"><i class=\"fusion-li-icon fa-flask fas\" aria-hidden=\"true\"><\/i><\/span><div class=\"fusion-li-item-content\">\n<p style=\"text-align: justify;\">F\u00f3rmulas secuenciales para una acci\u00f3n sin\u00e9rgica de componentes permitiendo recrear un <b style=\"color: #113082;\">equilibrio<\/b> en nuestro cuerpo.<\/p>\n<\/div><\/li><li class=\"fusion-li-item\" style=\"\"><span class=\"icon-wrapper circle-no\"><i class=\"fusion-li-icon fa-flask fas\" aria-hidden=\"true\"><\/i><\/span><div class=\"fusion-li-item-content\">\n<p style=\"text-align: justify;\">Una total <b style=\"color: #113082;\">biodisponibilidad<\/b> para una asimilaci\u00f3n total.<\/p>\n<\/div><\/li><li class=\"fusion-li-item\" style=\"\"><span class=\"icon-wrapper circle-no\"><i class=\"fusion-li-icon fa-flask fas\" aria-hidden=\"true\"><\/i><\/span><div class=\"fusion-li-item-content\">\n<p style=\"text-align: justify;\">Una perfecta <span style=\"color: #113082;\"><b>biocompatibilidad<\/b><\/span>: el respeto de las corrientes vitales con beneficios en profundidad sobre nuestra vitalidad, sin efectos secundarios y sin sobrecargar el organismo.<\/p>\n<\/div><\/li><li class=\"fusion-li-item\" style=\"\"><span class=\"icon-wrapper circle-no\"><i class=\"fusion-li-icon fa-flask fas\" aria-hidden=\"true\"><\/i><\/span><div class=\"fusion-li-item-content\">\n<p><b style=\"color: #113082;\">Microgr\u00e1nulos<\/b> que aseguran una protecci\u00f3n g\u00e1strica, un pasaje r\u00e1pido en el intestino. Patentados, permiten la liberaci\u00f3n de activos al lugar m\u00e1s apropiado del organismo.<\/p>\n<\/div><\/li><\/ul><div class=\"fusion-sep-clear\"><\/div><div class=\"fusion-separator fusion-full-width-sep\" style=\"margin-left: auto;margin-right: auto;margin-bottom:20px;width:100%;\"><\/div><div class=\"fusion-sep-clear\"><\/div><div class=\"fusion-clearfix\"><\/div><\/div><\/div><\/div><\/div>\n","protected":false},"excerpt":{"rendered":"","protected":false},"author":3,"featured_media":0,"parent":0,"menu_order":0,"comment_status":"closed","ping_status":"closed","template":"100-width.php","meta":{"_monsterinsights_skip_tracking":false,"_monsterinsights_sitenote_active":false,"_monsterinsights_sitenote_note":"","_monsterinsights_sitenote_category":0,"footnotes":""},"class_list":["post-1950","page","type-page","status-publish","hentry"],"aioseo_notices":[],"_links":{"self":[{"href":"https:\/\/www.laboratoiresactiva.com\/es\/wp-json\/wp\/v2\/pages\/1950","targetHints":{"allow":["GET"]}}],"collection":[{"href":"https:\/\/www.laboratoiresactiva.com\/es\/wp-json\/wp\/v2\/pages"}],"about":[{"href":"https:\/\/www.laboratoiresactiva.com\/es\/wp-json\/wp\/v2\/types\/page"}],"author":[{"embeddable":true,"href":"https:\/\/www.laboratoiresactiva.com\/es\/wp-json\/wp\/v2\/users\/3"}],"replies":[{"embeddable":true,"href":"https:\/\/www.laboratoiresactiva.com\/es\/wp-json\/wp\/v2\/comments?post=1950"}],"version-history":[{"count":34,"href":"https:\/\/www.laboratoiresactiva.com\/es\/wp-json\/wp\/v2\/pages\/1950\/revisions"}],"predecessor-version":[{"id":16662,"href":"https:\/\/www.laboratoiresactiva.com\/es\/wp-json\/wp\/v2\/pages\/1950\/revisions\/16662"}],"wp:attachment":[{"href":"https:\/\/www.laboratoiresactiva.com\/es\/wp-json\/wp\/v2\/media?parent=1950"}],"curies":[{"name":"wp","href":"https:\/\/api.w.org\/{rel}","templated":true}]}}