{"id":18354,"date":"2024-02-08T11:16:28","date_gmt":"2024-02-08T10:16:28","guid":{"rendered":"https:\/\/www.laboratoiresactiva.com\/fr\/?page_id=18354"},"modified":"2026-03-16T11:26:06","modified_gmt":"2026-03-16T10:26:06","slug":"qr-code-bien-etre-myorelax","status":"publish","type":"page","link":"https:\/\/www.laboratoiresactiva.com\/fr\/qr-code-bien-etre-myorelax\/","title":{"rendered":"QR Code Bien-\u00eatre Myorelax"},"content":{"rendered":"<div class=\"fusion-fullwidth fullwidth-box fusion-builder-row-1 fusion-flex-container nonhundred-percent-fullwidth non-hundred-percent-height-scrolling\" style=\"--awb-border-radius-top-left:0px;--awb-border-radius-top-right:0px;--awb-border-radius-bottom-right:0px;--awb-border-radius-bottom-left:0px;--awb-flex-wrap:wrap;\" ><div class=\"fusion-builder-row fusion-row fusion-flex-align-items-flex-start fusion-flex-content-wrap\" style=\"max-width:1144px;margin-left: calc(-4% \/ 2 );margin-right: calc(-4% \/ 2 );\"><div class=\"fusion-layout-column fusion_builder_column fusion-builder-column-0 fusion_builder_column_1_1 1_1 fusion-flex-column\" style=\"--awb-bg-size:cover;--awb-width-large:100%;--awb-margin-top-large:0px;--awb-spacing-right-large:1.92%;--awb-margin-bottom-large:0px;--awb-spacing-left-large:1.92%;--awb-width-medium:100%;--awb-order-medium:0;--awb-spacing-right-medium:1.92%;--awb-spacing-left-medium:1.92%;--awb-width-small:100%;--awb-order-small:0;--awb-spacing-right-small:1.92%;--awb-spacing-left-small:1.92%;\"><div class=\"fusion-column-wrapper fusion-column-has-shadow fusion-flex-justify-content-flex-start fusion-content-layout-column\"><div class=\"fusion-title title fusion-title-1 fusion-sep-none fusion-title-center fusion-title-text fusion-title-size-one\" style=\"--awb-text-color:#113082;--awb-margin-top:100px;--awb-margin-bottom:100px;--awb-margin-top-small:50px;--awb-margin-bottom-small:50px;--awb-margin-top-medium:50px;--awb-margin-bottom-medium:70px;--awb-font-size:32px;\"><h1 class=\"fusion-title-heading title-heading-center fusion-responsive-typography-calculated\" style=\"font-family:&quot;Cosmos&quot;;font-style:normal;font-weight:400;margin:0;font-size:1em;letter-spacing:-1px;--fontSize:32;line-height:1.1;\"><span style=\"color: #113082;\">Ce qu&rsquo;il faut savoir sur<\/span><br \/>\n<span style=\"color: #113082;\">Bien-\u00eatre <\/span>Myorelax<\/h1><\/div><div class=\"fusion-builder-row fusion-builder-row-inner fusion-row fusion-flex-align-items-flex-start fusion-flex-content-wrap\" style=\"width:104% !important;max-width:104% !important;margin-left: calc(-4% \/ 2 );margin-right: calc(-4% \/ 2 );\"><div class=\"fusion-layout-column fusion_builder_column_inner fusion-builder-nested-column-0 fusion_builder_column_inner_1_2 1_2 fusion-flex-column\" style=\"--awb-bg-size:cover;--awb-width-large:50%;--awb-margin-top-large:0px;--awb-spacing-right-large:3.84%;--awb-margin-bottom-large:0px;--awb-spacing-left-large:3.84%;--awb-width-medium:100%;--awb-order-medium:0;--awb-spacing-right-medium:1.92%;--awb-spacing-left-medium:1.92%;--awb-width-small:100%;--awb-order-small:0;--awb-spacing-right-small:1.92%;--awb-spacing-left-small:1.92%;\"><div class=\"fusion-column-wrapper fusion-column-has-shadow fusion-flex-justify-content-flex-start fusion-content-layout-column\"><div class=\"fusion-image-element \" style=\"text-align:center;--awb-margin-top:0px;--awb-margin-right:0%;--awb-margin-bottom:0px;--awb-caption-title-color:#ffffff;--awb-caption-title-font-family:var(--h3_typography-font-family);--awb-caption-title-font-weight:var(--h3_typography-font-weight);--awb-caption-title-font-style:var(--h3_typography-font-style);--awb-caption-title-size:var(--h3_typography-font-size);--awb-caption-title-transform:var(--h3_typography-text-transform);--awb-caption-title-line-height:var(--h3_typography-line-height);--awb-caption-title-letter-spacing:var(--h3_typography-letter-spacing);\"><span class=\" fusion-imageframe imageframe-none imageframe-1 awb-imageframe-style awb-imageframe-style-resa\"><a class=\"fusion-no-lightbox\" href=\"https:\/\/www.laboratoiresactiva.com\/fr\/bien-etre-myorelax\/\" target=\"_self\" aria-label=\"BEFR_MYORELAX\"><img decoding=\"async\" width=\"800\" height=\"800\" alt=\"Bien-\u00eatre Myorelax\" data-src=\"https:\/\/www.laboratoiresactiva.com\/fr\/wp-content\/uploads\/2024\/04\/BEFR_MYORELAX.png\" class=\"img-responsive wp-image-18537 lazyload\" data-srcset=\"https:\/\/www.laboratoiresactiva.com\/fr\/wp-content\/uploads\/2024\/04\/BEFR_MYORELAX-200x200.png 200w, https:\/\/www.laboratoiresactiva.com\/fr\/wp-content\/uploads\/2024\/04\/BEFR_MYORELAX-400x400.png 400w, https:\/\/www.laboratoiresactiva.com\/fr\/wp-content\/uploads\/2024\/04\/BEFR_MYORELAX-600x600.png 600w, https:\/\/www.laboratoiresactiva.com\/fr\/wp-content\/uploads\/2024\/04\/BEFR_MYORELAX.png 800w\" data-sizes=\"(max-width: 1024px) 100vw, (max-width: 640px) 100vw, 600px\" src=\"data:image\/svg+xml;base64,PHN2ZyB3aWR0aD0iMSIgaGVpZ2h0PSIxIiB4bWxucz0iaHR0cDovL3d3dy53My5vcmcvMjAwMC9zdmciPjwvc3ZnPg==\" style=\"--smush-placeholder-width: 800px; --smush-placeholder-aspect-ratio: 800\/800;\" \/><div class=\"awb-imageframe-caption-container\"><div class=\"awb-imageframe-caption\"><h3 class=\"awb-imageframe-caption-title\">Notice d'utilisation<\/h3><p class=\"awb-imageframe-caption-text\">Bien-\u00eatre Myorelax<\/p><\/div><\/div><\/a><\/span><\/div><\/div><\/div><\/div><div class=\"fusion-title title fusion-title-2 fusion-sep-none fusion-title-center fusion-title-text fusion-title-size-two\" style=\"--awb-margin-top:100px;--awb-margin-bottom:30px;--awb-margin-top-small:70px;--awb-margin-bottom-small:30px;--awb-margin-top-medium:70px;--awb-margin-bottom-medium:30px;--awb-font-size:34px;\"><h2 class=\"fusion-title-heading title-heading-center fusion-responsive-typography-calculated\" style=\"font-family:&quot;Cosmos&quot;;font-style:normal;font-weight:400;margin:0;font-size:1em;letter-spacing:-1px;--fontSize:34;line-height:1.2;\">Avec quoi l&rsquo;associer?<\/h2><\/div><div class=\"fusion-builder-row fusion-builder-row-inner fusion-row fusion-flex-align-items-flex-start fusion-flex-content-wrap\" style=\"width:104% !important;max-width:104% !important;margin-left: calc(-4% \/ 2 );margin-right: calc(-4% \/ 2 );\"><div class=\"fusion-layout-column fusion_builder_column_inner fusion-builder-nested-column-1 fusion_builder_column_inner_1_3 1_3 fusion-flex-column\" style=\"--awb-bg-size:cover;--awb-width-large:33.333333333333%;--awb-margin-top-large:0px;--awb-spacing-right-large:5.76%;--awb-margin-bottom-large:0px;--awb-spacing-left-large:5.76%;--awb-width-medium:100%;--awb-order-medium:0;--awb-spacing-right-medium:1.92%;--awb-spacing-left-medium:1.92%;--awb-width-small:100%;--awb-order-small:0;--awb-spacing-right-small:1.92%;--awb-spacing-left-small:1.92%;\"><div class=\"fusion-column-wrapper fusion-column-has-shadow fusion-flex-justify-content-flex-start fusion-content-layout-column\"><div class=\"fusion-image-element \" style=\"text-align:center;--awb-mask-url: url(https:\/\/www.laboratoiresactiva.com\/fr\/wp-content\/plugins\/fusion-builder\/\/assets\/images\/masks\/mask-15.svg);--awb-caption-title-font-family:var(--h2_typography-font-family);--awb-caption-title-font-weight:var(--h2_typography-font-weight);--awb-caption-title-font-style:var(--h2_typography-font-style);--awb-caption-title-size:var(--h2_typography-font-size);--awb-caption-title-transform:var(--h2_typography-text-transform);--awb-caption-title-line-height:var(--h2_typography-line-height);--awb-caption-title-letter-spacing:var(--h2_typography-letter-spacing);\"><div class=\"awb-image-frame awb-image-frame-2 imageframe-liftup hover-with-mask\"><span class=\" fusion-imageframe imageframe-none imageframe-2 has-mask\"><a class=\"fusion-no-lightbox\" href=\"https:\/\/www.laboratoiresactiva.com\/fr\/bien-etre-inflalyse\/\" target=\"_self\" aria-label=\"Activa Inflalyse\"><img decoding=\"async\" width=\"800\" height=\"800\" alt=\"Activa Inflalyse\" data-src=\"https:\/\/www.laboratoiresactiva.com\/fr\/wp-content\/uploads\/2024\/04\/BEFR_INFLALYSE-1.png\" class=\"img-responsive wp-image-18534 lazyload\" data-srcset=\"https:\/\/www.laboratoiresactiva.com\/fr\/wp-content\/uploads\/2024\/04\/BEFR_INFLALYSE-1-200x200.png 200w, https:\/\/www.laboratoiresactiva.com\/fr\/wp-content\/uploads\/2024\/04\/BEFR_INFLALYSE-1-400x400.png 400w, https:\/\/www.laboratoiresactiva.com\/fr\/wp-content\/uploads\/2024\/04\/BEFR_INFLALYSE-1-600x600.png 600w, https:\/\/www.laboratoiresactiva.com\/fr\/wp-content\/uploads\/2024\/04\/BEFR_INFLALYSE-1.png 800w\" data-sizes=\"(max-width: 1024px) 100vw, (max-width: 640px) 100vw, 400px\" src=\"data:image\/svg+xml;base64,PHN2ZyB3aWR0aD0iMSIgaGVpZ2h0PSIxIiB4bWxucz0iaHR0cDovL3d3dy53My5vcmcvMjAwMC9zdmciPjwvc3ZnPg==\" style=\"--smush-placeholder-width: 800px; --smush-placeholder-aspect-ratio: 800\/800;\" \/><\/a><\/span><\/div><\/div><\/div><\/div><div class=\"fusion-layout-column fusion_builder_column_inner fusion-builder-nested-column-2 fusion_builder_column_inner_1_3 1_3 fusion-flex-column\" style=\"--awb-bg-size:cover;--awb-width-large:33.333333333333%;--awb-margin-top-large:0px;--awb-spacing-right-large:5.76%;--awb-margin-bottom-large:0px;--awb-spacing-left-large:5.76%;--awb-width-medium:100%;--awb-order-medium:0;--awb-spacing-right-medium:1.92%;--awb-spacing-left-medium:1.92%;--awb-width-small:100%;--awb-order-small:0;--awb-spacing-right-small:1.92%;--awb-spacing-left-small:1.92%;\"><div class=\"fusion-column-wrapper fusion-column-has-shadow fusion-flex-justify-content-flex-start fusion-content-layout-column\"><div class=\"fusion-image-element \" style=\"text-align:center;--awb-mask-url: url(https:\/\/www.laboratoiresactiva.com\/fr\/wp-content\/plugins\/fusion-builder\/\/assets\/images\/masks\/mask-15.svg);--awb-caption-title-font-family:var(--h2_typography-font-family);--awb-caption-title-font-weight:var(--h2_typography-font-weight);--awb-caption-title-font-style:var(--h2_typography-font-style);--awb-caption-title-size:var(--h2_typography-font-size);--awb-caption-title-transform:var(--h2_typography-text-transform);--awb-caption-title-line-height:var(--h2_typography-line-height);--awb-caption-title-letter-spacing:var(--h2_typography-letter-spacing);\"><div class=\"awb-image-frame awb-image-frame-3 imageframe-liftup hover-with-mask\"><span class=\" fusion-imageframe imageframe-none imageframe-3 has-mask\"><a class=\"fusion-no-lightbox\" href=\"https:\/\/www.laboratoiresactiva.com\/fr\/bien-etre-eclat-et-beaute\/\" target=\"_self\" aria-label=\"DSC_0152\"><img decoding=\"async\" width=\"2560\" height=\"1702\" data-src=\"https:\/\/www.laboratoiresactiva.com\/fr\/wp-content\/uploads\/2023\/10\/DSC_0152-scaled.jpeg\" alt class=\"img-responsive wp-image-18158 lazyload\" data-srcset=\"https:\/\/www.laboratoiresactiva.com\/fr\/wp-content\/uploads\/2023\/10\/DSC_0152-300x199.jpeg 300w, https:\/\/www.laboratoiresactiva.com\/fr\/wp-content\/uploads\/2023\/10\/DSC_0152-scaled.jpeg 2560w\" data-sizes=\"(max-width: 2560px) 100vw, 2560px\" src=\"data:image\/svg+xml;base64,PHN2ZyB3aWR0aD0iMSIgaGVpZ2h0PSIxIiB4bWxucz0iaHR0cDovL3d3dy53My5vcmcvMjAwMC9zdmciPjwvc3ZnPg==\" style=\"--smush-placeholder-width: 2560px; --smush-placeholder-aspect-ratio: 2560\/1702;\" \/><\/a><\/span><\/div><\/div><\/div><\/div><div class=\"fusion-layout-column fusion_builder_column_inner fusion-builder-nested-column-3 fusion_builder_column_inner_1_3 1_3 fusion-flex-column\" style=\"--awb-bg-size:cover;--awb-width-large:33.333333333333%;--awb-margin-top-large:0px;--awb-spacing-right-large:5.76%;--awb-margin-bottom-large:0px;--awb-spacing-left-large:5.76%;--awb-width-medium:100%;--awb-order-medium:0;--awb-spacing-right-medium:1.92%;--awb-spacing-left-medium:1.92%;--awb-width-small:100%;--awb-order-small:0;--awb-spacing-right-small:1.92%;--awb-spacing-left-small:1.92%;\"><div class=\"fusion-column-wrapper fusion-column-has-shadow fusion-flex-justify-content-flex-start fusion-content-layout-column\"><div class=\"fusion-image-element \" style=\"text-align:center;--awb-mask-url: url(https:\/\/www.laboratoiresactiva.com\/fr\/wp-content\/plugins\/fusion-builder\/\/assets\/images\/masks\/mask-15.svg);--awb-caption-title-font-family:var(--h2_typography-font-family);--awb-caption-title-font-weight:var(--h2_typography-font-weight);--awb-caption-title-font-style:var(--h2_typography-font-style);--awb-caption-title-size:var(--h2_typography-font-size);--awb-caption-title-transform:var(--h2_typography-text-transform);--awb-caption-title-line-height:var(--h2_typography-line-height);--awb-caption-title-letter-spacing:var(--h2_typography-letter-spacing);\"><div class=\"awb-image-frame awb-image-frame-4 imageframe-liftup hover-with-mask\"><span class=\" fusion-imageframe imageframe-none imageframe-4 has-mask\"><a class=\"fusion-no-lightbox\" href=\"https:\/\/www.laboratoiresactiva.com\/fr\/bien-etre-articulaire\/\" target=\"_self\" aria-label=\"Bien-\u00eatre Articulaire\"><img decoding=\"async\" width=\"2560\" height=\"1702\" alt=\"Bien-\u00eatre Articulaire\" data-src=\"https:\/\/www.laboratoiresactiva.com\/fr\/wp-content\/uploads\/2023\/04\/DSC_0107-min-scaled.jpg\" class=\"img-responsive wp-image-17687 lazyload\" data-srcset=\"https:\/\/www.laboratoiresactiva.com\/fr\/wp-content\/uploads\/2023\/04\/DSC_0107-min-200x133.jpg 200w, https:\/\/www.laboratoiresactiva.com\/fr\/wp-content\/uploads\/2023\/04\/DSC_0107-min-400x266.jpg 400w, https:\/\/www.laboratoiresactiva.com\/fr\/wp-content\/uploads\/2023\/04\/DSC_0107-min-600x399.jpg 600w, https:\/\/www.laboratoiresactiva.com\/fr\/wp-content\/uploads\/2023\/04\/DSC_0107-min-800x532.jpg 800w, https:\/\/www.laboratoiresactiva.com\/fr\/wp-content\/uploads\/2023\/04\/DSC_0107-min-1200x798.jpg 1200w, https:\/\/www.laboratoiresactiva.com\/fr\/wp-content\/uploads\/2023\/04\/DSC_0107-min-scaled.jpg 2560w\" data-sizes=\"(max-width: 1024px) 100vw, (max-width: 640px) 100vw, 400px\" src=\"data:image\/svg+xml;base64,PHN2ZyB3aWR0aD0iMSIgaGVpZ2h0PSIxIiB4bWxucz0iaHR0cDovL3d3dy53My5vcmcvMjAwMC9zdmciPjwvc3ZnPg==\" style=\"--smush-placeholder-width: 2560px; --smush-placeholder-aspect-ratio: 2560\/1702;\" \/><\/a><\/span><\/div><\/div><\/div><\/div><\/div><div class=\"fusion-title title fusion-title-3 fusion-sep-none fusion-title-center fusion-title-text fusion-title-size-three\" style=\"--awb-margin-top:70px;--awb-margin-bottom:50px;--awb-margin-top-small:70px;--awb-margin-bottom-small:50px;--awb-margin-top-medium:70px;--awb-margin-bottom-medium:50px;--awb-font-size:30px;\"><h3 class=\"fusion-title-heading title-heading-center fusion-responsive-typography-calculated\" style=\"font-family:&quot;Cosmos&quot;;font-style:normal;font-weight:400;margin:0;font-size:1em;letter-spacing:-1px;--fontSize:30;line-height:1.2;\"><p style=\"text-align: center;\">Notre savoir-faire \u00e0 votre service<\/p><\/h3><\/div><div class=\"fusion-video fusion-youtube\" style=\"--awb-max-width:600px;--awb-max-height:360px;--awb-align-self:center;--awb-width:100%;\"><div class=\"video-shortcode\"><div class=\"fluid-width-video-wrapper\" style=\"padding-top:60%;\" ><iframe title=\"YouTube video player 1\" data-src=\"https:\/\/www.youtube.com\/embed\/-PoJ4b3hStI?wmode=transparent&autoplay=0\" width=\"600\" height=\"360\" allowfullscreen allow=\"autoplay; fullscreen\" src=\"data:image\/svg+xml;base64,PHN2ZyB3aWR0aD0iMSIgaGVpZ2h0PSIxIiB4bWxucz0iaHR0cDovL3d3dy53My5vcmcvMjAwMC9zdmciPjwvc3ZnPg==\" class=\"lazyload\" data-load-mode=\"1\"><\/iframe><\/div><\/div><\/div><div class=\"fusion-text fusion-text-1\" style=\"--awb-content-alignment:center;--awb-font-size:25px;--awb-text-color:#113082;--awb-margin-top:50px;--awb-text-font-family:&quot;Cosmos&quot;;--awb-text-font-style:normal;--awb-text-font-weight:400;\"><p>Vous souhaitez nous poser une question ?<\/p>\n<\/div><div class=\"fusion-text fusion-text-2\"><p style=\"text-align: center;\">Nous sommes \u00e0 votre disposition pour y r\u00e9pondre.<\/p>\n<\/div><div class=\"fusion-social-links fusion-social-links-1\" style=\"--awb-margin-top:0px;--awb-margin-right:0px;--awb-margin-bottom:100px;--awb-margin-left:0px;--awb-alignment:center;--awb-box-border-top:0px;--awb-box-border-right:0px;--awb-box-border-bottom:0px;--awb-box-border-left:0px;--awb-icon-colors-hover:rgba(190,189,189,0.8);--awb-box-colors-hover:rgba(232,232,232,0.8);--awb-box-border-color:var(--awb-color3);--awb-box-border-color-hover:var(--awb-color4);\"><div class=\"fusion-social-networks boxed-icons color-type-brand\"><div class=\"fusion-social-networks-wrapper\"><a class=\"fusion-social-network-icon fusion-tooltip fusion-facebook awb-icon-facebook\" style=\"color:#ffffff;font-size:14px;width:14px;background-color:#3b5998;border-color:#3b5998;border-radius:0px;\" data-placement=\"top\" data-title=\"Facebook\" data-toggle=\"tooltip\" title=\"Facebook\" aria-label=\"facebook\" target=\"_blank\" rel=\"noopener noreferrer\" href=\"https:\/\/www.facebook.com\/LaboratoiresActiva\/\"><\/a><a class=\"fusion-social-network-icon fusion-tooltip fusion-instagram awb-icon-instagram\" style=\"color:#ffffff;font-size:14px;width:14px;background-color:#c13584;border-color:#c13584;border-radius:0px;\" data-placement=\"top\" data-title=\"Instagram\" data-toggle=\"tooltip\" title=\"Instagram\" aria-label=\"instagram\" target=\"_blank\" rel=\"noopener noreferrer\" href=\"https:\/\/www.instagram.com\/laboratoires_activa\/\"><\/a><a class=\"fusion-social-network-icon fusion-tooltip fusion-linkedin awb-icon-linkedin\" style=\"color:#ffffff;font-size:14px;width:14px;background-color:#0077b5;border-color:#0077b5;border-radius:0px;\" data-placement=\"top\" data-title=\"LinkedIn\" data-toggle=\"tooltip\" title=\"LinkedIn\" aria-label=\"linkedin\" target=\"_blank\" rel=\"noopener noreferrer\" href=\"https:\/\/www.linkedin.com\/company\/laboratoires-activa\/\"><\/a><a class=\"fusion-social-network-icon fusion-tooltip fusion-mail awb-icon-mail\" style=\"color:#ffffff;font-size:14px;width:14px;background-color:#000000;border-color:#000000;border-radius:0px;\" data-placement=\"top\" data-title=\"Email\" data-toggle=\"tooltip\" title=\"Email\" aria-label=\"mail\" target=\"_blank\" rel=\"noopener noreferrer\" href=\"mailto:&#099;on&#116;&#097;ct&#064;&#108;&#097;&#098;&#111;ra&#116;&#111;i&#114;e&#115;activ&#097;&#046;&#099;&#111;m\"><\/a><\/div><\/div><\/div><a class=\"fusion-modal-text-link\" data-toggle=\"modal\" data-target=\".fusion-modal.Avis Marque\" href=\"#\"><iframe id=\"AV_widget_iframe\" data-src=\"\/\/cl.avis-verifies.com\/fr\/cache\/f\/0\/e\/f0ee70d3-f6a2-e154-21e7-ba6bd4cea598\/widget4\/f0ee70d3-f6a2-e154-21e7-ba6bd4cea598horizontal_index.html\" width=\"100%\" height=\"100%\" frameborder=\"0\" src=\"data:image\/svg+xml;base64,PHN2ZyB3aWR0aD0iMSIgaGVpZ2h0PSIxIiB4bWxucz0iaHR0cDovL3d3dy53My5vcmcvMjAwMC9zdmciPjwvc3ZnPg==\" class=\"lazyload\" data-load-mode=\"1\"><\/iframe><\/a><\/div><\/div><\/div><\/div>\n","protected":false},"excerpt":{"rendered":"","protected":false},"author":4,"featured_media":0,"parent":0,"menu_order":0,"comment_status":"closed","ping_status":"closed","template":"","meta":{"_monsterinsights_skip_tracking":false,"_monsterinsights_sitenote_active":false,"_monsterinsights_sitenote_note":"","_monsterinsights_sitenote_category":0,"footnotes":""},"class_list":["post-18354","page","type-page","status-publish","hentry"],"yoast_head":"<!-- This site is optimized with the Yoast SEO plugin v27.4 - https:\/\/yoast.com\/product\/yoast-seo-wordpress\/ -->\n<title>QR Code Bien-\u00eatre Myorelax - Laboratoires Activa<\/title>\n<meta name=\"description\" content=\"D\u00e9couvrez les d\u00e9tails sur l&#039;utilisation du compl\u00e9ment Activa Bien-\u00eatre Myorelax. Cette cure est adapt\u00e9e aux femmes enceintes et allaitantes.\" \/>\n<meta name=\"robots\" content=\"index, follow, max-snippet:-1, max-image-preview:large, max-video-preview:-1\" \/>\n<link rel=\"canonical\" href=\"https:\/\/www.laboratoiresactiva.com\/fr\/qr-code-bien-etre-myorelax\/\" \/>\n<meta property=\"og:locale\" content=\"fr_FR\" \/>\n<meta property=\"og:type\" content=\"article\" \/>\n<meta property=\"og:title\" content=\"QR Code Bien-\u00eatre Myorelax - Laboratoires Activa\" \/>\n<meta property=\"og:description\" content=\"D\u00e9couvrez les d\u00e9tails sur l&#039;utilisation du compl\u00e9ment Activa Bien-\u00eatre Myorelax. Cette cure est adapt\u00e9e aux femmes enceintes et allaitantes.\" \/>\n<meta property=\"og:url\" content=\"https:\/\/www.laboratoiresactiva.com\/fr\/qr-code-bien-etre-myorelax\/\" \/>\n<meta property=\"og:site_name\" content=\"Laboratoires Activa\" \/>\n<meta property=\"article:modified_time\" content=\"2026-03-16T10:26:06+00:00\" \/>\n<meta name=\"twitter:card\" content=\"summary_large_image\" \/>\n<meta name=\"twitter:label1\" content=\"Dur\u00e9e de lecture estim\u00e9e\" \/>\n\t<meta name=\"twitter:data1\" content=\"2 minutes\" \/>\n<script type=\"application\/ld+json\" class=\"yoast-schema-graph\">{\"@context\":\"https:\\\/\\\/schema.org\",\"@graph\":[{\"@type\":\"WebPage\",\"@id\":\"https:\\\/\\\/www.laboratoiresactiva.com\\\/fr\\\/qr-code-bien-etre-myorelax\\\/\",\"url\":\"https:\\\/\\\/www.laboratoiresactiva.com\\\/fr\\\/qr-code-bien-etre-myorelax\\\/\",\"name\":\"QR Code Bien-\u00eatre Myorelax - Laboratoires Activa\",\"isPartOf\":{\"@id\":\"https:\\\/\\\/www.laboratoiresactiva.com\\\/fr\\\/#website\"},\"datePublished\":\"2024-02-08T10:16:28+00:00\",\"dateModified\":\"2026-03-16T10:26:06+00:00\",\"description\":\"D\u00e9couvrez les d\u00e9tails sur l'utilisation du compl\u00e9ment Activa Bien-\u00eatre Myorelax. Cette cure est adapt\u00e9e aux femmes enceintes et allaitantes.\",\"breadcrumb\":{\"@id\":\"https:\\\/\\\/www.laboratoiresactiva.com\\\/fr\\\/qr-code-bien-etre-myorelax\\\/#breadcrumb\"},\"inLanguage\":\"fr-FR\",\"potentialAction\":[{\"@type\":\"ReadAction\",\"target\":[\"https:\\\/\\\/www.laboratoiresactiva.com\\\/fr\\\/qr-code-bien-etre-myorelax\\\/\"]}]},{\"@type\":\"BreadcrumbList\",\"@id\":\"https:\\\/\\\/www.laboratoiresactiva.com\\\/fr\\\/qr-code-bien-etre-myorelax\\\/#breadcrumb\",\"itemListElement\":[{\"@type\":\"ListItem\",\"position\":1,\"name\":\"Accueil\",\"item\":\"https:\\\/\\\/www.laboratoiresactiva.com\\\/fr\\\/\"},{\"@type\":\"ListItem\",\"position\":2,\"name\":\"QR Code Bien-\u00eatre Myorelax\"}]},{\"@type\":\"WebSite\",\"@id\":\"https:\\\/\\\/www.laboratoiresactiva.com\\\/fr\\\/#website\",\"url\":\"https:\\\/\\\/www.laboratoiresactiva.com\\\/fr\\\/\",\"name\":\"Laboratoires Activa\",\"description\":\"Compl\u00e9ments Alimentaires 100% naturels\",\"potentialAction\":[{\"@type\":\"SearchAction\",\"target\":{\"@type\":\"EntryPoint\",\"urlTemplate\":\"https:\\\/\\\/www.laboratoiresactiva.com\\\/fr\\\/?s={search_term_string}\"},\"query-input\":{\"@type\":\"PropertyValueSpecification\",\"valueRequired\":true,\"valueName\":\"search_term_string\"}}],\"inLanguage\":\"fr-FR\"}]}<\/script>\n<!-- \/ Yoast SEO plugin. -->","yoast_head_json":{"title":"QR Code Bien-\u00eatre Myorelax - Laboratoires Activa","description":"D\u00e9couvrez les d\u00e9tails sur l'utilisation du compl\u00e9ment Activa Bien-\u00eatre Myorelax. Cette cure est adapt\u00e9e aux femmes enceintes et allaitantes.","robots":{"index":"index","follow":"follow","max-snippet":"max-snippet:-1","max-image-preview":"max-image-preview:large","max-video-preview":"max-video-preview:-1"},"canonical":"https:\/\/www.laboratoiresactiva.com\/fr\/qr-code-bien-etre-myorelax\/","og_locale":"fr_FR","og_type":"article","og_title":"QR Code Bien-\u00eatre Myorelax - Laboratoires Activa","og_description":"D\u00e9couvrez les d\u00e9tails sur l'utilisation du compl\u00e9ment Activa Bien-\u00eatre Myorelax. Cette cure est adapt\u00e9e aux femmes enceintes et allaitantes.","og_url":"https:\/\/www.laboratoiresactiva.com\/fr\/qr-code-bien-etre-myorelax\/","og_site_name":"Laboratoires Activa","article_modified_time":"2026-03-16T10:26:06+00:00","twitter_card":"summary_large_image","twitter_misc":{"Dur\u00e9e de lecture estim\u00e9e":"2 minutes"},"schema":{"@context":"https:\/\/schema.org","@graph":[{"@type":"WebPage","@id":"https:\/\/www.laboratoiresactiva.com\/fr\/qr-code-bien-etre-myorelax\/","url":"https:\/\/www.laboratoiresactiva.com\/fr\/qr-code-bien-etre-myorelax\/","name":"QR Code Bien-\u00eatre Myorelax - Laboratoires Activa","isPartOf":{"@id":"https:\/\/www.laboratoiresactiva.com\/fr\/#website"},"datePublished":"2024-02-08T10:16:28+00:00","dateModified":"2026-03-16T10:26:06+00:00","description":"D\u00e9couvrez les d\u00e9tails sur l'utilisation du compl\u00e9ment Activa Bien-\u00eatre Myorelax. Cette cure est adapt\u00e9e aux femmes enceintes et allaitantes.","breadcrumb":{"@id":"https:\/\/www.laboratoiresactiva.com\/fr\/qr-code-bien-etre-myorelax\/#breadcrumb"},"inLanguage":"fr-FR","potentialAction":[{"@type":"ReadAction","target":["https:\/\/www.laboratoiresactiva.com\/fr\/qr-code-bien-etre-myorelax\/"]}]},{"@type":"BreadcrumbList","@id":"https:\/\/www.laboratoiresactiva.com\/fr\/qr-code-bien-etre-myorelax\/#breadcrumb","itemListElement":[{"@type":"ListItem","position":1,"name":"Accueil","item":"https:\/\/www.laboratoiresactiva.com\/fr\/"},{"@type":"ListItem","position":2,"name":"QR Code Bien-\u00eatre Myorelax"}]},{"@type":"WebSite","@id":"https:\/\/www.laboratoiresactiva.com\/fr\/#website","url":"https:\/\/www.laboratoiresactiva.com\/fr\/","name":"Laboratoires Activa","description":"Compl\u00e9ments Alimentaires 100% naturels","potentialAction":[{"@type":"SearchAction","target":{"@type":"EntryPoint","urlTemplate":"https:\/\/www.laboratoiresactiva.com\/fr\/?s={search_term_string}"},"query-input":{"@type":"PropertyValueSpecification","valueRequired":true,"valueName":"search_term_string"}}],"inLanguage":"fr-FR"}]}},"jetpack_sharing_enabled":true,"_links":{"self":[{"href":"https:\/\/www.laboratoiresactiva.com\/fr\/wp-json\/wp\/v2\/pages\/18354","targetHints":{"allow":["GET"]}}],"collection":[{"href":"https:\/\/www.laboratoiresactiva.com\/fr\/wp-json\/wp\/v2\/pages"}],"about":[{"href":"https:\/\/www.laboratoiresactiva.com\/fr\/wp-json\/wp\/v2\/types\/page"}],"author":[{"embeddable":true,"href":"https:\/\/www.laboratoiresactiva.com\/fr\/wp-json\/wp\/v2\/users\/4"}],"replies":[{"embeddable":true,"href":"https:\/\/www.laboratoiresactiva.com\/fr\/wp-json\/wp\/v2\/comments?post=18354"}],"version-history":[{"count":12,"href":"https:\/\/www.laboratoiresactiva.com\/fr\/wp-json\/wp\/v2\/pages\/18354\/revisions"}],"predecessor-version":[{"id":27931,"href":"https:\/\/www.laboratoiresactiva.com\/fr\/wp-json\/wp\/v2\/pages\/18354\/revisions\/27931"}],"wp:attachment":[{"href":"https:\/\/www.laboratoiresactiva.com\/fr\/wp-json\/wp\/v2\/media?parent=18354"}],"curies":[{"name":"wp","href":"https:\/\/api.w.org\/{rel}","templated":true}]}}