{"id":19046,"date":"2025-03-20T16:05:41","date_gmt":"2025-03-20T15:05:41","guid":{"rendered":"https:\/\/www.laboratoiresactiva.com\/fr\/?page_id=19046"},"modified":"2025-10-09T17:44:38","modified_gmt":"2025-10-09T15:44:38","slug":"gamme-activa-nutrilab","status":"publish","type":"page","link":"https:\/\/www.laboratoiresactiva.com\/fr\/gamme-activa-nutrilab\/","title":{"rendered":"Gamme Activa Nutrilab"},"content":{"rendered":"<div class=\"fusion-fullwidth fullwidth-box fusion-builder-row-1 has-pattern-background has-mask-background fusion-parallax-none hundred-percent-fullwidth non-hundred-percent-height-scrolling\" style=\"--awb-border-radius-top-left:0px;--awb-border-radius-top-right:0px;--awb-border-radius-bottom-right:0px;--awb-border-radius-bottom-left:0px;--awb-padding-bottom:50px;--awb-background-image:url(&quot;https:\/\/www.laboratoiresactiva.com\/fr\/wp-content\/uploads\/2025\/03\/nutrilab.png&quot;);--awb-background-size:cover;--awb-flex-wrap:wrap;\" ><div class=\"fusion-builder-row fusion-row\"><div class=\"fusion-layout-column fusion_builder_column fusion-builder-column-0 fusion_builder_column_1_1 1_1 fusion-one-full fusion-column-first fusion-column-last\" style=\"--awb-padding-top:150px;--awb-padding-bottom:150px;--awb-bg-blend:overlay;--awb-bg-size:cover;\"><div class=\"fusion-column-wrapper fusion-flex-column-wrapper-legacy\"><div class=\"fusion-text fusion-text-1\"><h1 style=\"text-align: left;\"><strong><span style=\"color: #ffffff;\">Gamme Activa<\/span><\/strong><\/h1>\n<h1 style=\"text-align: left;\"><strong><span style=\"color: #ffffff;\">Nutrilab\u00a0<\/span><\/strong><\/h1>\n<\/div><div class=\"fusion-clearfix\"><\/div><\/div><\/div><\/div><\/div><div class=\"fusion-fullwidth fullwidth-box fusion-builder-row-2 nonhundred-percent-fullwidth non-hundred-percent-height-scrolling\" style=\"--awb-border-sizes-top:0px;--awb-border-sizes-bottom:0px;--awb-border-sizes-left:0px;--awb-border-sizes-right:0px;--awb-border-radius-top-left:0px;--awb-border-radius-top-right:0px;--awb-border-radius-bottom-right:0px;--awb-border-radius-bottom-left:0px;--awb-padding-top:50px;--awb-padding-bottom:50px;--awb-flex-wrap:wrap;\" ><div class=\"fusion-builder-row fusion-row\"><div class=\"fusion-layout-column fusion_builder_column fusion-builder-column-1 fusion_builder_column_1_1 1_1 fusion-one-full fusion-column-first fusion-column-last\" style=\"--awb-bg-blend:overlay;--awb-bg-size:cover;\"><div class=\"fusion-column-wrapper fusion-flex-column-wrapper-legacy\"><div class=\"fusion-text fusion-text-2\"><h2 class=\"fusion-responsive-typography-calculated\" style=\"text-align: center; --fontsize: 40; line-height: 1.2;\" data-fontsize=\"40\" data-lineheight=\"48px\">Pour une action approfondie<\/h2>\n<h4 class=\"fusion-responsive-typography-calculated\" style=\"text-align: center; --fontsize: 22; line-height: 1.2; --minfontsize: 22;\" data-fontsize=\"22\" data-lineheight=\"26.4px\"><span dir=\"ltr\" role=\"presentation\">Des solutions issues de la recherche <\/span><span dir=\"ltr\" role=\"presentation\">endocellulaire des laboratoires Nutrilab en <\/span><span dir=\"ltr\" role=\"presentation\">collaboration avec les Laboratoires Activa.<\/span><\/h4>\n<\/div><div class=\"fusion-clearfix\"><\/div><\/div><\/div><\/div><\/div><div class=\"fusion-fullwidth fullwidth-box fusion-builder-row-3 hundred-percent-fullwidth non-hundred-percent-height-scrolling fusion-equal-height-columns\" style=\"--awb-border-radius-top-left:0px;--awb-border-radius-top-right:0px;--awb-border-radius-bottom-right:0px;--awb-border-radius-bottom-left:0px;--awb-flex-wrap:wrap;\" ><div class=\"fusion-builder-row fusion-row\"><div class=\"fusion-layout-column fusion_builder_column fusion-builder-column-2 fusion_builder_column_1_4 1_4 fusion-one-fourth fusion-column-first\" style=\"--awb-padding-bottom:20px;--awb-padding-left:50px;--awb-bg-position:center center;--awb-bg-blend:overlay;--awb-bg-size:cover;width:25%;width:calc(25% - ( ( 4% ) * 0.25 ) );margin-right: 4%;\"><div class=\"fusion-column-wrapper fusion-flex-column-wrapper-legacy\"><div class=\"fusion-image-element in-legacy-container\" style=\"--awb-caption-title-font-family:var(--h2_typography-font-family);--awb-caption-title-font-weight:var(--h2_typography-font-weight);--awb-caption-title-font-style:var(--h2_typography-font-style);--awb-caption-title-size:var(--h2_typography-font-size);--awb-caption-title-transform:var(--h2_typography-text-transform);--awb-caption-title-line-height:var(--h2_typography-line-height);--awb-caption-title-letter-spacing:var(--h2_typography-letter-spacing);\"><span class=\" fusion-imageframe imageframe-none imageframe-1 hover-type-zoomin\"><a class=\"fusion-no-lightbox\" href=\"https:\/\/www.laboratoiresactiva.com\/fr\/nutri-endo-plus\/\" target=\"_self\" aria-label=\"ENDO+-3D PACKS FR SF\"><img decoding=\"async\" width=\"961\" height=\"1074\" alt=\"Nutri Endo Plus\" data-src=\"https:\/\/www.laboratoiresactiva.com\/fr\/wp-content\/uploads\/2025\/03\/ENDO-3D-PACKS-FR-SF.png\" class=\"img-responsive wp-image-19050 lazyload\" data-srcset=\"https:\/\/www.laboratoiresactiva.com\/fr\/wp-content\/uploads\/2025\/03\/ENDO-3D-PACKS-FR-SF-200x224.png 200w, https:\/\/www.laboratoiresactiva.com\/fr\/wp-content\/uploads\/2025\/03\/ENDO-3D-PACKS-FR-SF-400x447.png 400w, https:\/\/www.laboratoiresactiva.com\/fr\/wp-content\/uploads\/2025\/03\/ENDO-3D-PACKS-FR-SF-600x671.png 600w, https:\/\/www.laboratoiresactiva.com\/fr\/wp-content\/uploads\/2025\/03\/ENDO-3D-PACKS-FR-SF-800x894.png 800w, https:\/\/www.laboratoiresactiva.com\/fr\/wp-content\/uploads\/2025\/03\/ENDO-3D-PACKS-FR-SF.png 961w\" data-sizes=\"(max-width: 883px) 100vw, 400px\" src=\"data:image\/svg+xml;base64,PHN2ZyB3aWR0aD0iMSIgaGVpZ2h0PSIxIiB4bWxucz0iaHR0cDovL3d3dy53My5vcmcvMjAwMC9zdmciPjwvc3ZnPg==\" style=\"--smush-placeholder-width: 961px; --smush-placeholder-aspect-ratio: 961\/1074;\" \/><\/a><\/span><\/div><div class=\"fusion-text fusion-text-3\"><p style=\"text-align: center;\">Nutri Endo Plus<\/p>\n<\/div><div class=\"fusion-clearfix\"><\/div><\/div><\/div><\/div><\/div><div class=\"fusion-fullwidth fullwidth-box fusion-builder-row-4 fusion-flex-container has-pattern-background has-mask-background nonhundred-percent-fullwidth non-hundred-percent-height-scrolling\" style=\"--awb-border-radius-top-left:0px;--awb-border-radius-top-right:0px;--awb-border-radius-bottom-right:0px;--awb-border-radius-bottom-left:0px;--awb-flex-wrap:wrap;\" ><div class=\"fusion-builder-row fusion-row fusion-flex-align-items-flex-start fusion-flex-content-wrap\" style=\"max-width:1144px;margin-left: calc(-4% \/ 2 );margin-right: calc(-4% \/ 2 );\"><div class=\"fusion-layout-column fusion_builder_column fusion-builder-column-3 fusion_builder_column_1_4 1_4 fusion-flex-column\" style=\"--awb-bg-size:cover;--awb-width-large:25%;--awb-margin-top-large:0px;--awb-spacing-right-large:7.68%;--awb-margin-bottom-large:0px;--awb-spacing-left-large:7.68%;--awb-width-medium:100%;--awb-order-medium:0;--awb-spacing-right-medium:1.92%;--awb-spacing-left-medium:1.92%;--awb-width-small:100%;--awb-order-small:0;--awb-spacing-right-small:1.92%;--awb-spacing-left-small:1.92%;\"><div class=\"fusion-column-wrapper fusion-column-has-shadow fusion-flex-justify-content-flex-start fusion-content-layout-column\"><\/div><\/div><div class=\"fusion-layout-column fusion_builder_column fusion-builder-column-4 fusion_builder_column_2_5 2_5 fusion-flex-column\" style=\"--awb-bg-size:cover;--awb-width-large:40%;--awb-margin-top-large:0px;--awb-spacing-right-large:4.8%;--awb-margin-bottom-large:0px;--awb-spacing-left-large:4.8%;--awb-width-medium:100%;--awb-order-medium:0;--awb-spacing-right-medium:1.92%;--awb-spacing-left-medium:1.92%;--awb-width-small:100%;--awb-order-small:0;--awb-spacing-right-small:1.92%;--awb-spacing-left-small:1.92%;\"><div class=\"fusion-column-wrapper fusion-column-has-shadow fusion-flex-justify-content-flex-start fusion-content-layout-column\"><div style=\"text-align:center;\"><a class=\"fusion-button button-flat button-large button-custom fusion-button-default button-1 fusion-button-span-yes fusion-button-default-type\" style=\"--button_accent_color:#ffffff;--button_border_color:#ffffff;--button_accent_hover_color:#999999;--button_border_hover_color:#113082;--button-border-radius-top-left:2px;--button-border-radius-top-right:2px;--button-border-radius-bottom-right:2px;--button-border-radius-bottom-left:2px;--button_gradient_top_color:#113082;--button_gradient_bottom_color:#113082;--button_gradient_top_color_hover:#ffffff;--button_gradient_bottom_color_hover:#ffffff;\" target=\"_self\" href=\"https:\/\/activaacademy.aflip.in\/50e2e48dac.html\"><span class=\"fusion-button-text\">T\u00c9L\u00c9CHARGER LE CATALOGUE<\/span><\/a><\/div><div class=\"fusion-separator fusion-full-width-sep\" style=\"align-self: center;margin-left: auto;margin-right: auto;margin-bottom:50PX;width:100%;\"><div class=\"fusion-separator-border sep-double\" style=\"--awb-height:20px;--awb-amount:20px;--awb-sep-color:#ffffff;border-color:#ffffff;border-top-width:1px;border-bottom-width:1px;\"><\/div><\/div><\/div><\/div><div class=\"fusion-layout-column fusion_builder_column fusion-builder-column-5 fusion_builder_column_1_4 1_4 fusion-flex-column\" style=\"--awb-bg-size:cover;--awb-width-large:25%;--awb-margin-top-large:0px;--awb-spacing-right-large:7.68%;--awb-margin-bottom-large:0px;--awb-spacing-left-large:7.68%;--awb-width-medium:100%;--awb-order-medium:0;--awb-spacing-right-medium:1.92%;--awb-spacing-left-medium:1.92%;--awb-width-small:100%;--awb-order-small:0;--awb-spacing-right-small:1.92%;--awb-spacing-left-small:1.92%;\"><div class=\"fusion-column-wrapper fusion-column-has-shadow fusion-flex-justify-content-flex-start fusion-content-layout-column\"><\/div><\/div><\/div><\/div><div class=\"fusion-fullwidth fullwidth-box fusion-builder-row-5 fusion-flex-container has-pattern-background has-mask-background nonhundred-percent-fullwidth non-hundred-percent-height-scrolling\" style=\"--awb-border-radius-top-left:0px;--awb-border-radius-top-right:0px;--awb-border-radius-bottom-right:0px;--awb-border-radius-bottom-left:0px;--awb-flex-wrap:wrap;\" ><div class=\"fusion-builder-row fusion-row fusion-flex-align-items-flex-start fusion-flex-content-wrap\" style=\"max-width:1144px;margin-left: calc(-4% \/ 2 );margin-right: calc(-4% \/ 2 );\"><div class=\"fusion-layout-column fusion_builder_column fusion-builder-column-6 fusion_builder_column_1_1 1_1 fusion-flex-column\" style=\"--awb-bg-size:cover;--awb-width-large:100%;--awb-margin-top-large:0px;--awb-spacing-right-large:1.92%;--awb-margin-bottom-large:0px;--awb-spacing-left-large:1.92%;--awb-width-medium:100%;--awb-order-medium:0;--awb-spacing-right-medium:1.92%;--awb-spacing-left-medium:1.92%;--awb-width-small:100%;--awb-order-small:0;--awb-spacing-right-small:1.92%;--awb-spacing-left-small:1.92%;\"><div class=\"fusion-column-wrapper fusion-column-has-shadow fusion-flex-justify-content-flex-start fusion-content-layout-column\"><\/div><\/div><\/div><\/div>\n","protected":false},"excerpt":{"rendered":"","protected":false},"author":3,"featured_media":0,"parent":0,"menu_order":0,"comment_status":"closed","ping_status":"closed","template":"100-width.php","meta":{"_monsterinsights_skip_tracking":false,"_monsterinsights_sitenote_active":false,"_monsterinsights_sitenote_note":"","_monsterinsights_sitenote_category":0,"footnotes":""},"class_list":["post-19046","page","type-page","status-publish","hentry"],"yoast_head":"<!-- This site is optimized with the Yoast SEO plugin v27.3 - https:\/\/yoast.com\/product\/yoast-seo-wordpress\/ -->\n<title>Gamme Activa Nutrilab - Laboratoires Activa<\/title>\n<meta name=\"description\" content=\"La gamme Activa Nutrilab est formul\u00e9e \u00e0 partir d&#039;une approche scientifique bas\u00e9e sur la communication cellulaire afin d&#039;am\u00e9liorer durablement le confort.\" \/>\n<meta name=\"robots\" content=\"index, follow, max-snippet:-1, max-image-preview:large, max-video-preview:-1\" \/>\n<link rel=\"canonical\" href=\"https:\/\/www.laboratoiresactiva.com\/fr\/gamme-activa-nutrilab\/\" \/>\n<meta property=\"og:locale\" content=\"fr_FR\" \/>\n<meta property=\"og:type\" content=\"article\" \/>\n<meta property=\"og:title\" content=\"Gamme Activa Nutrilab - Laboratoires Activa\" \/>\n<meta property=\"og:description\" content=\"La gamme Activa Nutrilab est formul\u00e9e \u00e0 partir d&#039;une approche scientifique bas\u00e9e sur la communication cellulaire afin d&#039;am\u00e9liorer durablement le confort.\" \/>\n<meta property=\"og:url\" content=\"https:\/\/www.laboratoiresactiva.com\/fr\/gamme-activa-nutrilab\/\" \/>\n<meta property=\"og:site_name\" content=\"Laboratoires Activa\" \/>\n<meta property=\"article:modified_time\" content=\"2025-10-09T15:44:38+00:00\" \/>\n<meta name=\"twitter:card\" content=\"summary_large_image\" \/>\n<meta name=\"twitter:label1\" content=\"Dur\u00e9e de lecture estim\u00e9e\" \/>\n\t<meta name=\"twitter:data1\" content=\"1 minute\" \/>\n<script type=\"application\/ld+json\" class=\"yoast-schema-graph\">{\"@context\":\"https:\\\/\\\/schema.org\",\"@graph\":[{\"@type\":\"WebPage\",\"@id\":\"https:\\\/\\\/www.laboratoiresactiva.com\\\/fr\\\/gamme-activa-nutrilab\\\/\",\"url\":\"https:\\\/\\\/www.laboratoiresactiva.com\\\/fr\\\/gamme-activa-nutrilab\\\/\",\"name\":\"Gamme Activa Nutrilab - Laboratoires Activa\",\"isPartOf\":{\"@id\":\"https:\\\/\\\/www.laboratoiresactiva.com\\\/fr\\\/#website\"},\"datePublished\":\"2025-03-20T15:05:41+00:00\",\"dateModified\":\"2025-10-09T15:44:38+00:00\",\"description\":\"La gamme Activa Nutrilab est formul\u00e9e \u00e0 partir d'une approche scientifique bas\u00e9e sur la communication cellulaire afin d'am\u00e9liorer durablement le confort.\",\"breadcrumb\":{\"@id\":\"https:\\\/\\\/www.laboratoiresactiva.com\\\/fr\\\/gamme-activa-nutrilab\\\/#breadcrumb\"},\"inLanguage\":\"fr-FR\",\"potentialAction\":[{\"@type\":\"ReadAction\",\"target\":[\"https:\\\/\\\/www.laboratoiresactiva.com\\\/fr\\\/gamme-activa-nutrilab\\\/\"]}]},{\"@type\":\"BreadcrumbList\",\"@id\":\"https:\\\/\\\/www.laboratoiresactiva.com\\\/fr\\\/gamme-activa-nutrilab\\\/#breadcrumb\",\"itemListElement\":[{\"@type\":\"ListItem\",\"position\":1,\"name\":\"Accueil\",\"item\":\"https:\\\/\\\/www.laboratoiresactiva.com\\\/fr\\\/\"},{\"@type\":\"ListItem\",\"position\":2,\"name\":\"Gamme Activa Nutrilab\"}]},{\"@type\":\"WebSite\",\"@id\":\"https:\\\/\\\/www.laboratoiresactiva.com\\\/fr\\\/#website\",\"url\":\"https:\\\/\\\/www.laboratoiresactiva.com\\\/fr\\\/\",\"name\":\"Laboratoires Activa\",\"description\":\"Compl\u00e9ments Alimentaires 100% naturels\",\"potentialAction\":[{\"@type\":\"SearchAction\",\"target\":{\"@type\":\"EntryPoint\",\"urlTemplate\":\"https:\\\/\\\/www.laboratoiresactiva.com\\\/fr\\\/?s={search_term_string}\"},\"query-input\":{\"@type\":\"PropertyValueSpecification\",\"valueRequired\":true,\"valueName\":\"search_term_string\"}}],\"inLanguage\":\"fr-FR\"}]}<\/script>\n<!-- \/ Yoast SEO plugin. -->","yoast_head_json":{"title":"Gamme Activa Nutrilab - Laboratoires Activa","description":"La gamme Activa Nutrilab est formul\u00e9e \u00e0 partir d'une approche scientifique bas\u00e9e sur la communication cellulaire afin d'am\u00e9liorer durablement le confort.","robots":{"index":"index","follow":"follow","max-snippet":"max-snippet:-1","max-image-preview":"max-image-preview:large","max-video-preview":"max-video-preview:-1"},"canonical":"https:\/\/www.laboratoiresactiva.com\/fr\/gamme-activa-nutrilab\/","og_locale":"fr_FR","og_type":"article","og_title":"Gamme Activa Nutrilab - Laboratoires Activa","og_description":"La gamme Activa Nutrilab est formul\u00e9e \u00e0 partir d'une approche scientifique bas\u00e9e sur la communication cellulaire afin d'am\u00e9liorer durablement le confort.","og_url":"https:\/\/www.laboratoiresactiva.com\/fr\/gamme-activa-nutrilab\/","og_site_name":"Laboratoires Activa","article_modified_time":"2025-10-09T15:44:38+00:00","twitter_card":"summary_large_image","twitter_misc":{"Dur\u00e9e de lecture estim\u00e9e":"1 minute"},"schema":{"@context":"https:\/\/schema.org","@graph":[{"@type":"WebPage","@id":"https:\/\/www.laboratoiresactiva.com\/fr\/gamme-activa-nutrilab\/","url":"https:\/\/www.laboratoiresactiva.com\/fr\/gamme-activa-nutrilab\/","name":"Gamme Activa Nutrilab - Laboratoires Activa","isPartOf":{"@id":"https:\/\/www.laboratoiresactiva.com\/fr\/#website"},"datePublished":"2025-03-20T15:05:41+00:00","dateModified":"2025-10-09T15:44:38+00:00","description":"La gamme Activa Nutrilab est formul\u00e9e \u00e0 partir d'une approche scientifique bas\u00e9e sur la communication cellulaire afin d'am\u00e9liorer durablement le confort.","breadcrumb":{"@id":"https:\/\/www.laboratoiresactiva.com\/fr\/gamme-activa-nutrilab\/#breadcrumb"},"inLanguage":"fr-FR","potentialAction":[{"@type":"ReadAction","target":["https:\/\/www.laboratoiresactiva.com\/fr\/gamme-activa-nutrilab\/"]}]},{"@type":"BreadcrumbList","@id":"https:\/\/www.laboratoiresactiva.com\/fr\/gamme-activa-nutrilab\/#breadcrumb","itemListElement":[{"@type":"ListItem","position":1,"name":"Accueil","item":"https:\/\/www.laboratoiresactiva.com\/fr\/"},{"@type":"ListItem","position":2,"name":"Gamme Activa Nutrilab"}]},{"@type":"WebSite","@id":"https:\/\/www.laboratoiresactiva.com\/fr\/#website","url":"https:\/\/www.laboratoiresactiva.com\/fr\/","name":"Laboratoires Activa","description":"Compl\u00e9ments Alimentaires 100% naturels","potentialAction":[{"@type":"SearchAction","target":{"@type":"EntryPoint","urlTemplate":"https:\/\/www.laboratoiresactiva.com\/fr\/?s={search_term_string}"},"query-input":{"@type":"PropertyValueSpecification","valueRequired":true,"valueName":"search_term_string"}}],"inLanguage":"fr-FR"}]}},"jetpack_sharing_enabled":true,"_links":{"self":[{"href":"https:\/\/www.laboratoiresactiva.com\/fr\/wp-json\/wp\/v2\/pages\/19046","targetHints":{"allow":["GET"]}}],"collection":[{"href":"https:\/\/www.laboratoiresactiva.com\/fr\/wp-json\/wp\/v2\/pages"}],"about":[{"href":"https:\/\/www.laboratoiresactiva.com\/fr\/wp-json\/wp\/v2\/types\/page"}],"author":[{"embeddable":true,"href":"https:\/\/www.laboratoiresactiva.com\/fr\/wp-json\/wp\/v2\/users\/3"}],"replies":[{"embeddable":true,"href":"https:\/\/www.laboratoiresactiva.com\/fr\/wp-json\/wp\/v2\/comments?post=19046"}],"version-history":[{"count":12,"href":"https:\/\/www.laboratoiresactiva.com\/fr\/wp-json\/wp\/v2\/pages\/19046\/revisions"}],"predecessor-version":[{"id":19052,"href":"https:\/\/www.laboratoiresactiva.com\/fr\/wp-json\/wp\/v2\/pages\/19046\/revisions\/19052"}],"wp:attachment":[{"href":"https:\/\/www.laboratoiresactiva.com\/fr\/wp-json\/wp\/v2\/media?parent=19046"}],"curies":[{"name":"wp","href":"https:\/\/api.w.org\/{rel}","templated":true}]}}