{"id":1925,"date":"2019-02-01T14:45:35","date_gmt":"2019-02-01T13:45:35","guid":{"rendered":"https:\/\/www.laboratoiresactiva.com\/fr\/?page_id=1925"},"modified":"2026-04-21T12:48:33","modified_gmt":"2026-04-21T10:48:33","slug":"cure-sportive","status":"publish","type":"page","link":"https:\/\/www.laboratoiresactiva.com\/fr\/cure-sportive\/","title":{"rendered":"Gamme Human Structure"},"content":{"rendered":"<div class=\"fusion-fullwidth fullwidth-box fusion-builder-row-1 fusion-parallax-none hundred-percent-fullwidth non-hundred-percent-height-scrolling\" style=\"--awb-border-radius-top-left:0px;--awb-border-radius-top-right:0px;--awb-border-radius-bottom-right:0px;--awb-border-radius-bottom-left:0px;--awb-padding-bottom:50px;--awb-background-image:url(&quot;https:\/\/www.laboratoiresactiva.com\/fr\/wp-content\/uploads\/2019\/04\/Fotolia_259957320_Subscription_Monthly_M.jpg&quot;);--awb-background-size:cover;--awb-flex-wrap:wrap;\" ><div class=\"fusion-builder-row fusion-row\"><div class=\"fusion-layout-column fusion_builder_column fusion-builder-column-0 fusion_builder_column_1_1 1_1 fusion-one-full fusion-column-first fusion-column-last\" style=\"--awb-padding-top:150px;--awb-padding-bottom:150px;--awb-bg-size:cover;\"><div class=\"fusion-column-wrapper fusion-flex-column-wrapper-legacy\"><div class=\"fusion-text fusion-text-1\"><h1 style=\"text-align: left;\"><strong><span style=\"color: #ffffff;\">Gamme<br \/>\nHuman Structure\u00a0<\/span><\/strong><\/h1>\n<\/div><div class=\"fusion-clearfix\"><\/div><\/div><\/div><\/div><\/div><div class=\"fusion-fullwidth fullwidth-box fusion-builder-row-2 nonhundred-percent-fullwidth non-hundred-percent-height-scrolling\" style=\"--awb-border-radius-top-left:0px;--awb-border-radius-top-right:0px;--awb-border-radius-bottom-right:0px;--awb-border-radius-bottom-left:0px;--awb-padding-top:50px;--awb-padding-bottom:50px;--awb-flex-wrap:wrap;\" ><div class=\"fusion-builder-row fusion-row\"><div class=\"fusion-layout-column fusion_builder_column fusion-builder-column-1 fusion_builder_column_1_1 1_1 fusion-one-full fusion-column-first fusion-column-last\" style=\"--awb-bg-size:cover;\"><div class=\"fusion-column-wrapper fusion-flex-column-wrapper-legacy\"><div class=\"fusion-text fusion-text-2\"><h2 style=\"text-align: center;\">Pour \u00e9quilibrer parfaitement votre corps<\/h2>\n<p style=\"text-align: center;\">Gamme de compl\u00e9ments alimentaires \u00e9tudi\u00e9e pour prendre en charge l\u2019\u00eatre humain dans sa globalit\u00e9, avec toute la complexit\u00e9 des interactions entre les diff\u00e9rents syst\u00e8mes des organismes. 6 produits pour agir sur chaque sph\u00e8re, lipides, prot\u00e9ines, glucides et syst\u00e8me antioxydant pour que le corps retrouve durablement toute son \u00e9nergie. Le concept Human structure est une gamme tout particuli\u00e8rement \u00e9tudi\u00e9e pour les sportifs.<\/p>\n<\/div><div class=\"fusion-clearfix\"><\/div><\/div><\/div><div class=\"fusion-layout-column fusion_builder_column fusion-builder-column-2 fusion_builder_column_1_1 1_1 fusion-one-full fusion-column-first fusion-column-last\" style=\"--awb-bg-size:cover;\"><div class=\"fusion-column-wrapper fusion-column-has-shadow fusion-flex-column-wrapper-legacy\"><div class=\"fusion-aligncenter\"><a class=\"fusion-button button-flat button-large button-custom fusion-button-default button-1 fusion-button-default-span \" style=\"--button_accent_color:#ffffff;--button_border_color:#ffffff;--button_accent_hover_color:#ffffff;--button_border_hover_color:#ffffff;--button-border-radius-top-left:2px;--button-border-radius-top-right:2px;--button-border-radius-bottom-right:2px;--button-border-radius-bottom-left:2px;--button_gradient_top_color:#113082;--button_gradient_bottom_color:#113082;--button_gradient_top_color_hover:#406da4;--button_gradient_bottom_color_hover:#406da4;\" target=\"_blank\" rel=\"noopener noreferrer\" href=\"https:\/\/activaacademy.aflip.in\/50e2e48dac.html\"><span class=\"fusion-button-text\">T\u00e9l\u00e9charger le catalogue<\/span><\/a><\/div><div class=\"fusion-clearfix\"><\/div><\/div><\/div><\/div><\/div><div class=\"fusion-fullwidth fullwidth-box fusion-builder-row-3 hundred-percent-fullwidth non-hundred-percent-height-scrolling fusion-equal-height-columns\" style=\"--awb-border-radius-top-left:0px;--awb-border-radius-top-right:0px;--awb-border-radius-bottom-right:0px;--awb-border-radius-bottom-left:0px;--awb-flex-wrap:wrap;\" ><div class=\"fusion-builder-row fusion-row\"><div class=\"fusion-layout-column fusion_builder_column fusion-builder-column-3 fusion_builder_column_1_5 1_5 fusion-one-fifth fusion-column-first\" style=\"--awb-padding-bottom:50px;--awb-padding-left:50px;--awb-bg-position:center center;--awb-bg-size:cover;width:20%;width:calc(20% - ( ( 4% + 4% + 4% + 4% ) * 0.2 ) );margin-right: 4%;\"><div class=\"fusion-column-wrapper fusion-flex-column-wrapper-legacy\"><div class=\"fusion-clearfix\"><\/div><\/div><\/div><div class=\"fusion-layout-column fusion_builder_column fusion-builder-column-4 fusion_builder_column_1_5 1_5 fusion-one-fifth\" style=\"--awb-padding-bottom:50px;--awb-padding-left:50px;--awb-bg-position:center center;--awb-bg-size:cover;width:20%;width:calc(20% - ( ( 4% + 4% + 4% + 4% ) * 0.2 ) );margin-right: 4%;\"><div class=\"fusion-column-wrapper fusion-flex-column-wrapper-legacy\"><div class=\"fusion-image-element in-legacy-container\" style=\"--awb-caption-title-font-family:var(--h2_typography-font-family);--awb-caption-title-font-weight:var(--h2_typography-font-weight);--awb-caption-title-font-style:var(--h2_typography-font-style);--awb-caption-title-size:var(--h2_typography-font-size);--awb-caption-title-transform:var(--h2_typography-text-transform);--awb-caption-title-line-height:var(--h2_typography-line-height);--awb-caption-title-letter-spacing:var(--h2_typography-letter-spacing);\"><span class=\" fusion-imageframe imageframe-none imageframe-2 hover-type-zoomin\"><a class=\"fusion-no-lightbox\" href=\"https:\/\/www.laboratoiresactiva.com\/fr\/human-structure-glucidotonic\/\" target=\"_self\" aria-label=\"6\"><img decoding=\"async\" width=\"600\" height=\"569\" data-src=\"https:\/\/www.laboratoiresactiva.com\/fr\/wp-content\/uploads\/2026\/04\/6-1.png\" alt class=\"img-responsive wp-image-28030 lazyload\" data-srcset=\"https:\/\/www.laboratoiresactiva.com\/fr\/wp-content\/uploads\/2026\/04\/6-1-200x190.png 200w, https:\/\/www.laboratoiresactiva.com\/fr\/wp-content\/uploads\/2026\/04\/6-1-400x379.png 400w, https:\/\/www.laboratoiresactiva.com\/fr\/wp-content\/uploads\/2026\/04\/6-1.png 600w\" data-sizes=\"(max-width: 883px) 100vw, 200px\" src=\"data:image\/svg+xml;base64,PHN2ZyB3aWR0aD0iMSIgaGVpZ2h0PSIxIiB4bWxucz0iaHR0cDovL3d3dy53My5vcmcvMjAwMC9zdmciPjwvc3ZnPg==\" style=\"--smush-placeholder-width: 600px; --smush-placeholder-aspect-ratio: 600\/569;\" \/><\/a><\/span><\/div><div class=\"fusion-text fusion-text-3\"><p style=\"text-align: center;\"><a href=\"https:\/\/www.laboratoiresactiva.com\/fr\/human-structure-glucidotonic\/\">Human Stucture Glucidotonic<\/a><\/p>\n<\/div><div class=\"fusion-clearfix\"><\/div><\/div><\/div><div class=\"fusion-layout-column fusion_builder_column fusion-builder-column-5 fusion_builder_column_1_5 1_5 fusion-one-fifth\" style=\"--awb-padding-bottom:50px;--awb-padding-left:50px;--awb-bg-position:center center;--awb-bg-size:cover;width:20%;width:calc(20% - ( ( 4% + 4% + 4% + 4% ) * 0.2 ) );margin-right: 4%;\"><div class=\"fusion-column-wrapper fusion-flex-column-wrapper-legacy\"><div class=\"fusion-image-element in-legacy-container\" style=\"--awb-caption-title-font-family:var(--h2_typography-font-family);--awb-caption-title-font-weight:var(--h2_typography-font-weight);--awb-caption-title-font-style:var(--h2_typography-font-style);--awb-caption-title-size:var(--h2_typography-font-size);--awb-caption-title-transform:var(--h2_typography-text-transform);--awb-caption-title-line-height:var(--h2_typography-line-height);--awb-caption-title-letter-spacing:var(--h2_typography-letter-spacing);\"><span class=\" fusion-imageframe imageframe-none imageframe-3 hover-type-zoomin\"><a class=\"fusion-no-lightbox\" href=\"https:\/\/www.laboratoiresactiva.com\/fr\/human-structure-h2tonic\/\" target=\"_self\" aria-label=\"h2\"><img decoding=\"async\" width=\"600\" height=\"569\" data-src=\"https:\/\/www.laboratoiresactiva.com\/fr\/wp-content\/uploads\/2026\/04\/h2.png\" alt class=\"img-responsive wp-image-28058 lazyload\" data-srcset=\"https:\/\/www.laboratoiresactiva.com\/fr\/wp-content\/uploads\/2026\/04\/h2-200x190.png 200w, https:\/\/www.laboratoiresactiva.com\/fr\/wp-content\/uploads\/2026\/04\/h2-400x379.png 400w, https:\/\/www.laboratoiresactiva.com\/fr\/wp-content\/uploads\/2026\/04\/h2.png 600w\" data-sizes=\"(max-width: 883px) 100vw, 200px\" src=\"data:image\/svg+xml;base64,PHN2ZyB3aWR0aD0iMSIgaGVpZ2h0PSIxIiB4bWxucz0iaHR0cDovL3d3dy53My5vcmcvMjAwMC9zdmciPjwvc3ZnPg==\" style=\"--smush-placeholder-width: 600px; --smush-placeholder-aspect-ratio: 600\/569;\" \/><\/a><\/span><\/div><div class=\"fusion-text fusion-text-4\"><p style=\"text-align: center;\"><a href=\"https:\/\/www.laboratoiresactiva.com\/fr\/human-structure-h2tonic\/\">Human Stucture H2tonic<\/a><\/p>\n<\/div><div class=\"fusion-clearfix\"><\/div><\/div><\/div><div class=\"fusion-layout-column fusion_builder_column fusion-builder-column-6 fusion_builder_column_1_5 1_5 fusion-one-fifth\" style=\"--awb-padding-bottom:50px;--awb-padding-left:50px;--awb-bg-position:center center;--awb-bg-size:cover;width:20%;width:calc(20% - ( ( 4% + 4% + 4% + 4% ) * 0.2 ) );margin-right: 4%;\"><div class=\"fusion-column-wrapper fusion-flex-column-wrapper-legacy\"><div class=\"fusion-image-element in-legacy-container\" style=\"--awb-caption-title-font-family:var(--h2_typography-font-family);--awb-caption-title-font-weight:var(--h2_typography-font-weight);--awb-caption-title-font-style:var(--h2_typography-font-style);--awb-caption-title-size:var(--h2_typography-font-size);--awb-caption-title-transform:var(--h2_typography-text-transform);--awb-caption-title-line-height:var(--h2_typography-line-height);--awb-caption-title-letter-spacing:var(--h2_typography-letter-spacing);\"><span class=\" fusion-imageframe imageframe-none imageframe-4 hover-type-zoomin\"><a class=\"fusion-no-lightbox\" href=\"https:\/\/www.laboratoiresactiva.com\/fr\/human-structure-oleatonic\/\" target=\"_self\" aria-label=\"4\"><img decoding=\"async\" width=\"600\" height=\"569\" data-src=\"https:\/\/www.laboratoiresactiva.com\/fr\/wp-content\/uploads\/2026\/04\/4-1.png\" alt class=\"img-responsive wp-image-28028 lazyload\" data-srcset=\"https:\/\/www.laboratoiresactiva.com\/fr\/wp-content\/uploads\/2026\/04\/4-1-200x190.png 200w, https:\/\/www.laboratoiresactiva.com\/fr\/wp-content\/uploads\/2026\/04\/4-1-400x379.png 400w, https:\/\/www.laboratoiresactiva.com\/fr\/wp-content\/uploads\/2026\/04\/4-1.png 600w\" data-sizes=\"(max-width: 883px) 100vw, 200px\" src=\"data:image\/svg+xml;base64,PHN2ZyB3aWR0aD0iMSIgaGVpZ2h0PSIxIiB4bWxucz0iaHR0cDovL3d3dy53My5vcmcvMjAwMC9zdmciPjwvc3ZnPg==\" style=\"--smush-placeholder-width: 600px; --smush-placeholder-aspect-ratio: 600\/569;\" \/><\/a><\/span><\/div><div class=\"fusion-text fusion-text-5\"><p style=\"text-align: center;\"><a href=\"https:\/\/www.laboratoiresactiva.com\/fr\/human-structure-oleatonic\/\">Human Stucture Ol\u00e9atonic<\/a><\/p>\n<\/div><div class=\"fusion-clearfix\"><\/div><\/div><\/div><div class=\"fusion-layout-column fusion_builder_column fusion-builder-column-7 fusion_builder_column_1_5 1_5 fusion-one-fifth fusion-column-last\" style=\"--awb-padding-bottom:50px;--awb-padding-left:50px;--awb-bg-position:center center;--awb-bg-size:cover;width:20%;width:calc(20% - ( ( 4% + 4% + 4% + 4% ) * 0.2 ) );\"><div class=\"fusion-column-wrapper fusion-flex-column-wrapper-legacy\"><div class=\"fusion-clearfix\"><\/div><\/div><\/div><div class=\"fusion-layout-column fusion_builder_column fusion-builder-column-8 fusion_builder_column_1_5 1_5 fusion-one-fifth fusion-column-first\" style=\"--awb-padding-bottom:50px;--awb-padding-left:50px;--awb-bg-position:center center;--awb-bg-size:cover;width:20%;width:calc(20% - ( ( 4% + 4% + 4% + 4% ) * 0.2 ) );margin-right: 4%;\"><div class=\"fusion-column-wrapper fusion-flex-column-wrapper-legacy\"><div class=\"fusion-clearfix\"><\/div><\/div><\/div><div class=\"fusion-layout-column fusion_builder_column fusion-builder-column-9 fusion_builder_column_1_5 1_5 fusion-one-fifth\" style=\"--awb-padding-bottom:50px;--awb-padding-left:50px;--awb-bg-position:center center;--awb-bg-size:cover;width:20%;width:calc(20% - ( ( 4% + 4% + 4% + 4% ) * 0.2 ) );margin-right: 4%;\"><div class=\"fusion-column-wrapper fusion-flex-column-wrapper-legacy\"><div class=\"fusion-image-element in-legacy-container\" style=\"--awb-caption-title-font-family:var(--h2_typography-font-family);--awb-caption-title-font-weight:var(--h2_typography-font-weight);--awb-caption-title-font-style:var(--h2_typography-font-style);--awb-caption-title-size:var(--h2_typography-font-size);--awb-caption-title-transform:var(--h2_typography-text-transform);--awb-caption-title-line-height:var(--h2_typography-line-height);--awb-caption-title-letter-spacing:var(--h2_typography-letter-spacing);\"><span class=\" fusion-imageframe imageframe-none imageframe-7 hover-type-zoomin\"><a class=\"fusion-no-lightbox\" href=\"https:\/\/www.laboratoiresactiva.com\/fr\/human-structure-oleatonic-cardio\/\" target=\"_self\" aria-label=\"3\"><img decoding=\"async\" width=\"600\" height=\"569\" data-src=\"https:\/\/www.laboratoiresactiva.com\/fr\/wp-content\/uploads\/2026\/04\/3-1.png\" alt class=\"img-responsive wp-image-28027 lazyload\" data-srcset=\"https:\/\/www.laboratoiresactiva.com\/fr\/wp-content\/uploads\/2026\/04\/3-1-200x190.png 200w, https:\/\/www.laboratoiresactiva.com\/fr\/wp-content\/uploads\/2026\/04\/3-1-400x379.png 400w, https:\/\/www.laboratoiresactiva.com\/fr\/wp-content\/uploads\/2026\/04\/3-1.png 600w\" data-sizes=\"(max-width: 883px) 100vw, 200px\" src=\"data:image\/svg+xml;base64,PHN2ZyB3aWR0aD0iMSIgaGVpZ2h0PSIxIiB4bWxucz0iaHR0cDovL3d3dy53My5vcmcvMjAwMC9zdmciPjwvc3ZnPg==\" style=\"--smush-placeholder-width: 600px; --smush-placeholder-aspect-ratio: 600\/569;\" \/><\/a><\/span><\/div><div class=\"fusion-text fusion-text-6\"><p style=\"text-align: center;\"><a href=\"https:\/\/www.laboratoiresactiva.com\/fr\/human-structure-oleatonic-cardio\/\">Human Stucture Ol\u00e9atonic Cardio<\/a><\/p>\n<\/div><div class=\"fusion-clearfix\"><\/div><\/div><\/div><div class=\"fusion-layout-column fusion_builder_column fusion-builder-column-10 fusion_builder_column_1_5 1_5 fusion-one-fifth\" style=\"--awb-padding-bottom:50px;--awb-padding-left:50px;--awb-bg-position:center center;--awb-bg-size:cover;width:20%;width:calc(20% - ( ( 4% + 4% + 4% + 4% ) * 0.2 ) );margin-right: 4%;\"><div class=\"fusion-column-wrapper fusion-flex-column-wrapper-legacy\"><div class=\"fusion-image-element in-legacy-container\" style=\"--awb-caption-title-font-family:var(--h2_typography-font-family);--awb-caption-title-font-weight:var(--h2_typography-font-weight);--awb-caption-title-font-style:var(--h2_typography-font-style);--awb-caption-title-size:var(--h2_typography-font-size);--awb-caption-title-transform:var(--h2_typography-text-transform);--awb-caption-title-line-height:var(--h2_typography-line-height);--awb-caption-title-letter-spacing:var(--h2_typography-letter-spacing);\"><span class=\" fusion-imageframe imageframe-none imageframe-8 hover-type-zoomin\"><a class=\"fusion-no-lightbox\" href=\"https:\/\/www.laboratoiresactiva.com\/fr\/human-structure-oleatonic-metabolique\/\" target=\"_self\" aria-label=\"2\"><img decoding=\"async\" width=\"600\" height=\"569\" data-src=\"https:\/\/www.laboratoiresactiva.com\/fr\/wp-content\/uploads\/2026\/04\/2-1.png\" alt class=\"img-responsive wp-image-28026 lazyload\" data-srcset=\"https:\/\/www.laboratoiresactiva.com\/fr\/wp-content\/uploads\/2026\/04\/2-1-200x190.png 200w, https:\/\/www.laboratoiresactiva.com\/fr\/wp-content\/uploads\/2026\/04\/2-1-400x379.png 400w, https:\/\/www.laboratoiresactiva.com\/fr\/wp-content\/uploads\/2026\/04\/2-1.png 600w\" data-sizes=\"(max-width: 883px) 100vw, 200px\" src=\"data:image\/svg+xml;base64,PHN2ZyB3aWR0aD0iMSIgaGVpZ2h0PSIxIiB4bWxucz0iaHR0cDovL3d3dy53My5vcmcvMjAwMC9zdmciPjwvc3ZnPg==\" style=\"--smush-placeholder-width: 600px; --smush-placeholder-aspect-ratio: 600\/569;\" \/><\/a><\/span><\/div><div class=\"fusion-text fusion-text-7\"><p style=\"text-align: center;\"><a href=\"https:\/\/www.laboratoiresactiva.com\/fr\/human-structure-oleatonic-metabolique\/\">Human Stucture Ol\u00e9atonic M\u00e9tabolique<\/a><\/p>\n<\/div><div class=\"fusion-clearfix\"><\/div><\/div><\/div><div class=\"fusion-layout-column fusion_builder_column fusion-builder-column-11 fusion_builder_column_1_5 1_5 fusion-one-fifth\" style=\"--awb-padding-bottom:50px;--awb-padding-left:50px;--awb-bg-position:center center;--awb-bg-size:cover;width:20%;width:calc(20% - ( ( 4% + 4% + 4% + 4% ) * 0.2 ) );margin-right: 4%;\"><div class=\"fusion-column-wrapper fusion-flex-column-wrapper-legacy\"><div class=\"fusion-image-element in-legacy-container\" style=\"--awb-caption-title-font-family:var(--h2_typography-font-family);--awb-caption-title-font-weight:var(--h2_typography-font-weight);--awb-caption-title-font-style:var(--h2_typography-font-style);--awb-caption-title-size:var(--h2_typography-font-size);--awb-caption-title-transform:var(--h2_typography-text-transform);--awb-caption-title-line-height:var(--h2_typography-line-height);--awb-caption-title-letter-spacing:var(--h2_typography-letter-spacing);\"><span class=\" fusion-imageframe imageframe-none imageframe-9 hover-type-zoomin\"><a class=\"fusion-no-lightbox\" href=\"https:\/\/www.laboratoiresactiva.com\/fr\/human-structure-proteatonic\" target=\"_self\" aria-label=\"1\"><img decoding=\"async\" width=\"600\" height=\"569\" data-src=\"https:\/\/www.laboratoiresactiva.com\/fr\/wp-content\/uploads\/2026\/04\/1-1.png\" alt class=\"img-responsive wp-image-28025 lazyload\" data-srcset=\"https:\/\/www.laboratoiresactiva.com\/fr\/wp-content\/uploads\/2026\/04\/1-1-200x190.png 200w, https:\/\/www.laboratoiresactiva.com\/fr\/wp-content\/uploads\/2026\/04\/1-1-400x379.png 400w, https:\/\/www.laboratoiresactiva.com\/fr\/wp-content\/uploads\/2026\/04\/1-1.png 600w\" data-sizes=\"(max-width: 883px) 100vw, 200px\" src=\"data:image\/svg+xml;base64,PHN2ZyB3aWR0aD0iMSIgaGVpZ2h0PSIxIiB4bWxucz0iaHR0cDovL3d3dy53My5vcmcvMjAwMC9zdmciPjwvc3ZnPg==\" style=\"--smush-placeholder-width: 600px; --smush-placeholder-aspect-ratio: 600\/569;\" \/><\/a><\/span><\/div><div class=\"fusion-text fusion-text-8\"><p style=\"text-align: center;\"><a href=\"https:\/\/www.laboratoiresactiva.com\/fr\/human-structure-proteatonic\">Human Stucture Prot\u00e9atonic<\/a><\/p>\n<\/div><div class=\"fusion-clearfix\"><\/div><\/div><\/div><div class=\"fusion-layout-column fusion_builder_column fusion-builder-column-12 fusion_builder_column_1_5 1_5 fusion-one-fifth fusion-column-last\" style=\"--awb-padding-bottom:50px;--awb-padding-left:50px;--awb-bg-position:center center;--awb-bg-size:cover;width:20%;width:calc(20% - ( ( 4% + 4% + 4% + 4% ) * 0.2 ) );\"><div class=\"fusion-column-wrapper fusion-flex-column-wrapper-legacy\"><div class=\"fusion-clearfix\"><\/div><\/div><\/div><\/div><\/div>\n","protected":false},"excerpt":{"rendered":"","protected":false},"author":3,"featured_media":0,"parent":0,"menu_order":0,"comment_status":"closed","ping_status":"closed","template":"100-width.php","meta":{"_monsterinsights_skip_tracking":false,"_monsterinsights_sitenote_active":false,"_monsterinsights_sitenote_note":"","_monsterinsights_sitenote_category":0,"footnotes":""},"class_list":["post-1925","page","type-page","status-publish","hentry"],"yoast_head":"<!-- This site is optimized with the Yoast SEO plugin v27.6 - https:\/\/yoast.com\/product\/yoast-seo-wordpress\/ -->\n<title>Gamme Human Structure - Laboratoires Activa<\/title>\n<meta name=\"description\" content=\"Les Laboratoires Activa, sp\u00e9cialistes en phytoth\u00e9rapie vous propose une gamme de compl\u00e9ments alimentaires \u00e0 base de plantes aux actifs 100% naturels.\" \/>\n<meta name=\"robots\" content=\"index, follow, max-snippet:-1, max-image-preview:large, max-video-preview:-1\" \/>\n<link rel=\"canonical\" href=\"https:\/\/www.laboratoiresactiva.com\/fr\/cure-sportive\/\" \/>\n<meta property=\"og:locale\" content=\"fr_FR\" \/>\n<meta property=\"og:type\" content=\"article\" \/>\n<meta property=\"og:title\" content=\"Gamme Human Structure - Laboratoires Activa\" \/>\n<meta property=\"og:description\" content=\"Les Laboratoires Activa, sp\u00e9cialistes en phytoth\u00e9rapie vous propose une gamme de compl\u00e9ments alimentaires \u00e0 base de plantes aux actifs 100% naturels.\" \/>\n<meta property=\"og:url\" content=\"https:\/\/www.laboratoiresactiva.com\/fr\/cure-sportive\/\" \/>\n<meta property=\"og:site_name\" content=\"Laboratoires Activa\" \/>\n<meta property=\"article:modified_time\" content=\"2026-04-21T10:48:33+00:00\" \/>\n<meta name=\"twitter:card\" content=\"summary_large_image\" \/>\n<meta name=\"twitter:label1\" content=\"Dur\u00e9e de lecture estim\u00e9e\" \/>\n\t<meta name=\"twitter:data1\" content=\"9 minutes\" \/>\n<script type=\"application\/ld+json\" class=\"yoast-schema-graph\">{\"@context\":\"https:\\\/\\\/schema.org\",\"@graph\":[{\"@type\":\"WebPage\",\"@id\":\"https:\\\/\\\/www.laboratoiresactiva.com\\\/fr\\\/cure-sportive\\\/\",\"url\":\"https:\\\/\\\/www.laboratoiresactiva.com\\\/fr\\\/cure-sportive\\\/\",\"name\":\"Gamme Human Structure - Laboratoires Activa\",\"isPartOf\":{\"@id\":\"https:\\\/\\\/www.laboratoiresactiva.com\\\/fr\\\/#website\"},\"datePublished\":\"2019-02-01T13:45:35+00:00\",\"dateModified\":\"2026-04-21T10:48:33+00:00\",\"description\":\"Les Laboratoires Activa, sp\u00e9cialistes en phytoth\u00e9rapie vous propose une gamme de compl\u00e9ments alimentaires \u00e0 base de plantes aux actifs 100% naturels.\",\"breadcrumb\":{\"@id\":\"https:\\\/\\\/www.laboratoiresactiva.com\\\/fr\\\/cure-sportive\\\/#breadcrumb\"},\"inLanguage\":\"fr-FR\",\"potentialAction\":[{\"@type\":\"ReadAction\",\"target\":[\"https:\\\/\\\/www.laboratoiresactiva.com\\\/fr\\\/cure-sportive\\\/\"]}]},{\"@type\":\"BreadcrumbList\",\"@id\":\"https:\\\/\\\/www.laboratoiresactiva.com\\\/fr\\\/cure-sportive\\\/#breadcrumb\",\"itemListElement\":[{\"@type\":\"ListItem\",\"position\":1,\"name\":\"Accueil\",\"item\":\"https:\\\/\\\/www.laboratoiresactiva.com\\\/fr\\\/\"},{\"@type\":\"ListItem\",\"position\":2,\"name\":\"Gamme Human Structure\"}]},{\"@type\":\"WebSite\",\"@id\":\"https:\\\/\\\/www.laboratoiresactiva.com\\\/fr\\\/#website\",\"url\":\"https:\\\/\\\/www.laboratoiresactiva.com\\\/fr\\\/\",\"name\":\"Laboratoires Activa\",\"description\":\"Compl\u00e9ments Alimentaires 100% naturels\",\"potentialAction\":[{\"@type\":\"SearchAction\",\"target\":{\"@type\":\"EntryPoint\",\"urlTemplate\":\"https:\\\/\\\/www.laboratoiresactiva.com\\\/fr\\\/?s={search_term_string}\"},\"query-input\":{\"@type\":\"PropertyValueSpecification\",\"valueRequired\":true,\"valueName\":\"search_term_string\"}}],\"inLanguage\":\"fr-FR\"}]}<\/script>\n<!-- \/ Yoast SEO plugin. -->","yoast_head_json":{"title":"Gamme Human Structure - Laboratoires Activa","description":"Les Laboratoires Activa, sp\u00e9cialistes en phytoth\u00e9rapie vous propose une gamme de compl\u00e9ments alimentaires \u00e0 base de plantes aux actifs 100% naturels.","robots":{"index":"index","follow":"follow","max-snippet":"max-snippet:-1","max-image-preview":"max-image-preview:large","max-video-preview":"max-video-preview:-1"},"canonical":"https:\/\/www.laboratoiresactiva.com\/fr\/cure-sportive\/","og_locale":"fr_FR","og_type":"article","og_title":"Gamme Human Structure - Laboratoires Activa","og_description":"Les Laboratoires Activa, sp\u00e9cialistes en phytoth\u00e9rapie vous propose une gamme de compl\u00e9ments alimentaires \u00e0 base de plantes aux actifs 100% naturels.","og_url":"https:\/\/www.laboratoiresactiva.com\/fr\/cure-sportive\/","og_site_name":"Laboratoires Activa","article_modified_time":"2026-04-21T10:48:33+00:00","twitter_card":"summary_large_image","twitter_misc":{"Dur\u00e9e de lecture estim\u00e9e":"9 minutes"},"schema":{"@context":"https:\/\/schema.org","@graph":[{"@type":"WebPage","@id":"https:\/\/www.laboratoiresactiva.com\/fr\/cure-sportive\/","url":"https:\/\/www.laboratoiresactiva.com\/fr\/cure-sportive\/","name":"Gamme Human Structure - Laboratoires Activa","isPartOf":{"@id":"https:\/\/www.laboratoiresactiva.com\/fr\/#website"},"datePublished":"2019-02-01T13:45:35+00:00","dateModified":"2026-04-21T10:48:33+00:00","description":"Les Laboratoires Activa, sp\u00e9cialistes en phytoth\u00e9rapie vous propose une gamme de compl\u00e9ments alimentaires \u00e0 base de plantes aux actifs 100% naturels.","breadcrumb":{"@id":"https:\/\/www.laboratoiresactiva.com\/fr\/cure-sportive\/#breadcrumb"},"inLanguage":"fr-FR","potentialAction":[{"@type":"ReadAction","target":["https:\/\/www.laboratoiresactiva.com\/fr\/cure-sportive\/"]}]},{"@type":"BreadcrumbList","@id":"https:\/\/www.laboratoiresactiva.com\/fr\/cure-sportive\/#breadcrumb","itemListElement":[{"@type":"ListItem","position":1,"name":"Accueil","item":"https:\/\/www.laboratoiresactiva.com\/fr\/"},{"@type":"ListItem","position":2,"name":"Gamme Human Structure"}]},{"@type":"WebSite","@id":"https:\/\/www.laboratoiresactiva.com\/fr\/#website","url":"https:\/\/www.laboratoiresactiva.com\/fr\/","name":"Laboratoires Activa","description":"Compl\u00e9ments Alimentaires 100% naturels","potentialAction":[{"@type":"SearchAction","target":{"@type":"EntryPoint","urlTemplate":"https:\/\/www.laboratoiresactiva.com\/fr\/?s={search_term_string}"},"query-input":{"@type":"PropertyValueSpecification","valueRequired":true,"valueName":"search_term_string"}}],"inLanguage":"fr-FR"}]}},"jetpack_sharing_enabled":true,"_links":{"self":[{"href":"https:\/\/www.laboratoiresactiva.com\/fr\/wp-json\/wp\/v2\/pages\/1925","targetHints":{"allow":["GET"]}}],"collection":[{"href":"https:\/\/www.laboratoiresactiva.com\/fr\/wp-json\/wp\/v2\/pages"}],"about":[{"href":"https:\/\/www.laboratoiresactiva.com\/fr\/wp-json\/wp\/v2\/types\/page"}],"author":[{"embeddable":true,"href":"https:\/\/www.laboratoiresactiva.com\/fr\/wp-json\/wp\/v2\/users\/3"}],"replies":[{"embeddable":true,"href":"https:\/\/www.laboratoiresactiva.com\/fr\/wp-json\/wp\/v2\/comments?post=1925"}],"version-history":[{"count":51,"href":"https:\/\/www.laboratoiresactiva.com\/fr\/wp-json\/wp\/v2\/pages\/1925\/revisions"}],"predecessor-version":[{"id":28059,"href":"https:\/\/www.laboratoiresactiva.com\/fr\/wp-json\/wp\/v2\/pages\/1925\/revisions\/28059"}],"wp:attachment":[{"href":"https:\/\/www.laboratoiresactiva.com\/fr\/wp-json\/wp\/v2\/media?parent=1925"}],"curies":[{"name":"wp","href":"https:\/\/api.w.org\/{rel}","templated":true}]}}