{"id":1925,"date":"2019-02-01T14:45:35","date_gmt":"2019-02-01T13:45:35","guid":{"rendered":"https:\/\/www.laboratoiresactiva.com\/vn\/\/?page_id=1925"},"modified":"2021-07-31T13:15:00","modified_gmt":"2021-07-31T11:15:00","slug":"sports-cure","status":"publish","type":"page","link":"https:\/\/www.laboratoiresactiva.com\/vn\/sports-cure\/","title":{"rendered":"Human Structure Range"},"content":{"rendered":"<div class=\"fusion-fullwidth fullwidth-box fusion-builder-row-1 fusion-parallax-none hundred-percent-fullwidth non-hundred-percent-height-scrolling\" style=\"background-color: rgba(255,255,255,0);background-image: url(&quot;https:\/\/www.laboratoiresactiva.com\/vn\/\/wp-content\/uploads\/2019\/04\/Fotolia_259957320_Subscription_Monthly_M.jpg&quot;);background-position: center center;background-repeat: no-repeat;padding-top:0px;padding-right:30px;padding-bottom:50px;padding-left:30px;margin-bottom: 0px;margin-top: 0px;border-width: 0px 0px 0px 0px;border-color:#eae9e9;border-style:solid;-webkit-background-size:cover;-moz-background-size:cover;-o-background-size:cover;background-size:cover;\" ><div class=\"fusion-builder-row fusion-row\"><div class=\"fusion-layout-column fusion_builder_column fusion-builder-column-0 fusion_builder_column_1_1 1_1 fusion-one-full fusion-column-first fusion-column-last\" style=\"margin-top:0px;margin-bottom:0px;\"><div class=\"fusion-column-wrapper fusion-flex-column-wrapper-legacy\" style=\"background-position:left top;background-repeat:no-repeat;-webkit-background-size:cover;-moz-background-size:cover;-o-background-size:cover;background-size:cover;padding: 150px 0px 150px 0px;\"><div class=\"fusion-text fusion-text-1\"><h1 style=\"text-align: left;\"><strong><span style=\"color: #ffffff;\">D\u00f2ng s\u1ea3n ph\u1ea9m h\u1ed7 tr\u1ee3 chuy\u1ec3n ho\u00e1 Human Structure<\/span><\/strong><\/h1>\n<\/div><div class=\"fusion-clearfix\"><\/div><\/div><\/div><\/div><\/div><div class=\"fusion-fullwidth fullwidth-box fusion-builder-row-2 nonhundred-percent-fullwidth non-hundred-percent-height-scrolling\" style=\"background-color: rgba(255,255,255,0);background-position: center center;background-repeat: no-repeat;padding-top:50px;padding-right:30px;padding-bottom:50px;padding-left:30px;margin-bottom: 0px;margin-top: 0px;border-width: 0px 0px 0px 0px;border-color:#eae9e9;border-style:solid;\" ><div class=\"fusion-builder-row fusion-row\"><div class=\"fusion-layout-column fusion_builder_column fusion-builder-column-1 fusion_builder_column_1_1 1_1 fusion-one-full fusion-column-first fusion-column-last\" style=\"margin-top:0px;margin-bottom:0px;\"><div class=\"fusion-column-wrapper fusion-flex-column-wrapper-legacy\" style=\"background-position:left top;background-repeat:no-repeat;-webkit-background-size:cover;-moz-background-size:cover;-o-background-size:cover;background-size:cover;padding: 0px 0px 0px 0px;\"><div class=\"fusion-text fusion-text-2\"><h2 style=\"text-align: center; color: #113082;\" data-fontsize=\"40\" data-lineheight=\"52\">\u0110i\u1ec1u ho\u00e0 v\u00e0 c\u00e2n b\u1eb1ng s\u1ef1 chuy\u1ec3n ho\u00e1 trong c\u01a1 th\u1ec3<br \/>\n<span style=\"font-size: 30px;\" data-fusion-font=\"true\">&#8211; H\u1ed7 tr\u1ee3 to\u00e0n b\u1ed9 h\u1ec7 th\u1ed1ng chuy\u1ec3n ho\u00e1 ch\u1ea5t b\u00e9o, protein, carbohydrate v\u00e0 ch\u1ea5t ch\u1ed1ng oxy ho\u00e1 &#8211;<\/span><\/h2>\n<p style=\"text-align: center;\">D\u00f2ng s\u1ea3n ph\u1ea9m b\u1ed5 sung dinh d\u01b0\u1ee1ng v\u1edbi gi\u1ea3i ph\u00e1p nghi\u00ean c\u1ee9u ho\u1ea1t \u0111\u1ed9ng t\u1ed5ng th\u1ec3 to\u00e0n di\u1ec7n c\u01a1 th\u1ec3 con ng\u01b0\u1eddi.<br \/>\n\u0110\u01b0\u1ee3c thi\u1ebft k\u1ebf d\u1ef1a tr\u00ean nghi\u00ean c\u1ee9u c\u01a1 ch\u1ebf t\u01b0\u01a1ng t\u00e1c ph\u1ee9c t\u1ea1p gi\u1eefa c\u00e1c b\u1ed9 ph\u1eadn trong c\u01a1 th\u1ec3.<br \/>\n6 s\u1ea3n ph\u1ea9m t\u00e1c \u0111\u1ed9ng l\u00ean c\u00e1c qu\u00e1 tr\u00ecnh chuy\u1ec3n ho\u00e1 kh\u00e1c nhau : ch\u1ea5t b\u00e9o, protein, carbohydrate, ch\u1ea5t ch\u1ed1ng oxy ho\u00e1, gi\u00fap c\u01a1 th\u1ec3 \u0111\u01b0\u1ee3c \u0111i\u1ec1u ho\u00e0 v\u00e0 ph\u1ee5c h\u1ed3i ngu\u1ed3n n\u0103ng l\u01b0\u1ee3ng m\u1ed9t c\u00e1ch b\u1ec1n v\u1eefng.<br \/>\n\u0110\u00e2y l\u00e0 d\u00f2ng s\u1ea3n ph\u1ea9m \u0111\u01b0\u1ee3c nghi\u00ean c\u1ee9u h\u1ed7 tr\u1ee3 t\u1eadp luy\u1ec7n cho c\u00e1c v\u1eadn \u0111\u1ed9ng vi\u00ean v\u00e0 c\u00e1c ho\u1ea1t \u0111\u1ed9ng th\u1ec3 thao.<\/p>\n<\/div><div class=\"fusion-clearfix\"><\/div><\/div><\/div><div class=\"fusion-layout-column fusion_builder_column fusion-builder-column-2 fusion_builder_column_1_1 1_1 fusion-one-full fusion-column-first fusion-column-last\" style=\"margin-top:0px;margin-bottom:0px;\"><div class=\"fusion-column-wrapper fusion-flex-column-wrapper-legacy\" style=\"background-position:left top;background-repeat:no-repeat;-webkit-background-size:cover;-moz-background-size:cover;-o-background-size:cover;background-size:cover;padding: 0px 0px 0px 0px;\"><div class=\"fusion-aligncenter\"><style type=\"text\/css\">.fusion-button.button-1 .fusion-button-text, .fusion-button.button-1 i {color:#ffffff;}.fusion-button.button-1 .fusion-button-icon-divider{border-color:#ffffff;}.fusion-button.button-1:hover .fusion-button-text, .fusion-button.button-1:hover i,.fusion-button.button-1:focus .fusion-button-text, .fusion-button.button-1:focus i,.fusion-button.button-1:active .fusion-button-text, .fusion-button.button-1:active{color:#ffffff;}.fusion-button.button-1:hover .fusion-button-icon-divider, .fusion-button.button-1:hover .fusion-button-icon-divider, .fusion-button.button-1:active .fusion-button-icon-divider{border-color:#ffffff;}.fusion-button.button-1:hover, .fusion-button.button-1:focus, .fusion-button.button-1:active{border-color:#ffffff;}.fusion-button.button-1 {border-color:#ffffff;border-radius:0px;}.fusion-button.button-1{background: #113082;}.fusion-button.button-1:hover,.button-1:focus,.fusion-button.button-1:active{background: #406da4;}<\/style><a class=\"fusion-button button-flat fusion-button-default-size button-custom button-1 fusion-button-default-span fusion-button-default-type\" target=\"_blank\" rel=\"noopener noreferrer\" href=\"https:\/\/www.laboratoiresactiva.com\/vn\/wp-content\/uploads\/2020\/04\/stappler-laboratoires-activa-2020.pdf\"><span class=\"fusion-button-text\">T\u1ea3i v\u1ec1 danh m\u1ee5c s\u1ea3n ph\u1ea9m<\/span><\/a><\/div><div class=\"fusion-clearfix\"><\/div><\/div><\/div><\/div><\/div><div class=\"fusion-fullwidth fullwidth-box fusion-builder-row-3 hundred-percent-fullwidth non-hundred-percent-height-scrolling fusion-equal-height-columns\" style=\"background-color: rgba(255,255,255,0);background-position: center center;background-repeat: no-repeat;padding-top:0px;padding-right:30px;padding-bottom:0px;padding-left:30px;margin-bottom: 0px;margin-top: 0px;border-width: 0px 0px 0px 0px;border-color:#eae9e9;border-style:solid;\" ><div class=\"fusion-builder-row fusion-row\"><div class=\"fusion-layout-column fusion_builder_column fusion-builder-column-3 fusion_builder_column_1_5 1_5 fusion-one-fifth fusion-column-first\" style=\"width:20%;width:calc(20% - ( ( 4% + 4% + 4% + 4% ) * 0.2 ) );margin-right: 4%;margin-top:0px;margin-bottom:0px;\"><div class=\"fusion-column-wrapper fusion-flex-column-wrapper-legacy\" style=\"background-position:center center;background-repeat:no-repeat;-webkit-background-size:cover;-moz-background-size:cover;-o-background-size:cover;background-size:cover;padding: 0px 0px 50px 50px;\"><span class=\" fusion-imageframe imageframe-none imageframe-1 hover-type-zoomin\"><a class=\"fusion-no-lightbox\" href=\"https:\/\/www.laboratoiresactiva.com\/vn\/\/human-structure-proteatonic\" target=\"_self\"><\/a><\/span><div class=\"fusion-text fusion-text-3\"><\/div><div class=\"fusion-clearfix\"><\/div><\/div><\/div><div class=\"fusion-layout-column fusion_builder_column fusion-builder-column-4 fusion_builder_column_1_5 1_5 fusion-one-fifth\" style=\"width:20%;width:calc(20% - ( ( 4% + 4% + 4% + 4% ) * 0.2 ) );margin-right: 4%;margin-top:0px;margin-bottom:0px;\"><div class=\"fusion-column-wrapper fusion-flex-column-wrapper-legacy\" style=\"background-position:center center;background-repeat:no-repeat;-webkit-background-size:cover;-moz-background-size:cover;-o-background-size:cover;background-size:cover;padding: 0px 0px 50px 50px;\"><span class=\" fusion-imageframe imageframe-none imageframe-2 hover-type-zoomin\"><a class=\"fusion-no-lightbox\" href=\"https:\/\/www.laboratoiresactiva.com\/vn\/\/human-structure-glucidotonic\/\" target=\"_self\" aria-label=\"Human Structure GlucidoTonic &#8211; Laboratoires Activa\"><img decoding=\"async\" width=\"600\" height=\"572\" alt=\"Glucidotonic\" src=\"https:\/\/www.laboratoiresactiva.com\/vn\/wp-content\/uploads\/2019\/12\/HS-GLU-3D-PACKS-US-SF.png\" class=\"img-responsive wp-image-3417\"\/><\/a><\/span><div class=\"fusion-text fusion-text-4\"><p style=\"text-align: center;\">Human Stucture Glucidotonic Control<\/p>\n<\/div><div class=\"fusion-clearfix\"><\/div><\/div><\/div><div class=\"fusion-layout-column fusion_builder_column fusion-builder-column-5 fusion_builder_column_1_5 1_5 fusion-one-fifth\" style=\"width:20%;width:calc(20% - ( ( 4% + 4% + 4% + 4% ) * 0.2 ) );margin-right: 4%;margin-top:0px;margin-bottom:0px;\"><div class=\"fusion-column-wrapper fusion-flex-column-wrapper-legacy\" style=\"background-position:center center;background-repeat:no-repeat;-webkit-background-size:cover;-moz-background-size:cover;-o-background-size:cover;background-size:cover;padding: 0px 0px 50px 50px;\"><span class=\" fusion-imageframe imageframe-none imageframe-3 hover-type-zoomin\"><a class=\"fusion-no-lightbox\" href=\"https:\/\/www.laboratoiresactiva.com\/vn\/\/human-structure-h2tonic\/\" target=\"_self\" aria-label=\"Human Structure H2Tonic &#8211; Laboratoires Activa\"><img decoding=\"async\" width=\"600\" height=\"572\" alt=\"H2 Tonic\" src=\"https:\/\/www.laboratoiresactiva.com\/vn\/wp-content\/uploads\/2019\/12\/HS-H2T-3D-PACKS-US-SF.png\" class=\"img-responsive wp-image-3419\"\/><\/a><\/span><div class=\"fusion-text fusion-text-5\"><p style=\"text-align: center;\">Human Stucture H2tonic<\/p>\n<\/div><div class=\"fusion-clearfix\"><\/div><\/div><\/div><div class=\"fusion-layout-column fusion_builder_column fusion-builder-column-6 fusion_builder_column_1_5 1_5 fusion-one-fifth\" style=\"width:20%;width:calc(20% - ( ( 4% + 4% + 4% + 4% ) * 0.2 ) );margin-right: 4%;margin-top:0px;margin-bottom:0px;\"><div class=\"fusion-column-wrapper fusion-flex-column-wrapper-legacy\" style=\"background-position:center center;background-repeat:no-repeat;-webkit-background-size:cover;-moz-background-size:cover;-o-background-size:cover;background-size:cover;padding: 0px 0px 50px 50px;\"><span class=\" fusion-imageframe imageframe-none imageframe-4 hover-type-zoomin\"><a class=\"fusion-no-lightbox\" href=\"https:\/\/www.laboratoiresactiva.com\/vn\/\/human-structure-oleatonic\/\" target=\"_self\" aria-label=\"Human Structure OleaTonic &#8211; Laboratoires Activa\"><img decoding=\"async\" width=\"600\" height=\"572\" alt=\"Oleatonic\" src=\"https:\/\/www.laboratoiresactiva.com\/vn\/wp-content\/uploads\/2019\/12\/HS-OLC-3D-PACKS-US-SF.png\" class=\"img-responsive wp-image-3421\"\/><\/a><\/span><div class=\"fusion-text fusion-text-6\"><p style=\"text-align: center;\">Human Stucture Oleatonic<\/p>\n<\/div><div class=\"fusion-clearfix\"><\/div><\/div><\/div><div class=\"fusion-layout-column fusion_builder_column fusion-builder-column-7 fusion_builder_column_1_5 1_5 fusion-one-fifth fusion-column-last\" style=\"width:20%;width:calc(20% - ( ( 4% + 4% + 4% + 4% ) * 0.2 ) );margin-top:0px;margin-bottom:0px;\"><div class=\"fusion-column-wrapper fusion-flex-column-wrapper-legacy\" style=\"background-position:center center;background-repeat:no-repeat;-webkit-background-size:cover;-moz-background-size:cover;-o-background-size:cover;background-size:cover;padding: 0px 0px 50px 50px;\"><span class=\" fusion-imageframe imageframe-none imageframe-5 hover-type-zoomin\"><a class=\"fusion-no-lightbox\" href=\"https:\/\/www.laboratoiresactiva.com\/vn\/\/human-structure-proteatonic\" target=\"_self\" aria-label=\"Human Structure OleaTonic &#8211; Laboratoires Activa\"><\/a><\/span><div class=\"fusion-text fusion-text-7\"><\/div><div class=\"fusion-clearfix\"><\/div><\/div><\/div><div class=\"fusion-layout-column fusion_builder_column fusion-builder-column-8 fusion_builder_column_1_5 1_5 fusion-one-fifth fusion-column-first\" style=\"width:20%;width:calc(20% - ( ( 4% + 4% + 4% + 4% ) * 0.2 ) );margin-right: 4%;margin-top:0px;margin-bottom:0px;\"><div class=\"fusion-column-wrapper fusion-flex-column-wrapper-legacy\" style=\"background-position:center center;background-repeat:no-repeat;-webkit-background-size:cover;-moz-background-size:cover;-o-background-size:cover;background-size:cover;padding: 0px 0px 50px 50px;\"><span class=\" fusion-imageframe imageframe-none imageframe-6 hover-type-zoomin\"><a class=\"fusion-no-lightbox\" href=\"https:\/\/www.laboratoiresactiva.com\/vn\/\/human-structure-proteatonic\" target=\"_self\" aria-label=\"Human Structure OleaTonic &#8211; Laboratoires Activa\"><\/a><\/span><div class=\"fusion-text fusion-text-8\"><\/div><div class=\"fusion-clearfix\"><\/div><\/div><\/div><div class=\"fusion-layout-column fusion_builder_column fusion-builder-column-9 fusion_builder_column_1_5 1_5 fusion-one-fifth\" style=\"width:20%;width:calc(20% - ( ( 4% + 4% + 4% + 4% ) * 0.2 ) );margin-right: 4%;margin-top:0px;margin-bottom:0px;\"><div class=\"fusion-column-wrapper fusion-flex-column-wrapper-legacy\" style=\"background-position:center center;background-repeat:no-repeat;-webkit-background-size:cover;-moz-background-size:cover;-o-background-size:cover;background-size:cover;padding: 0px 0px 50px 50px;\"><span class=\" fusion-imageframe imageframe-none imageframe-7 hover-type-zoomin\"><a class=\"fusion-no-lightbox\" href=\"https:\/\/www.laboratoiresactiva.com\/vn\/\/human-structure-oleatonic-cardio\/\" target=\"_self\" aria-label=\"Human structure Oleatonic Cardio &#8211; Laboratoires Activa\"><img decoding=\"async\" width=\"600\" height=\"572\" alt=\"Oleatonic Cardio\" src=\"https:\/\/www.laboratoiresactiva.com\/vn\/wp-content\/uploads\/2019\/12\/HS-CAR-3D-US-SF.png\" class=\"img-responsive wp-image-3423\"\/><\/a><\/span><div class=\"fusion-text fusion-text-9\"><p style=\"text-align: center;\">Human Stucture Oleatonic Cardio<\/p>\n<\/div><div class=\"fusion-clearfix\"><\/div><\/div><\/div><div class=\"fusion-layout-column fusion_builder_column fusion-builder-column-10 fusion_builder_column_1_5 1_5 fusion-one-fifth\" style=\"width:20%;width:calc(20% - ( ( 4% + 4% + 4% + 4% ) * 0.2 ) );margin-right: 4%;margin-top:0px;margin-bottom:0px;\"><div class=\"fusion-column-wrapper fusion-flex-column-wrapper-legacy\" style=\"background-position:center center;background-repeat:no-repeat;-webkit-background-size:cover;-moz-background-size:cover;-o-background-size:cover;background-size:cover;padding: 0px 0px 50px 50px;\"><span class=\" fusion-imageframe imageframe-none imageframe-8 hover-type-zoomin\"><a class=\"fusion-no-lightbox\" href=\"https:\/\/www.laboratoiresactiva.com\/vn\/\/human-structure-oleatonic-metabolic\/\" target=\"_self\" aria-label=\"Human Structure Oleatonic Metabolic &#8211; Laboratoires Activa\"><img decoding=\"async\" width=\"600\" height=\"572\" alt=\"Oleatonic Metabolic\" src=\"https:\/\/www.laboratoiresactiva.com\/vn\/wp-content\/uploads\/2019\/12\/HS-OLM-3D-PACKS-US-SF.png\" class=\"img-responsive wp-image-3425\"\/><\/a><\/span><div class=\"fusion-text fusion-text-10\"><p style=\"text-align: center;\">Human Stucture Oleatonic Metabolic<\/p>\n<\/div><div class=\"fusion-clearfix\"><\/div><\/div><\/div><div class=\"fusion-layout-column fusion_builder_column fusion-builder-column-11 fusion_builder_column_1_5 1_5 fusion-one-fifth\" style=\"width:20%;width:calc(20% - ( ( 4% + 4% + 4% + 4% ) * 0.2 ) );margin-right: 4%;margin-top:0px;margin-bottom:0px;\"><div class=\"fusion-column-wrapper fusion-flex-column-wrapper-legacy\" style=\"background-position:center center;background-repeat:no-repeat;-webkit-background-size:cover;-moz-background-size:cover;-o-background-size:cover;background-size:cover;padding: 0px 0px 50px 50px;\"><span class=\" fusion-imageframe imageframe-none imageframe-9 hover-type-zoomin\"><a class=\"fusion-no-lightbox\" href=\"https:\/\/www.laboratoiresactiva.com\/vn\/\/human-structure-proteatonic\" target=\"_self\" aria-label=\"Human Structure Proteatonic Regulation &#8211; Laboratoires Activa\"><img decoding=\"async\" width=\"600\" height=\"572\" alt=\"Proteatonic Regulation\" src=\"https:\/\/www.laboratoiresactiva.com\/vn\/wp-content\/uploads\/2019\/12\/HS-PRO-3D-PACKS-SF.png\" class=\"img-responsive wp-image-3427\"\/><\/a><\/span><div class=\"fusion-text fusion-text-11\"><p style=\"text-align: center;\">Human Stucture Proteatonic<\/p>\n<\/div><div class=\"fusion-clearfix\"><\/div><\/div><\/div><div class=\"fusion-layout-column fusion_builder_column fusion-builder-column-12 fusion_builder_column_1_5 1_5 fusion-one-fifth fusion-column-last\" style=\"width:20%;width:calc(20% - ( ( 4% + 4% + 4% + 4% ) * 0.2 ) );margin-top:0px;margin-bottom:0px;\"><div class=\"fusion-column-wrapper fusion-flex-column-wrapper-legacy\" style=\"background-position:center center;background-repeat:no-repeat;-webkit-background-size:cover;-moz-background-size:cover;-o-background-size:cover;background-size:cover;padding: 0px 0px 50px 50px;\"><span class=\" fusion-imageframe imageframe-none imageframe-10 hover-type-zoomin\"><a class=\"fusion-no-lightbox\" href=\"https:\/\/www.laboratoiresactiva.com\/vn\/\/human-structure-proteatonic\" target=\"_self\" aria-label=\"Human Structure Proteatonic Regulation &#8211; Laboratoires Activa\"><\/a><\/span><div class=\"fusion-text fusion-text-12\"><\/div><div class=\"fusion-clearfix\"><\/div><\/div><\/div><\/div><\/div>\n","protected":false},"excerpt":{"rendered":"","protected":false},"author":3,"featured_media":0,"parent":0,"menu_order":0,"comment_status":"closed","ping_status":"closed","template":"100-width.php","meta":{"_monsterinsights_skip_tracking":false,"_monsterinsights_sitenote_active":false,"_monsterinsights_sitenote_note":"","_monsterinsights_sitenote_category":0,"footnotes":""},"class_list":["post-1925","page","type-page","status-publish","hentry"],"yoast_head":"<!-- This site is optimized with the Yoast SEO plugin v27.5 - https:\/\/yoast.com\/product\/yoast-seo-wordpress\/ -->\n<title>Human Structure Range - The range specially designed for athletes.<\/title>\n<meta name=\"description\" content=\"Human structure is an exclusive range, thought and formulated with a new perception of nutritional complementation.\" \/>\n<meta name=\"robots\" content=\"index, follow, max-snippet:-1, max-image-preview:large, max-video-preview:-1\" \/>\n<link rel=\"canonical\" href=\"https:\/\/www.laboratoiresactiva.com\/vn\/sports-cure\/\" \/>\n<meta property=\"og:locale\" content=\"en_US\" \/>\n<meta property=\"og:type\" content=\"article\" \/>\n<meta property=\"og:title\" content=\"Human Structure Range - The range specially designed for athletes.\" \/>\n<meta property=\"og:description\" content=\"Human structure is an exclusive range, thought and formulated with a new perception of nutritional complementation.\" \/>\n<meta property=\"og:url\" content=\"https:\/\/www.laboratoiresactiva.com\/vn\/sports-cure\/\" \/>\n<meta property=\"og:site_name\" content=\"Laboratoires Activa\" \/>\n<meta property=\"article:modified_time\" content=\"2021-07-31T11:15:00+00:00\" \/>\n<meta name=\"twitter:card\" content=\"summary_large_image\" \/>\n<meta name=\"twitter:label1\" content=\"Est. reading time\" \/>\n\t<meta name=\"twitter:data1\" content=\"14 minutes\" \/>\n<script type=\"application\/ld+json\" class=\"yoast-schema-graph\">{\"@context\":\"https:\\\/\\\/schema.org\",\"@graph\":[{\"@type\":\"WebPage\",\"@id\":\"https:\\\/\\\/www.laboratoiresactiva.com\\\/vn\\\/sports-cure\\\/\",\"url\":\"https:\\\/\\\/www.laboratoiresactiva.com\\\/vn\\\/sports-cure\\\/\",\"name\":\"Human Structure Range - The range specially designed for athletes.\",\"isPartOf\":{\"@id\":\"https:\\\/\\\/www.laboratoiresactiva.com\\\/vn\\\/#website\"},\"datePublished\":\"2019-02-01T13:45:35+00:00\",\"dateModified\":\"2021-07-31T11:15:00+00:00\",\"description\":\"Human structure is an exclusive range, thought and formulated with a new perception of nutritional complementation.\",\"breadcrumb\":{\"@id\":\"https:\\\/\\\/www.laboratoiresactiva.com\\\/vn\\\/sports-cure\\\/#breadcrumb\"},\"inLanguage\":\"en-US\",\"potentialAction\":[{\"@type\":\"ReadAction\",\"target\":[\"https:\\\/\\\/www.laboratoiresactiva.com\\\/vn\\\/sports-cure\\\/\"]}]},{\"@type\":\"BreadcrumbList\",\"@id\":\"https:\\\/\\\/www.laboratoiresactiva.com\\\/vn\\\/sports-cure\\\/#breadcrumb\",\"itemListElement\":[{\"@type\":\"ListItem\",\"position\":1,\"name\":\"Accueil\",\"item\":\"https:\\\/\\\/www.laboratoiresactiva.com\\\/vn\\\/\"},{\"@type\":\"ListItem\",\"position\":2,\"name\":\"Human Structure Range\"}]},{\"@type\":\"WebSite\",\"@id\":\"https:\\\/\\\/www.laboratoiresactiva.com\\\/vn\\\/#website\",\"url\":\"https:\\\/\\\/www.laboratoiresactiva.com\\\/vn\\\/\",\"name\":\"Laboratoires Activa\",\"description\":\"Supplements 100% naturals\",\"potentialAction\":[{\"@type\":\"SearchAction\",\"target\":{\"@type\":\"EntryPoint\",\"urlTemplate\":\"https:\\\/\\\/www.laboratoiresactiva.com\\\/vn\\\/?s={search_term_string}\"},\"query-input\":{\"@type\":\"PropertyValueSpecification\",\"valueRequired\":true,\"valueName\":\"search_term_string\"}}],\"inLanguage\":\"en-US\"}]}<\/script>\n<!-- \/ Yoast SEO plugin. -->","yoast_head_json":{"title":"Human Structure Range - The range specially designed for athletes.","description":"Human structure is an exclusive range, thought and formulated with a new perception of nutritional complementation.","robots":{"index":"index","follow":"follow","max-snippet":"max-snippet:-1","max-image-preview":"max-image-preview:large","max-video-preview":"max-video-preview:-1"},"canonical":"https:\/\/www.laboratoiresactiva.com\/vn\/sports-cure\/","og_locale":"en_US","og_type":"article","og_title":"Human Structure Range - The range specially designed for athletes.","og_description":"Human structure is an exclusive range, thought and formulated with a new perception of nutritional complementation.","og_url":"https:\/\/www.laboratoiresactiva.com\/vn\/sports-cure\/","og_site_name":"Laboratoires Activa","article_modified_time":"2021-07-31T11:15:00+00:00","twitter_card":"summary_large_image","twitter_misc":{"Est. reading time":"14 minutes"},"schema":{"@context":"https:\/\/schema.org","@graph":[{"@type":"WebPage","@id":"https:\/\/www.laboratoiresactiva.com\/vn\/sports-cure\/","url":"https:\/\/www.laboratoiresactiva.com\/vn\/sports-cure\/","name":"Human Structure Range - The range specially designed for athletes.","isPartOf":{"@id":"https:\/\/www.laboratoiresactiva.com\/vn\/#website"},"datePublished":"2019-02-01T13:45:35+00:00","dateModified":"2021-07-31T11:15:00+00:00","description":"Human structure is an exclusive range, thought and formulated with a new perception of nutritional complementation.","breadcrumb":{"@id":"https:\/\/www.laboratoiresactiva.com\/vn\/sports-cure\/#breadcrumb"},"inLanguage":"en-US","potentialAction":[{"@type":"ReadAction","target":["https:\/\/www.laboratoiresactiva.com\/vn\/sports-cure\/"]}]},{"@type":"BreadcrumbList","@id":"https:\/\/www.laboratoiresactiva.com\/vn\/sports-cure\/#breadcrumb","itemListElement":[{"@type":"ListItem","position":1,"name":"Accueil","item":"https:\/\/www.laboratoiresactiva.com\/vn\/"},{"@type":"ListItem","position":2,"name":"Human Structure Range"}]},{"@type":"WebSite","@id":"https:\/\/www.laboratoiresactiva.com\/vn\/#website","url":"https:\/\/www.laboratoiresactiva.com\/vn\/","name":"Laboratoires Activa","description":"Supplements 100% naturals","potentialAction":[{"@type":"SearchAction","target":{"@type":"EntryPoint","urlTemplate":"https:\/\/www.laboratoiresactiva.com\/vn\/?s={search_term_string}"},"query-input":{"@type":"PropertyValueSpecification","valueRequired":true,"valueName":"search_term_string"}}],"inLanguage":"en-US"}]}},"_links":{"self":[{"href":"https:\/\/www.laboratoiresactiva.com\/vn\/wp-json\/wp\/v2\/pages\/1925","targetHints":{"allow":["GET"]}}],"collection":[{"href":"https:\/\/www.laboratoiresactiva.com\/vn\/wp-json\/wp\/v2\/pages"}],"about":[{"href":"https:\/\/www.laboratoiresactiva.com\/vn\/wp-json\/wp\/v2\/types\/page"}],"author":[{"embeddable":true,"href":"https:\/\/www.laboratoiresactiva.com\/vn\/wp-json\/wp\/v2\/users\/3"}],"replies":[{"embeddable":true,"href":"https:\/\/www.laboratoiresactiva.com\/vn\/wp-json\/wp\/v2\/comments?post=1925"}],"version-history":[{"count":54,"href":"https:\/\/www.laboratoiresactiva.com\/vn\/wp-json\/wp\/v2\/pages\/1925\/revisions"}],"predecessor-version":[{"id":4840,"href":"https:\/\/www.laboratoiresactiva.com\/vn\/wp-json\/wp\/v2\/pages\/1925\/revisions\/4840"}],"wp:attachment":[{"href":"https:\/\/www.laboratoiresactiva.com\/vn\/wp-json\/wp\/v2\/media?parent=1925"}],"curies":[{"name":"wp","href":"https:\/\/api.w.org\/{rel}","templated":true}]}}