{"id":2782,"date":"2019-04-26T14:55:44","date_gmt":"2019-04-26T12:55:44","guid":{"rendered":"https:\/\/www.laboratoiresactiva.com\/vn\/\/?page_id=2782"},"modified":"2021-03-01T22:56:15","modified_gmt":"2021-03-01T21:56:15","slug":"your-condition","status":"publish","type":"page","link":"https:\/\/www.laboratoiresactiva.com\/vn\/your-condition\/","title":{"rendered":"Your condition"},"content":{"rendered":"<div class=\"fusion-fullwidth fullwidth-box fusion-builder-row-1 hundred-percent-fullwidth non-hundred-percent-height-scrolling fusion-equal-height-columns\" style=\"background-color: rgba(255,255,255,0);background-position: center center;background-repeat: no-repeat;padding-top:0px;padding-right:0px;padding-bottom:0px;padding-left:0px;margin-bottom: 0px;margin-top: 0px;border-width: 0px 0px 0px 0px;border-color:#eae9e9;border-style:solid;\" ><div class=\"fusion-builder-row fusion-row\"><div class=\"fusion-layout-column fusion_builder_column fusion-builder-column-0 fusion_builder_column_1_1 1_1 fusion-one-full fusion-column-first fusion-column-last\" style=\"margin-top:0px;margin-bottom:0px;\"><div class=\"fusion-column-wrapper fusion-flex-column-wrapper-legacy\" style=\"background-position:left top;background-repeat:no-repeat;-webkit-background-size:cover;-moz-background-size:cover;-o-background-size:cover;background-size:cover;padding: 50px 10% 50px 10%;\"><div class=\"fusion-text fusion-text-1\"><h2 style=\"text-align: center;\">C\u00e1c d\u00f2ng s\u1ea3n ph\u1ea9m<\/h2>\n<\/div><div class=\"fusion-sep-clear\"><\/div><div class=\"fusion-separator\" style=\"margin-left: auto;margin-right: auto;margin-bottom:30px;width:100%;max-width:100px;\"><div class=\"fusion-separator-border sep-single sep-solid\" style=\"border-color:#0c4da0;border-top-width:4px;\"><\/div><\/div><div class=\"fusion-sep-clear\"><\/div><div class=\"fusion-builder-row fusion-builder-row-inner fusion-row\"><div class=\"fusion-layout-column fusion_builder_column_inner fusion-builder-nested-column-0 fusion_builder_column_inner_1_3 1_3 fusion-one-third fusion-column-first\" style=\"width:33.333333333333%;width:calc(33.333333333333% - ( ( 4% + 4% ) * 0.33333333333333 ) );margin-right: 4%;margin-top:0px;margin-bottom:0px;\"><div class=\"fusion-column-wrapper fusion-flex-column-wrapper-legacy\" style=\"background-position:left top;background-repeat:no-repeat;-webkit-background-size:cover;-moz-background-size:cover;-o-background-size:cover;background-size:cover;padding: 0px 0px 0px 0px;\"><div class=\"imageframe-liftup\"><span class=\" fusion-imageframe imageframe-none imageframe-1\"><a class=\"fusion-no-lightbox\" href=\"https:\/\/www.laboratoiresactiva.com\/vn\/\/deep-action\/\" target=\"_self\" aria-label=\"Logo-activa-well-being\"><img decoding=\"async\" width=\"940\" height=\"470\" alt=\"Activa Bien Etre\" src=\"https:\/\/www.laboratoiresactiva.com\/vn\/wp-content\/uploads\/2020\/01\/EN-Logo-Activa-WB-baseline.jpg\" class=\"img-responsive wp-image-3799\" srcset=\"https:\/\/www.laboratoiresactiva.com\/vn\/wp-content\/uploads\/2020\/01\/EN-Logo-Activa-WB-baseline-200x100.jpg 200w, https:\/\/www.laboratoiresactiva.com\/vn\/wp-content\/uploads\/2020\/01\/EN-Logo-Activa-WB-baseline-400x200.jpg 400w, https:\/\/www.laboratoiresactiva.com\/vn\/wp-content\/uploads\/2020\/01\/EN-Logo-Activa-WB-baseline-600x300.jpg 600w, https:\/\/www.laboratoiresactiva.com\/vn\/wp-content\/uploads\/2020\/01\/EN-Logo-Activa-WB-baseline-800x400.jpg 800w, https:\/\/www.laboratoiresactiva.com\/vn\/wp-content\/uploads\/2020\/01\/EN-Logo-Activa-WB-baseline.jpg 940w\" sizes=\"(max-width: 861px) 100vw, 400px\" \/><\/a><\/span><\/div><div class=\"fusion-clearfix\"><\/div><\/div><\/div><div class=\"fusion-layout-column fusion_builder_column_inner fusion-builder-nested-column-1 fusion_builder_column_inner_1_3 1_3 fusion-one-third\" style=\"width:33.333333333333%;width:calc(33.333333333333% - ( ( 4% + 4% ) * 0.33333333333333 ) );margin-right: 4%;margin-top:0px;margin-bottom:0px;\"><div class=\"fusion-column-wrapper fusion-flex-column-wrapper-legacy\" style=\"background-position:left top;background-repeat:no-repeat;-webkit-background-size:cover;-moz-background-size:cover;-o-background-size:cover;background-size:cover;padding: 0px 0px 0px 0px;\"><div class=\"imageframe-liftup\"><span class=\" fusion-imageframe imageframe-none imageframe-2\"><a class=\"fusion-no-lightbox\" href=\"https:\/\/www.laboratoiresactiva.com\/vn\/\/fast-action\/\" target=\"_self\" aria-label=\"logo-activa-chrono\"><img decoding=\"async\" width=\"940\" height=\"470\" alt=\"Activa Chrono\" src=\"https:\/\/www.laboratoiresactiva.com\/vn\/wp-content\/uploads\/2020\/01\/EN-Logo-Activa-CH-baseline.jpg\" class=\"img-responsive wp-image-3797\" srcset=\"https:\/\/www.laboratoiresactiva.com\/vn\/wp-content\/uploads\/2020\/01\/EN-Logo-Activa-CH-baseline-200x100.jpg 200w, https:\/\/www.laboratoiresactiva.com\/vn\/wp-content\/uploads\/2020\/01\/EN-Logo-Activa-CH-baseline-400x200.jpg 400w, https:\/\/www.laboratoiresactiva.com\/vn\/wp-content\/uploads\/2020\/01\/EN-Logo-Activa-CH-baseline-600x300.jpg 600w, https:\/\/www.laboratoiresactiva.com\/vn\/wp-content\/uploads\/2020\/01\/EN-Logo-Activa-CH-baseline-800x400.jpg 800w, https:\/\/www.laboratoiresactiva.com\/vn\/wp-content\/uploads\/2020\/01\/EN-Logo-Activa-CH-baseline.jpg 940w\" sizes=\"(max-width: 861px) 100vw, 400px\" \/><\/a><\/span><\/div><div class=\"fusion-clearfix\"><\/div><\/div><\/div><div class=\"fusion-layout-column fusion_builder_column_inner fusion-builder-nested-column-2 fusion_builder_column_inner_1_3 1_3 fusion-one-third fusion-column-last\" style=\"width:33.333333333333%;width:calc(33.333333333333% - ( ( 4% + 4% ) * 0.33333333333333 ) );margin-top:0px;margin-bottom:0px;\"><div class=\"fusion-column-wrapper fusion-flex-column-wrapper-legacy\" style=\"background-position:left top;background-repeat:no-repeat;-webkit-background-size:cover;-moz-background-size:cover;-o-background-size:cover;background-size:cover;padding: 0px 0px 0px 0px;\"><div class=\"imageframe-liftup\"><span class=\" fusion-imageframe imageframe-none imageframe-3\"><a class=\"fusion-no-lightbox\" href=\"https:\/\/www.laboratoiresactiva.com\/vn\/\/sports-cure\/\" target=\"_self\" aria-label=\"logo-activa-human-structure\"><img decoding=\"async\" width=\"940\" height=\"470\" alt=\"Activa Human Structure\" src=\"https:\/\/www.laboratoiresactiva.com\/vn\/wp-content\/uploads\/2020\/01\/EN-Logo-Activa-HS-baseline.jpg\" class=\"img-responsive wp-image-3798\" srcset=\"https:\/\/www.laboratoiresactiva.com\/vn\/wp-content\/uploads\/2020\/01\/EN-Logo-Activa-HS-baseline-200x100.jpg 200w, https:\/\/www.laboratoiresactiva.com\/vn\/wp-content\/uploads\/2020\/01\/EN-Logo-Activa-HS-baseline-400x200.jpg 400w, https:\/\/www.laboratoiresactiva.com\/vn\/wp-content\/uploads\/2020\/01\/EN-Logo-Activa-HS-baseline-600x300.jpg 600w, https:\/\/www.laboratoiresactiva.com\/vn\/wp-content\/uploads\/2020\/01\/EN-Logo-Activa-HS-baseline-800x400.jpg 800w, https:\/\/www.laboratoiresactiva.com\/vn\/wp-content\/uploads\/2020\/01\/EN-Logo-Activa-HS-baseline.jpg 940w\" sizes=\"(max-width: 861px) 100vw, 400px\" \/><\/a><\/span><\/div><div class=\"fusion-clearfix\"><\/div><\/div><\/div><\/div><div class=\"fusion-clearfix\"><\/div><\/div><\/div><\/div><\/div><div class=\"fusion-fullwidth fullwidth-box fusion-builder-row-2 nonhundred-percent-fullwidth non-hundred-percent-height-scrolling\" style=\"background-color: rgba(255,255,255,0);background-position: center center;background-repeat: no-repeat;padding-top:0px;padding-right:30px;padding-bottom:0px;padding-left:30px;margin-bottom: 0px;margin-top: 0px;border-width: 0px 0px 0px 0px;border-color:#eae9e9;border-style:solid;\" ><div class=\"fusion-builder-row fusion-row\"><div class=\"fusion-layout-column fusion_builder_column fusion-builder-column-1 fusion_builder_column_1_1 1_1 fusion-one-full fusion-column-first fusion-column-last\" style=\"margin-top:0px;margin-bottom:0px;\"><div class=\"fusion-column-wrapper fusion-flex-column-wrapper-legacy\" style=\"background-position:left top;background-repeat:no-repeat;-webkit-background-size:cover;-moz-background-size:cover;-o-background-size:cover;background-size:cover;padding: 20px 0px 20px 0px;\"><div class=\"fusion-column-content-centered\"><div class=\"fusion-column-content\"><div class=\"fusion-aligncenter\"><style type=\"text\/css\">.fusion-button.button-1 .fusion-button-text, .fusion-button.button-1 i {color:#ffffff;}.fusion-button.button-1 .fusion-button-icon-divider{border-color:#ffffff;}.fusion-button.button-1:hover .fusion-button-text, .fusion-button.button-1:hover i,.fusion-button.button-1:focus .fusion-button-text, .fusion-button.button-1:focus i,.fusion-button.button-1:active .fusion-button-text, .fusion-button.button-1:active{color:#ffffff;}.fusion-button.button-1:hover .fusion-button-icon-divider, .fusion-button.button-1:hover .fusion-button-icon-divider, .fusion-button.button-1:active .fusion-button-icon-divider{border-color:#ffffff;}.fusion-button.button-1:hover, .fusion-button.button-1:focus, .fusion-button.button-1:active{border-color:#ffffff;}.fusion-button.button-1 {border-color:#ffffff;border-radius:0px;}.fusion-button.button-1{background: #113082;}.fusion-button.button-1:hover,.button-1:focus,.fusion-button.button-1:active{background: #406da4;}<\/style><a class=\"fusion-button button-flat fusion-button-default-size button-custom button-1 fusion-button-default-span fusion-button-default-type\" target=\"_blank\" rel=\"noopener noreferrer\" href=\"https:\/\/www.laboratoiresactiva.com\/vn\/wp-content\/uploads\/2020\/04\/stappler-laboratoires-activa-2020.pdf\"><span class=\"fusion-button-text\"> T\u1ea3i v\u1ec1 danh m\u1ee5c s\u1ea3n ph\u1ea9m<\/span><\/a><\/div><\/div><\/div><div class=\"fusion-clearfix\"><\/div><\/div><\/div><\/div><\/div><div class=\"fusion-fullwidth fullwidth-box fusion-builder-row-3 nonhundred-percent-fullwidth non-hundred-percent-height-scrolling\" style=\"background-color: rgba(255,255,255,0);background-position: center center;background-repeat: no-repeat;padding-top:50px;padding-right:30px;padding-bottom:50px;padding-left:30px;margin-bottom: 0px;margin-top: 0px;border-width: 0px 0px 0px 0px;border-color:#eae9e9;border-style:solid;\" ><div class=\"fusion-builder-row fusion-row\"><div class=\"fusion-layout-column fusion_builder_column fusion-builder-column-2 fusion_builder_column_1_1 1_1 fusion-one-full fusion-column-first fusion-column-last\" style=\"margin-top:0px;margin-bottom:0px;\"><div class=\"fusion-column-wrapper fusion-flex-column-wrapper-legacy\" style=\"background-position:left top;background-repeat:no-repeat;-webkit-background-size:cover;-moz-background-size:cover;-o-background-size:cover;background-size:cover;padding: 0px 0px 0px 0px;\"><div class=\"fusion-text fusion-text-2\"><h2 style=\"text-align: center;\">Nh\u1eefng gi\u1ea3i ph\u00e1p c\u1ee7a ch\u00fang t\u00f4i d\u1ef1a v\u00e0o t\u00ecnh tr\u1ea1ng c\u01a1 th\u1ec3 b\u1ea1n<\/h2>\n<\/div><div class=\"fusion-sep-clear\"><\/div><div class=\"fusion-separator\" style=\"margin-left: auto;margin-right: auto;margin-bottom:30px;width:100%;max-width:100px;\"><div class=\"fusion-separator-border sep-single sep-solid\" style=\"border-color:#0c4da0;border-top-width:4px;\"><\/div><\/div><div class=\"fusion-sep-clear\"><\/div><div class=\"fusion-builder-row fusion-builder-row-inner fusion-row\"><div class=\"fusion-layout-column fusion_builder_column_inner fusion-builder-nested-column-3 fusion_builder_column_inner_1_3 1_3 fusion-one-third fusion-column-first\" style=\"width:33.333333333333%;width:calc(33.333333333333% - ( ( 4% + 4% ) * 0.33333333333333 ) );margin-right: 4%;margin-top:0px;margin-bottom:0px;\"><div class=\"fusion-column-wrapper fusion-flex-column-wrapper-legacy\" style=\"background-position:left top;background-repeat:no-repeat;-webkit-background-size:cover;-moz-background-size:cover;-o-background-size:cover;background-size:cover;padding: 0px 0px 0px 0px;\"><div class=\"fusion-text fusion-text-3\"><p style=\"text-align: center;\"><span style=\"color: #113082;\">X\u01af\u01a0NG KH\u1edaP<br \/>\nT\u0102NG C\u01af\u1edcNG S\u1ee8C KHO\u1eba NAM &#8211; N\u1eee<br \/>\nL\u1ee2I TI\u1ec2U<br \/>\nCH\u0102M S\u00d3C DA V\u00c0 T\u00d3C<br \/>\nGI\u1ea2M CHOLESTEROL<\/span><\/p>\n<\/div><div class=\"fusion-clearfix\"><\/div><\/div><\/div><div class=\"fusion-layout-column fusion_builder_column_inner fusion-builder-nested-column-4 fusion_builder_column_inner_1_3 1_3 fusion-one-third\" style=\"width:33.333333333333%;width:calc(33.333333333333% - ( ( 4% + 4% ) * 0.33333333333333 ) );margin-right: 4%;margin-top:0px;margin-bottom:0px;\"><div class=\"fusion-column-wrapper fusion-flex-column-wrapper-legacy\" style=\"background-position:left top;background-repeat:no-repeat;-webkit-background-size:cover;-moz-background-size:cover;-o-background-size:cover;background-size:cover;padding: 0px 0px 0px 0px;\"><div class=\"fusion-text fusion-text-4\"><p style=\"text-align: center;\"><span style=\"color: #113082;\">T\u0102NG TU\u1ea6N HO\u00c0N M\u00c1U<br \/>\nH\u1ed6 TR\u1ee2 TI\u00caU HO\u00c1<br \/>\nT\u0102NG C\u01af\u1edcNG N\u0102NG L\u01af\u1ee2NG<br \/>\nT\u0102NG S\u1ee8C \u0110\u1ec0 KH\u00c1NG<br \/>\nT\u0102NG C\u01af\u1edcNG TR\u00cd NH\u1eda<\/span><\/p>\n<\/div><div class=\"fusion-clearfix\"><\/div><\/div><\/div><div class=\"fusion-layout-column fusion_builder_column_inner fusion-builder-nested-column-5 fusion_builder_column_inner_1_3 1_3 fusion-one-third fusion-column-last\" style=\"width:33.333333333333%;width:calc(33.333333333333% - ( ( 4% + 4% ) * 0.33333333333333 ) );margin-top:0px;margin-bottom:0px;\"><div class=\"fusion-column-wrapper fusion-flex-column-wrapper-legacy\" style=\"background-position:left top;background-repeat:no-repeat;-webkit-background-size:cover;-moz-background-size:cover;-o-background-size:cover;background-size:cover;padding: 0px 0px 0px 0px;\"><div class=\"fusion-text fusion-text-5\"><p style=\"text-align: center;\"><span style=\"color: #113082;\">GI\u1ea2M C\u00c2N V\u00c0 TH\u1ea2I \u0110\u1ed8C<br \/>\nH\u00d4 H\u1ea4P<br \/>\nTH\u01af GI\u00c3N V\u00c0 NG\u1ee6 NGON<br \/>\nTH\u1ec2 THAO V\u00c0 CHUY\u1ec2N HO\u00c1<br \/>\n\u0110I\u1ec0U HO\u00c0 HUY\u1ebeT \u00c1P<\/span><\/p>\n<\/div><div class=\"fusion-clearfix\"><\/div><\/div><\/div><\/div><div class=\"fusion-clearfix\"><\/div><\/div><\/div><\/div><\/div>\n","protected":false},"excerpt":{"rendered":"","protected":false},"author":4,"featured_media":0,"parent":0,"menu_order":0,"comment_status":"closed","ping_status":"closed","template":"100-width.php","meta":{"_monsterinsights_skip_tracking":false,"_monsterinsights_sitenote_active":false,"_monsterinsights_sitenote_note":"","_monsterinsights_sitenote_category":0,"footnotes":""},"class_list":["post-2782","page","type-page","status-publish","hentry"],"yoast_head":"<!-- This site is optimized with the Yoast SEO plugin v27.6 - https:\/\/yoast.com\/product\/yoast-seo-wordpress\/ -->\n<title>Laboratoires Activa - Our solutions according to a condition<\/title>\n<meta name=\"robots\" content=\"index, follow, max-snippet:-1, max-image-preview:large, max-video-preview:-1\" \/>\n<link rel=\"canonical\" href=\"https:\/\/www.laboratoiresactiva.com\/vn\/your-condition\/\" \/>\n<meta property=\"og:locale\" content=\"en_US\" \/>\n<meta property=\"og:type\" content=\"article\" \/>\n<meta property=\"og:title\" content=\"Laboratoires Activa - Our solutions according to a condition\" \/>\n<meta property=\"og:url\" content=\"https:\/\/www.laboratoiresactiva.com\/vn\/your-condition\/\" \/>\n<meta property=\"og:site_name\" content=\"Laboratoires Activa\" \/>\n<meta property=\"article:modified_time\" content=\"2021-03-01T21:56:15+00:00\" \/>\n<meta name=\"twitter:card\" content=\"summary_large_image\" \/>\n<meta name=\"twitter:label1\" content=\"Est. reading time\" \/>\n\t<meta name=\"twitter:data1\" content=\"11 minutes\" \/>\n<script type=\"application\/ld+json\" class=\"yoast-schema-graph\">{\"@context\":\"https:\\\/\\\/schema.org\",\"@graph\":[{\"@type\":\"WebPage\",\"@id\":\"https:\\\/\\\/www.laboratoiresactiva.com\\\/vn\\\/your-condition\\\/\",\"url\":\"https:\\\/\\\/www.laboratoiresactiva.com\\\/vn\\\/your-condition\\\/\",\"name\":\"Laboratoires Activa - Our solutions according to a condition\",\"isPartOf\":{\"@id\":\"https:\\\/\\\/www.laboratoiresactiva.com\\\/vn\\\/#website\"},\"datePublished\":\"2019-04-26T12:55:44+00:00\",\"dateModified\":\"2021-03-01T21:56:15+00:00\",\"breadcrumb\":{\"@id\":\"https:\\\/\\\/www.laboratoiresactiva.com\\\/vn\\\/your-condition\\\/#breadcrumb\"},\"inLanguage\":\"en-US\",\"potentialAction\":[{\"@type\":\"ReadAction\",\"target\":[\"https:\\\/\\\/www.laboratoiresactiva.com\\\/vn\\\/your-condition\\\/\"]}]},{\"@type\":\"BreadcrumbList\",\"@id\":\"https:\\\/\\\/www.laboratoiresactiva.com\\\/vn\\\/your-condition\\\/#breadcrumb\",\"itemListElement\":[{\"@type\":\"ListItem\",\"position\":1,\"name\":\"Accueil\",\"item\":\"https:\\\/\\\/www.laboratoiresactiva.com\\\/vn\\\/\"},{\"@type\":\"ListItem\",\"position\":2,\"name\":\"Your condition\"}]},{\"@type\":\"WebSite\",\"@id\":\"https:\\\/\\\/www.laboratoiresactiva.com\\\/vn\\\/#website\",\"url\":\"https:\\\/\\\/www.laboratoiresactiva.com\\\/vn\\\/\",\"name\":\"Laboratoires Activa\",\"description\":\"Supplements 100% naturals\",\"potentialAction\":[{\"@type\":\"SearchAction\",\"target\":{\"@type\":\"EntryPoint\",\"urlTemplate\":\"https:\\\/\\\/www.laboratoiresactiva.com\\\/vn\\\/?s={search_term_string}\"},\"query-input\":{\"@type\":\"PropertyValueSpecification\",\"valueRequired\":true,\"valueName\":\"search_term_string\"}}],\"inLanguage\":\"en-US\"}]}<\/script>\n<!-- \/ Yoast SEO plugin. -->","yoast_head_json":{"title":"Laboratoires Activa - Our solutions according to a condition","robots":{"index":"index","follow":"follow","max-snippet":"max-snippet:-1","max-image-preview":"max-image-preview:large","max-video-preview":"max-video-preview:-1"},"canonical":"https:\/\/www.laboratoiresactiva.com\/vn\/your-condition\/","og_locale":"en_US","og_type":"article","og_title":"Laboratoires Activa - Our solutions according to a condition","og_url":"https:\/\/www.laboratoiresactiva.com\/vn\/your-condition\/","og_site_name":"Laboratoires Activa","article_modified_time":"2021-03-01T21:56:15+00:00","twitter_card":"summary_large_image","twitter_misc":{"Est. reading time":"11 minutes"},"schema":{"@context":"https:\/\/schema.org","@graph":[{"@type":"WebPage","@id":"https:\/\/www.laboratoiresactiva.com\/vn\/your-condition\/","url":"https:\/\/www.laboratoiresactiva.com\/vn\/your-condition\/","name":"Laboratoires Activa - Our solutions according to a condition","isPartOf":{"@id":"https:\/\/www.laboratoiresactiva.com\/vn\/#website"},"datePublished":"2019-04-26T12:55:44+00:00","dateModified":"2021-03-01T21:56:15+00:00","breadcrumb":{"@id":"https:\/\/www.laboratoiresactiva.com\/vn\/your-condition\/#breadcrumb"},"inLanguage":"en-US","potentialAction":[{"@type":"ReadAction","target":["https:\/\/www.laboratoiresactiva.com\/vn\/your-condition\/"]}]},{"@type":"BreadcrumbList","@id":"https:\/\/www.laboratoiresactiva.com\/vn\/your-condition\/#breadcrumb","itemListElement":[{"@type":"ListItem","position":1,"name":"Accueil","item":"https:\/\/www.laboratoiresactiva.com\/vn\/"},{"@type":"ListItem","position":2,"name":"Your condition"}]},{"@type":"WebSite","@id":"https:\/\/www.laboratoiresactiva.com\/vn\/#website","url":"https:\/\/www.laboratoiresactiva.com\/vn\/","name":"Laboratoires Activa","description":"Supplements 100% naturals","potentialAction":[{"@type":"SearchAction","target":{"@type":"EntryPoint","urlTemplate":"https:\/\/www.laboratoiresactiva.com\/vn\/?s={search_term_string}"},"query-input":{"@type":"PropertyValueSpecification","valueRequired":true,"valueName":"search_term_string"}}],"inLanguage":"en-US"}]}},"_links":{"self":[{"href":"https:\/\/www.laboratoiresactiva.com\/vn\/wp-json\/wp\/v2\/pages\/2782","targetHints":{"allow":["GET"]}}],"collection":[{"href":"https:\/\/www.laboratoiresactiva.com\/vn\/wp-json\/wp\/v2\/pages"}],"about":[{"href":"https:\/\/www.laboratoiresactiva.com\/vn\/wp-json\/wp\/v2\/types\/page"}],"author":[{"embeddable":true,"href":"https:\/\/www.laboratoiresactiva.com\/vn\/wp-json\/wp\/v2\/users\/4"}],"replies":[{"embeddable":true,"href":"https:\/\/www.laboratoiresactiva.com\/vn\/wp-json\/wp\/v2\/comments?post=2782"}],"version-history":[{"count":36,"href":"https:\/\/www.laboratoiresactiva.com\/vn\/wp-json\/wp\/v2\/pages\/2782\/revisions"}],"predecessor-version":[{"id":4793,"href":"https:\/\/www.laboratoiresactiva.com\/vn\/wp-json\/wp\/v2\/pages\/2782\/revisions\/4793"}],"wp:attachment":[{"href":"https:\/\/www.laboratoiresactiva.com\/vn\/wp-json\/wp\/v2\/media?parent=2782"}],"curies":[{"name":"wp","href":"https:\/\/api.w.org\/{rel}","templated":true}]}}