{"id":3066,"date":"2019-05-29T16:06:02","date_gmt":"2019-05-29T14:06:02","guid":{"rendered":"https:\/\/www.laboratoiresactiva.com\/vn\/\/?page_id=3066"},"modified":"2020-01-16T13:16:57","modified_gmt":"2020-01-16T12:16:57","slug":"news-sport","status":"publish","type":"page","link":"https:\/\/www.laboratoiresactiva.com\/vn\/news-sport\/","title":{"rendered":"News Sport"},"content":{"rendered":"<div class=\"fusion-fullwidth fullwidth-box fusion-builder-row-1 nonhundred-percent-fullwidth non-hundred-percent-height-scrolling\" style=\"background-color: rgba(255,255,255,0);background-position: center center;background-repeat: no-repeat;padding-top:0px;padding-right:30px;padding-bottom:0px;padding-left:30px;margin-bottom: 0px;margin-top: 0px;border-width: 0px 0px 0px 0px;border-color:#eae9e9;border-style:solid;\" ><div class=\"fusion-builder-row fusion-row\"><div class=\"fusion-layout-column fusion_builder_column fusion-builder-column-0 fusion_builder_column_1_1 1_1 fusion-one-full fusion-column-first fusion-column-last\" style=\"margin-top:0px;margin-bottom:0px;\"><div class=\"fusion-column-wrapper fusion-flex-column-wrapper-legacy\" style=\"background-position:left top;background-repeat:no-repeat;-webkit-background-size:cover;-moz-background-size:cover;-o-background-size:cover;background-size:cover;padding: 80px 10px 50px 10px;\"><div class=\"fusion-text fusion-text-1\"><h3 style=\"text-align: center;\">Activa sports news<\/h3>\n<\/div><div class=\"fusion-recent-posts fusion-recent-posts-1 avada-container layout-default layout-columns-3\"><section class=\"fusion-columns columns fusion-columns-3 columns-3\"><article class=\"post fusion-column column col col-lg-4 col-md-4 col-sm-4\"><div class=\"fusion-flexslider fusion-flexslider-loading flexslider flexslider-hover-type-liftup\"><ul class=\"slides\"><li><a href=\"https:\/\/www.laboratoiresactiva.com\/vn\/marine-sansinena-championne-de-france-de-marathon-canoe-kayak\/\" aria-label=\"[CANOE &#038; KAYAK MARATHON] Marine Sansinena, France champion\" class=\"hover-type-liftup\"><img decoding=\"async\" width=\"700\" height=\"441\" src=\"https:\/\/www.laboratoiresactiva.com\/vn\/wp-content\/uploads\/2020\/01\/activa_sport_marine-700x441.jpg\" class=\"attachment-recent-posts size-recent-posts\" alt=\"\" srcset=\"https:\/\/www.laboratoiresactiva.com\/vn\/wp-content\/uploads\/2020\/01\/activa_sport_marine-200x126.jpg 200w, https:\/\/www.laboratoiresactiva.com\/vn\/wp-content\/uploads\/2020\/01\/activa_sport_marine-300x189.jpg 300w, https:\/\/www.laboratoiresactiva.com\/vn\/wp-content\/uploads\/2020\/01\/activa_sport_marine-320x202.jpg 320w, https:\/\/www.laboratoiresactiva.com\/vn\/wp-content\/uploads\/2020\/01\/activa_sport_marine-400x252.jpg 400w, https:\/\/www.laboratoiresactiva.com\/vn\/wp-content\/uploads\/2020\/01\/activa_sport_marine-600x378.jpg 600w, https:\/\/www.laboratoiresactiva.com\/vn\/wp-content\/uploads\/2020\/01\/activa_sport_marine.jpg 700w\" sizes=\"(max-width: 700px) 100vw, 700px\" \/><\/a><\/li><\/ul><\/div><div class=\"recent-posts-content\"><span class=\"vcard\" style=\"display: none;\"><span class=\"fn\"><a href=\"https:\/\/www.laboratoiresactiva.com\/vn\/author\/amanda\/\" title=\"Posts by Amanda Janvier\" rel=\"author\">Amanda Janvier<\/a><\/span><\/span><span class=\"updated\" style=\"display:none;\">2020-02-13T03:42:24+01:00<\/span><h4 class=\"entry-title\"><a href=\"https:\/\/www.laboratoiresactiva.com\/vn\/marine-sansinena-championne-de-france-de-marathon-canoe-kayak\/\">[CANOE &#038; KAYAK MARATHON] Marine Sansinena, France champion<\/a><\/h4><\/div><\/article><article class=\"post fusion-column column col col-lg-4 col-md-4 col-sm-4\"><div class=\"fusion-flexslider fusion-flexslider-loading flexslider flexslider-hover-type-liftup\"><ul class=\"slides\"><li><a href=\"https:\/\/www.laboratoiresactiva.com\/vn\/ironman-70-3-rachel-clausing-championne-du-monde\/\" aria-label=\"[IRONMAN 70.3] Rachel Clausing, world champion\" class=\"hover-type-liftup\"><img decoding=\"async\" width=\"700\" height=\"441\" src=\"https:\/\/www.laboratoiresactiva.com\/vn\/wp-content\/uploads\/2020\/01\/activa_sport_rachel-700x441.jpg\" class=\"attachment-recent-posts size-recent-posts\" alt=\"\" srcset=\"https:\/\/www.laboratoiresactiva.com\/vn\/wp-content\/uploads\/2020\/01\/activa_sport_rachel-200x126.jpg 200w, https:\/\/www.laboratoiresactiva.com\/vn\/wp-content\/uploads\/2020\/01\/activa_sport_rachel-300x189.jpg 300w, https:\/\/www.laboratoiresactiva.com\/vn\/wp-content\/uploads\/2020\/01\/activa_sport_rachel-320x202.jpg 320w, https:\/\/www.laboratoiresactiva.com\/vn\/wp-content\/uploads\/2020\/01\/activa_sport_rachel-400x252.jpg 400w, https:\/\/www.laboratoiresactiva.com\/vn\/wp-content\/uploads\/2020\/01\/activa_sport_rachel-600x378.jpg 600w, https:\/\/www.laboratoiresactiva.com\/vn\/wp-content\/uploads\/2020\/01\/activa_sport_rachel.jpg 700w\" sizes=\"(max-width: 700px) 100vw, 700px\" \/><\/a><\/li><\/ul><\/div><div class=\"recent-posts-content\"><span class=\"vcard\" style=\"display: none;\"><span class=\"fn\"><a href=\"https:\/\/www.laboratoiresactiva.com\/vn\/author\/amanda\/\" title=\"Posts by Amanda Janvier\" rel=\"author\">Amanda Janvier<\/a><\/span><\/span><span class=\"updated\" style=\"display:none;\">2020-02-13T03:41:35+01:00<\/span><h4 class=\"entry-title\"><a href=\"https:\/\/www.laboratoiresactiva.com\/vn\/ironman-70-3-rachel-clausing-championne-du-monde\/\">[IRONMAN 70.3] Rachel Clausing, world champion<\/a><\/h4><\/div><\/article><article class=\"post fusion-column column col col-lg-4 col-md-4 col-sm-4\"><div class=\"fusion-flexslider fusion-flexslider-loading flexslider flexslider-hover-type-liftup\"><ul class=\"slides\"><li><a href=\"https:\/\/www.laboratoiresactiva.com\/vn\/thomas-navarro-champion-du-trigames\/\" aria-label=\"[TRIGAMES] Thomas Navarro, TriGames Champion\" class=\"hover-type-liftup\"><img decoding=\"async\" width=\"700\" height=\"441\" src=\"https:\/\/www.laboratoiresactiva.com\/vn\/wp-content\/uploads\/2020\/01\/thomas-navarro-700x441-2-700x441.jpg\" class=\"attachment-recent-posts size-recent-posts\" alt=\"\" srcset=\"https:\/\/www.laboratoiresactiva.com\/vn\/wp-content\/uploads\/2020\/01\/thomas-navarro-700x441-2-200x126.jpg 200w, https:\/\/www.laboratoiresactiva.com\/vn\/wp-content\/uploads\/2020\/01\/thomas-navarro-700x441-2-300x189.jpg 300w, https:\/\/www.laboratoiresactiva.com\/vn\/wp-content\/uploads\/2020\/01\/thomas-navarro-700x441-2-320x202.jpg 320w, https:\/\/www.laboratoiresactiva.com\/vn\/wp-content\/uploads\/2020\/01\/thomas-navarro-700x441-2-400x252.jpg 400w, https:\/\/www.laboratoiresactiva.com\/vn\/wp-content\/uploads\/2020\/01\/thomas-navarro-700x441-2-600x378.jpg 600w, https:\/\/www.laboratoiresactiva.com\/vn\/wp-content\/uploads\/2020\/01\/thomas-navarro-700x441-2.jpg 700w\" sizes=\"(max-width: 700px) 100vw, 700px\" \/><\/a><\/li><\/ul><\/div><div class=\"recent-posts-content\"><span class=\"vcard\" style=\"display: none;\"><span class=\"fn\"><a href=\"https:\/\/www.laboratoiresactiva.com\/vn\/author\/amanda\/\" title=\"Posts by Amanda Janvier\" rel=\"author\">Amanda Janvier<\/a><\/span><\/span><span class=\"updated\" style=\"display:none;\">2020-02-13T03:41:02+01:00<\/span><h4 class=\"entry-title\"><a href=\"https:\/\/www.laboratoiresactiva.com\/vn\/thomas-navarro-champion-du-trigames\/\">[TRIGAMES] Thomas Navarro, TriGames Champion<\/a><\/h4><\/div><\/article><\/section><\/div><div class=\"fusion-clearfix\"><\/div><\/div><\/div><\/div><\/div>\n","protected":false},"excerpt":{"rendered":"","protected":false},"author":3,"featured_media":0,"parent":0,"menu_order":0,"comment_status":"closed","ping_status":"closed","template":"100-width.php","meta":{"_monsterinsights_skip_tracking":false,"_monsterinsights_sitenote_active":false,"_monsterinsights_sitenote_note":"","_monsterinsights_sitenote_category":0,"footnotes":""},"class_list":["post-3066","page","type-page","status-publish","hentry"],"yoast_head":"<!-- This site is optimized with the Yoast SEO plugin v27.4 - https:\/\/yoast.com\/product\/yoast-seo-wordpress\/ -->\n<title>Laboratoires Activa - Sp\u00e9cialiste des compl\u00e9ments alimentaires naturels<\/title>\n<meta name=\"description\" content=\"Les Laboratoires Activa, sp\u00e9cialistes en phytoth\u00e9rapie vous propose une gamme de compl\u00e9ments alimentaires \u00e0 base de plantes aux actifs 100% naturels\" \/>\n<meta name=\"robots\" content=\"index, follow, max-snippet:-1, max-image-preview:large, max-video-preview:-1\" \/>\n<link rel=\"canonical\" href=\"https:\/\/www.laboratoiresactiva.com\/vn\/news-sport\/\" \/>\n<meta property=\"og:locale\" content=\"en_US\" \/>\n<meta property=\"og:type\" content=\"article\" \/>\n<meta property=\"og:title\" content=\"Laboratoires Activa - Sp\u00e9cialiste des compl\u00e9ments alimentaires naturels\" \/>\n<meta property=\"og:description\" content=\"Les Laboratoires Activa, sp\u00e9cialistes en phytoth\u00e9rapie vous propose une gamme de compl\u00e9ments alimentaires \u00e0 base de plantes aux actifs 100% naturels\" \/>\n<meta property=\"og:url\" content=\"https:\/\/www.laboratoiresactiva.com\/vn\/news-sport\/\" \/>\n<meta property=\"og:site_name\" content=\"Laboratoires Activa\" \/>\n<meta property=\"article:modified_time\" content=\"2020-01-16T12:16:57+00:00\" \/>\n<meta name=\"twitter:card\" content=\"summary_large_image\" \/>\n<meta name=\"twitter:label1\" content=\"Est. reading time\" \/>\n\t<meta name=\"twitter:data1\" content=\"1 minute\" \/>\n<script type=\"application\/ld+json\" class=\"yoast-schema-graph\">{\"@context\":\"https:\\\/\\\/schema.org\",\"@graph\":[{\"@type\":\"WebPage\",\"@id\":\"https:\\\/\\\/www.laboratoiresactiva.com\\\/vn\\\/news-sport\\\/\",\"url\":\"https:\\\/\\\/www.laboratoiresactiva.com\\\/vn\\\/news-sport\\\/\",\"name\":\"Laboratoires Activa - Sp\u00e9cialiste des compl\u00e9ments alimentaires naturels\",\"isPartOf\":{\"@id\":\"https:\\\/\\\/www.laboratoiresactiva.com\\\/vn\\\/#website\"},\"datePublished\":\"2019-05-29T14:06:02+00:00\",\"dateModified\":\"2020-01-16T12:16:57+00:00\",\"description\":\"Les Laboratoires Activa, sp\u00e9cialistes en phytoth\u00e9rapie vous propose une gamme de compl\u00e9ments alimentaires \u00e0 base de plantes aux actifs 100% naturels\",\"breadcrumb\":{\"@id\":\"https:\\\/\\\/www.laboratoiresactiva.com\\\/vn\\\/news-sport\\\/#breadcrumb\"},\"inLanguage\":\"en-US\",\"potentialAction\":[{\"@type\":\"ReadAction\",\"target\":[\"https:\\\/\\\/www.laboratoiresactiva.com\\\/vn\\\/news-sport\\\/\"]}]},{\"@type\":\"BreadcrumbList\",\"@id\":\"https:\\\/\\\/www.laboratoiresactiva.com\\\/vn\\\/news-sport\\\/#breadcrumb\",\"itemListElement\":[{\"@type\":\"ListItem\",\"position\":1,\"name\":\"Accueil\",\"item\":\"https:\\\/\\\/www.laboratoiresactiva.com\\\/vn\\\/\"},{\"@type\":\"ListItem\",\"position\":2,\"name\":\"News Sport\"}]},{\"@type\":\"WebSite\",\"@id\":\"https:\\\/\\\/www.laboratoiresactiva.com\\\/vn\\\/#website\",\"url\":\"https:\\\/\\\/www.laboratoiresactiva.com\\\/vn\\\/\",\"name\":\"Laboratoires Activa\",\"description\":\"Supplements 100% naturals\",\"potentialAction\":[{\"@type\":\"SearchAction\",\"target\":{\"@type\":\"EntryPoint\",\"urlTemplate\":\"https:\\\/\\\/www.laboratoiresactiva.com\\\/vn\\\/?s={search_term_string}\"},\"query-input\":{\"@type\":\"PropertyValueSpecification\",\"valueRequired\":true,\"valueName\":\"search_term_string\"}}],\"inLanguage\":\"en-US\"}]}<\/script>\n<!-- \/ Yoast SEO plugin. -->","yoast_head_json":{"title":"Laboratoires Activa - Sp\u00e9cialiste des compl\u00e9ments alimentaires naturels","description":"Les Laboratoires Activa, sp\u00e9cialistes en phytoth\u00e9rapie vous propose une gamme de compl\u00e9ments alimentaires \u00e0 base de plantes aux actifs 100% naturels","robots":{"index":"index","follow":"follow","max-snippet":"max-snippet:-1","max-image-preview":"max-image-preview:large","max-video-preview":"max-video-preview:-1"},"canonical":"https:\/\/www.laboratoiresactiva.com\/vn\/news-sport\/","og_locale":"en_US","og_type":"article","og_title":"Laboratoires Activa - Sp\u00e9cialiste des compl\u00e9ments alimentaires naturels","og_description":"Les Laboratoires Activa, sp\u00e9cialistes en phytoth\u00e9rapie vous propose une gamme de compl\u00e9ments alimentaires \u00e0 base de plantes aux actifs 100% naturels","og_url":"https:\/\/www.laboratoiresactiva.com\/vn\/news-sport\/","og_site_name":"Laboratoires Activa","article_modified_time":"2020-01-16T12:16:57+00:00","twitter_card":"summary_large_image","twitter_misc":{"Est. reading time":"1 minute"},"schema":{"@context":"https:\/\/schema.org","@graph":[{"@type":"WebPage","@id":"https:\/\/www.laboratoiresactiva.com\/vn\/news-sport\/","url":"https:\/\/www.laboratoiresactiva.com\/vn\/news-sport\/","name":"Laboratoires Activa - Sp\u00e9cialiste des compl\u00e9ments alimentaires naturels","isPartOf":{"@id":"https:\/\/www.laboratoiresactiva.com\/vn\/#website"},"datePublished":"2019-05-29T14:06:02+00:00","dateModified":"2020-01-16T12:16:57+00:00","description":"Les Laboratoires Activa, sp\u00e9cialistes en phytoth\u00e9rapie vous propose une gamme de compl\u00e9ments alimentaires \u00e0 base de plantes aux actifs 100% naturels","breadcrumb":{"@id":"https:\/\/www.laboratoiresactiva.com\/vn\/news-sport\/#breadcrumb"},"inLanguage":"en-US","potentialAction":[{"@type":"ReadAction","target":["https:\/\/www.laboratoiresactiva.com\/vn\/news-sport\/"]}]},{"@type":"BreadcrumbList","@id":"https:\/\/www.laboratoiresactiva.com\/vn\/news-sport\/#breadcrumb","itemListElement":[{"@type":"ListItem","position":1,"name":"Accueil","item":"https:\/\/www.laboratoiresactiva.com\/vn\/"},{"@type":"ListItem","position":2,"name":"News Sport"}]},{"@type":"WebSite","@id":"https:\/\/www.laboratoiresactiva.com\/vn\/#website","url":"https:\/\/www.laboratoiresactiva.com\/vn\/","name":"Laboratoires Activa","description":"Supplements 100% naturals","potentialAction":[{"@type":"SearchAction","target":{"@type":"EntryPoint","urlTemplate":"https:\/\/www.laboratoiresactiva.com\/vn\/?s={search_term_string}"},"query-input":{"@type":"PropertyValueSpecification","valueRequired":true,"valueName":"search_term_string"}}],"inLanguage":"en-US"}]}},"_links":{"self":[{"href":"https:\/\/www.laboratoiresactiva.com\/vn\/wp-json\/wp\/v2\/pages\/3066","targetHints":{"allow":["GET"]}}],"collection":[{"href":"https:\/\/www.laboratoiresactiva.com\/vn\/wp-json\/wp\/v2\/pages"}],"about":[{"href":"https:\/\/www.laboratoiresactiva.com\/vn\/wp-json\/wp\/v2\/types\/page"}],"author":[{"embeddable":true,"href":"https:\/\/www.laboratoiresactiva.com\/vn\/wp-json\/wp\/v2\/users\/3"}],"replies":[{"embeddable":true,"href":"https:\/\/www.laboratoiresactiva.com\/vn\/wp-json\/wp\/v2\/comments?post=3066"}],"version-history":[{"count":4,"href":"https:\/\/www.laboratoiresactiva.com\/vn\/wp-json\/wp\/v2\/pages\/3066\/revisions"}],"predecessor-version":[{"id":3839,"href":"https:\/\/www.laboratoiresactiva.com\/vn\/wp-json\/wp\/v2\/pages\/3066\/revisions\/3839"}],"wp:attachment":[{"href":"https:\/\/www.laboratoiresactiva.com\/vn\/wp-json\/wp\/v2\/media?parent=3066"}],"curies":[{"name":"wp","href":"https:\/\/api.w.org\/{rel}","templated":true}]}}