{"id":650,"date":"2017-12-12T14:55:49","date_gmt":"2017-12-12T13:55:49","guid":{"rendered":"https:\/\/www.laboratoiresactiva.com\/vn\/\/?page_id=650"},"modified":"2021-07-31T13:22:06","modified_gmt":"2021-07-31T11:22:06","slug":"who-we-are","status":"publish","type":"page","link":"https:\/\/www.laboratoiresactiva.com\/vn\/who-we-are\/","title":{"rendered":"Who we are ?"},"content":{"rendered":"<div class=\"fusion-fullwidth fullwidth-box fusion-builder-row-1 fusion-parallax-none hundred-percent-fullwidth non-hundred-percent-height-scrolling\" style=\"background-color: rgba(255,255,255,0);background-image: url(&quot;https:\/\/www.laboratoiresactiva.com\/vn\/\/wp-content\/uploads\/2018\/01\/savoir-faire-laboratoires-activa-e1560776200917.png&quot;);background-position: center center;background-repeat: no-repeat;padding-top:0px;padding-right:30px;padding-bottom:50px;padding-left:30px;margin-bottom: 0px;margin-top: 0px;border-width: 0px 0px 0px 0px;border-color:#eae9e9;border-style:solid;-webkit-background-size:cover;-moz-background-size:cover;-o-background-size:cover;background-size:cover;\" ><div class=\"fusion-builder-row fusion-row\"><div class=\"fusion-layout-column fusion_builder_column fusion-builder-column-0 fusion_builder_column_1_1 1_1 fusion-one-full fusion-column-first fusion-column-last\" style=\"margin-top:0px;margin-bottom:0px;\"><div class=\"fusion-column-wrapper fusion-flex-column-wrapper-legacy\" style=\"background-position:left top;background-repeat:no-repeat;-webkit-background-size:cover;-moz-background-size:cover;-o-background-size:cover;background-size:cover;padding: 150px 0px 150px 0px;\"><div class=\"fusion-text fusion-text-1\"><h1 style=\"text-align: left;\"><strong><span style=\"color: #ffffff;\">Ch\u00fang t\u00f4i l\u00e0 ai<\/span><\/strong><\/h1>\n<\/div><div class=\"fusion-clearfix\"><\/div><\/div><\/div><\/div><\/div><div class=\"fusion-fullwidth fullwidth-box fusion-builder-row-2 hundred-percent-fullwidth non-hundred-percent-height-scrolling fusion-equal-height-columns\" style=\"background-color: rgba(255,255,255,0);background-position: center center;background-repeat: no-repeat;padding-top:20px;padding-right:0px;padding-bottom:0px;padding-left:0px;margin-bottom: 0px;margin-top: 0px;border-width: 0px 0px 0px 0px;border-color:#eae9e9;border-style:solid;\" ><div class=\"fusion-builder-row fusion-row\"><div class=\"fusion-layout-column fusion_builder_column fusion-builder-column-1 fusion_builder_column_1_2 1_2 fusion-one-half fusion-column-first\" style=\"width:50%;width:calc(50% - ( ( 0 ) * 0.5 ) );margin-right: 0px;margin-top:0px;margin-bottom:0px;\"><div class=\"fusion-column-wrapper fusion-flex-column-wrapper-legacy\" style=\"background-position:left top;background-repeat:no-repeat;-webkit-background-size:cover;-moz-background-size:cover;-o-background-size:cover;background-size:cover;padding: 100px 8% 100px 8%;\"><div class=\"fusion-text fusion-text-2\"><h2 style=\"color: #113082;\" data-fontsize=\"40\" data-lineheight=\"52\">C\u00e2u chuy\u1ec7n c\u1ee7a ch\u00fang t\u00f4i:<\/h2>\n<\/div><div class=\"fusion-sep-clear\"><\/div><div class=\"fusion-separator fusion-clearfix\" style=\"float:left;margin-bottom:30px;width:100%;max-width:100px;\"><div class=\"fusion-separator-border sep-single sep-solid\" style=\"border-color:#0c4da0;border-top-width:2px;\"><\/div><\/div><div class=\"fusion-sep-clear\"><\/div><div class=\"fusion-text fusion-text-3\"><p style=\"text-align: justify;\">Activa laboratories \u0111\u1ec1 cao gi\u00e1 tr\u1ecb c\u1ed1t l\u00f5i c\u1ee7a vi\u1ec7c cung c\u1ea5p nh\u1eefng gi\u1ea3i ph\u00e1p t\u1eeb thi\u00ean nhi\u00ean \u0111\u1ec3 \u0111\u1ea1t \u0111\u01b0\u1ee3c s\u1ef1 th\u1ecbnh v\u01b0\u1ee3ng v\u1ec1 s\u1ee9c kh\u1ecfe. Nh\u1eefng gi\u1ea3i ph\u00e1p chuy\u00ean s\u00e2u c\u1ee7a ch\u00fang t\u00f4i h\u01b0\u1edbng \u0111\u1ebfn m\u1ee5c ti\u00eau t\u00e1i t\u1ea1o s\u1ef1 c\u00e2n b\u1eb1ng v\u00e0 nu\u00f4i d\u01b0\u1ee1ng c\u00e1c c\u01a1 ch\u1ebf t\u1ef1 ph\u1ee5c h\u1ed3i t\u1ef1 nhi\u00ean c\u1ee7a c\u01a1 th\u1ec3 h\u01a1n l\u00e0 nh\u1eefng h\u00e0nh \u0111\u1ed9ng ch\u1ed1ng l\u1ea1i s\u1ef1 c\u00e2n b\u1eb1ng hay \u0111i\u1ec1u tr\u1ecb tri\u1ec7u ch\u1ee9ng \u0111\u1ec3 g\u00e2y ra s\u1ef1 r\u1ed1i lo\u1ea1n ch\u1ee9c n\u0103ng h\u01a1n n\u1eefa.<\/p>\n<\/div><ul class=\"fusion-checklist fusion-checklist-1\" style=\"font-size:16px;line-height:27.2px;\"><li class=\"fusion-li-item\"><span style=\"height:27.2px;width:27.2px;margin-right:11.2px;\" class=\"icon-wrapper circle-no\"><i class=\"fusion-li-icon fa-flask fas\" style=\"color:#113082;\" aria-hidden=\"true\"><\/i><\/span><div class=\"fusion-li-item-content\" style=\"margin-left:38.4px;\">\n<p><strong>1999 &#8211;<\/strong> Th\u00e0nh l\u1eadp ph\u00f2ng th\u00ed nghi\u1ec7m.<\/p>\n<\/div><\/li><li class=\"fusion-li-item\"><span style=\"height:27.2px;width:27.2px;margin-right:11.2px;\" class=\"icon-wrapper circle-no\"><i class=\"fusion-li-icon fa-flask fas\" style=\"color:#113082;\" aria-hidden=\"true\"><\/i><\/span><div class=\"fusion-li-item-content\" style=\"margin-left:38.4px;\">\n<p><strong>2000<\/strong> &#8211; B\u1eaft \u0111\u1ea7u nh\u1eefng nghi\u00ean c\u1ee9u v\u00e0 ph\u00e1t tri\u1ec3n \u0111\u1ea7u ti\u00ean.<\/p>\n<\/div><\/li><li class=\"fusion-li-item\"><span style=\"height:27.2px;width:27.2px;margin-right:11.2px;\" class=\"icon-wrapper circle-no\"><i class=\"fusion-li-icon fa-flask fas\" style=\"color:#113082;\" aria-hidden=\"true\"><\/i><\/span><div class=\"fusion-li-item-content\" style=\"margin-left:38.4px;\">\n<p><strong>2006<\/strong> &#8211; Ra m\u1eaft d\u00f2ng s\u1ea3n ph\u1ea9m Well &#8211; Being.<\/p>\n<\/div><\/li><li class=\"fusion-li-item\"><span style=\"height:27.2px;width:27.2px;margin-right:11.2px;\" class=\"icon-wrapper circle-no\"><i class=\"fusion-li-icon fa-flask fas\" style=\"color:#113082;\" aria-hidden=\"true\"><\/i><\/span><div class=\"fusion-li-item-content\" style=\"margin-left:38.4px;\">\n<p><strong>2010<\/strong> &#8211; Ra m\u1eaft d\u00f2ng s\u1ea3n ph\u1ea9m Human Structure.<\/p>\n<\/div><\/li><li class=\"fusion-li-item\"><span style=\"height:27.2px;width:27.2px;margin-right:11.2px;\" class=\"icon-wrapper circle-no\"><i class=\"fusion-li-icon fa-flask fas\" style=\"color:#113082;\" aria-hidden=\"true\"><\/i><\/span><div class=\"fusion-li-item-content\" style=\"margin-left:38.4px;\">\n<p><strong>2012<\/strong> &#8211; Ra m\u1eaft d\u00f2ng s\u1ea3n ph\u1ea9m Chrono.<\/p>\n<\/div><\/li><li class=\"fusion-li-item\"><span style=\"height:27.2px;width:27.2px;margin-right:11.2px;\" class=\"icon-wrapper circle-no\"><i class=\"fusion-li-icon fa-flask fas\" style=\"color:#113082;\" aria-hidden=\"true\"><\/i><\/span><div class=\"fusion-li-item-content\" style=\"margin-left:38.4px;\">\n<p><strong>2014<\/strong> &#8211; Ra m\u1eaft d\u00f2ng s\u1ea3n ph\u1ea9m Activa Nutri<\/p>\n<\/div><\/li><\/ul><div class=\"fusion-clearfix\"><\/div><\/div><\/div><div class=\"fusion-layout-column fusion_builder_column fusion-builder-column-2 fusion_builder_column_1_2 1_2 fusion-one-half fusion-column-last\" style=\"width:50%;width:calc(50% - ( ( 0 ) * 0.5 ) );margin-top:0px;margin-bottom:0px;\"><div class=\"fusion-column-wrapper fusion-flex-column-wrapper-legacy\" style=\"background-image: url(&#039;https:\/\/www.laboratoiresactiva.com\/vn\/\/wp-content\/uploads\/2018\/01\/notre-marque-laboratoires-activa.jpg&#039;);background-position:center center;background-repeat:no-repeat;-webkit-background-size:cover;-moz-background-size:cover;-o-background-size:cover;background-size:cover;background-color:#ffffff;padding: 0px 0px 0px 0px;\" data-bg-url=\"https:\/\/www.laboratoiresactiva.com\/vn\/\/wp-content\/uploads\/2018\/01\/notre-marque-laboratoires-activa.jpg\"><div class=\"fusion-clearfix\"><\/div><\/div><\/div><\/div><\/div><div class=\"fusion-fullwidth fullwidth-box fusion-builder-row-3 hundred-percent-fullwidth non-hundred-percent-height-scrolling fusion-equal-height-columns\" style=\"background-color: rgba(255,255,255,0);background-position: center center;background-repeat: no-repeat;padding-top:20px;padding-right:0px;padding-bottom:0px;padding-left:0px;margin-bottom: 0px;margin-top: 0px;border-width: 0px 0px 0px 0px;border-color:#eae9e9;border-style:solid;\" ><div class=\"fusion-builder-row fusion-row\"><div class=\"fusion-layout-column fusion_builder_column fusion-builder-column-3 fusion_builder_column_1_1 1_1 fusion-one-full fusion-column-first fusion-column-last\" style=\"margin-top:0px;margin-bottom:0px;\"><div class=\"fusion-column-wrapper fusion-flex-column-wrapper-legacy\" style=\"background-position:left top;background-repeat:no-repeat;-webkit-background-size:cover;-moz-background-size:cover;-o-background-size:cover;background-size:cover;padding: 50px 4% 50px 4%;\"><div class=\"fusion-text fusion-text-4\"><h2 style=\"text-align: left; color: #113082;\" data-fontsize=\"40\" data-lineheight=\"52\">Gi\u00e1 tr\u1ecb c\u1ed1t l\u00f5i<\/h2>\n<\/div><div class=\"fusion-sep-clear\"><\/div><div class=\"fusion-separator fusion-clearfix\" style=\"float:left;margin-bottom:30px;width:100%;max-width:100px;\"><div class=\"fusion-separator-border sep-single sep-solid\" style=\"border-color:#0c4da0;border-top-width:2px;\"><\/div><\/div><div class=\"fusion-sep-clear\"><\/div><div class=\"fusion-clearfix\"><\/div><\/div><\/div><\/div><\/div><div class=\"fusion-fullwidth fullwidth-box fusion-builder-row-4 hundred-percent-fullwidth non-hundred-percent-height-scrolling fusion-equal-height-columns\" style=\"background-color: rgba(255,255,255,0);background-position: center center;background-repeat: no-repeat;padding-top:0px;padding-right:30px;padding-bottom:0px;padding-left:30px;margin-bottom: 0px;margin-top: ;border-width: 0px 0px 0px 0px;border-color:#eae9e9;border-style:solid;\" ><div class=\"fusion-builder-row fusion-row\"><div class=\"fusion-layout-column fusion_builder_column fusion-builder-column-4 fusion_builder_column_1_4 1_4 fusion-one-fourth fusion-column-first\" style=\"width:25%;width:calc(25% - ( ( 0px + 0px + 0 ) * 0.25 ) );margin-right: 0px;margin-top:0px;margin-bottom:0px;\"><div class=\"fusion-column-wrapper fusion-flex-column-wrapper-legacy\" style=\"background-position:left top;background-repeat:no-repeat;-webkit-background-size:cover;-moz-background-size:cover;-o-background-size:cover;background-size:cover;background-color:#F0F0F0;padding: 100px 20% 100px 20%;\"><div class=\"imageframe-align-center\"><span class=\" fusion-imageframe imageframe-none imageframe-1 hover-type-none\" style=\"width:100%;max-width:100px;\"><img decoding=\"async\" width=\"100\" height=\"100\" title=\"confiance-laboratoires-activa\" src=\"https:\/\/www.laboratoiresactiva.com\/vn\/wp-content\/uploads\/2020\/02\/confiance-laboratoires-activa.png\" class=\"img-responsive wp-image-4129\" srcset=\"https:\/\/www.laboratoiresactiva.com\/vn\/wp-content\/uploads\/2020\/02\/confiance-laboratoires-activa-66x66.png 66w, https:\/\/www.laboratoiresactiva.com\/vn\/wp-content\/uploads\/2020\/02\/confiance-laboratoires-activa.png 100w\" sizes=\"(max-width: 100px) 100vw, 100px\" \/><\/span><\/div><div class=\"fusion-sep-clear\"><\/div><div class=\"fusion-separator fusion-full-width-sep\" style=\"margin-left: auto;margin-right: auto;margin-bottom:20px;width:100%;\"><\/div><div class=\"fusion-sep-clear\"><\/div><div class=\"fusion-text fusion-text-5\"><h3 style=\"text-align: center; margin-bottom: 20px; color: #113082;\" data-fontsize=\"28\" data-lineheight=\"39\">\u0110\u01b0\u1ee3c Khuy\u1ebfn c\u00e1o v\u00e0 tin d\u00f9ng b\u1edfi c\u00e1c chuy\u00ean gia<\/h3>\n<\/div><div class=\"fusion-text fusion-text-6\"><p style=\"text-align: center;\">C\u00e1c s\u1ea3n ph\u1ea9m c\u1ee7a ch\u00fang t\u00f4i \u0111\u01b0\u1ee3c s\u1eed d\u1ee5ng v\u1edbi s\u1ef1 tin t\u01b0\u1edfng t\u1eeb n\u0103m 1999 t\u1edbi nay v\u00e0 \u0111\u01b0\u1ee3c t\u01b0 v\u1ea5n s\u1eed d\u1ee5ng b\u1edfi c\u00e1c chuy\u00ean gia v\u1ec1 y t\u1ebf v\u00e0 s\u1ee9c kho\u1ebb.<\/p>\n<\/div><div class=\"fusion-sep-clear\"><\/div><div class=\"fusion-separator fusion-full-width-sep\" style=\"margin-left: auto;margin-right: auto;margin-bottom:20px;width:100%;\"><\/div><div class=\"fusion-sep-clear\"><\/div><div class=\"fusion-clearfix\"><\/div><\/div><\/div><div class=\"fusion-layout-column fusion_builder_column fusion-builder-column-5 fusion_builder_column_1_4 1_4 fusion-one-fourth\" style=\"width:25%;width:calc(25% - ( ( 0px + 0px + 0 ) * 0.25 ) );margin-right: 0px;margin-top:0px;margin-bottom:0px;\"><div class=\"fusion-column-wrapper fusion-flex-column-wrapper-legacy\" style=\"background-position:left top;background-repeat:no-repeat;-webkit-background-size:cover;-moz-background-size:cover;-o-background-size:cover;background-size:cover;background-color:#F5F5F5;padding: 100px 20% 100px 20%;\"><div class=\"imageframe-align-center\"><span class=\" fusion-imageframe imageframe-none imageframe-2 hover-type-none\" style=\"width:100%;max-width:100px;\"><img decoding=\"async\" width=\"90\" height=\"90\" title=\"haute-qualite-laboratoires-activa\" src=\"https:\/\/www.laboratoiresactiva.com\/vn\/wp-content\/uploads\/2020\/02\/haute-qualite-laboratoires-activa.png\" class=\"img-responsive wp-image-4128\"\/><\/span><\/div><div class=\"fusion-sep-clear\"><\/div><div class=\"fusion-separator fusion-full-width-sep\" style=\"margin-left: auto;margin-right: auto;margin-bottom:20px;width:100%;\"><\/div><div class=\"fusion-sep-clear\"><\/div><div class=\"fusion-text fusion-text-7\"><h3 style=\"text-align: center; margin-bottom: 20px; color: #113082;\" data-fontsize=\"28\" data-lineheight=\"39\">Ti\u00eau chu\u1ea9n ch\u1ea5t l\u01b0\u1ee3ng cao<\/h3>\n<\/div><div class=\"fusion-text fusion-text-8\"><p style=\"text-align: center;\">C\u00e1c quy tr\u00ecnh s\u1ea3n xu\u1ea5t c\u1ee7a ch\u00fang t\u00f4i r\u1ea5t nghi\u00eam ng\u1eb7t v\u00e0 t\u1ea5t c\u1ea3 nh\u1eefng h\u1ed3 s\u01a1 ti\u00eau chu\u1ea9n k\u0129 thu\u1eadt \u0111\u1ec1u \u0111\u01b0\u1ee3c x\u00e2y d\u1ef1ng \u0111\u1ec3 ph\u00e2n t\u00edch v\u00e0 truy xu\u1ea5t ngu\u1ed3n g\u1ed1c to\u00e0n b\u1ed9 s\u1ea3n ph\u1ea9m<\/p>\n<\/div><div class=\"fusion-sep-clear\"><\/div><div class=\"fusion-separator fusion-full-width-sep\" style=\"margin-left: auto;margin-right: auto;margin-bottom:20px;width:100%;\"><\/div><div class=\"fusion-sep-clear\"><\/div><div class=\"fusion-clearfix\"><\/div><\/div><\/div><div class=\"fusion-layout-column fusion_builder_column fusion-builder-column-6 fusion_builder_column_1_4 1_4 fusion-one-fourth\" style=\"width:25%;width:calc(25% - ( ( 0px + 0px + 0 ) * 0.25 ) );margin-right: 0px;margin-top:0px;margin-bottom:0px;\"><div class=\"fusion-column-wrapper fusion-flex-column-wrapper-legacy\" style=\"background-position:left top;background-repeat:no-repeat;-webkit-background-size:cover;-moz-background-size:cover;-o-background-size:cover;background-size:cover;background-color:#ededed;padding: 100px 20% 100px 20%;\"><div class=\"imageframe-align-center\"><span class=\" fusion-imageframe imageframe-none imageframe-3 hover-type-none\" style=\"width:100%;max-width:150px;\"><img decoding=\"async\" width=\"100\" height=\"100\" title=\"innovation-plantes\" src=\"https:\/\/www.laboratoiresactiva.com\/vn\/wp-content\/uploads\/2020\/02\/innovation-plantes.png\" class=\"img-responsive wp-image-4125\" srcset=\"https:\/\/www.laboratoiresactiva.com\/vn\/wp-content\/uploads\/2020\/02\/innovation-plantes-66x66.png 66w, https:\/\/www.laboratoiresactiva.com\/vn\/wp-content\/uploads\/2020\/02\/innovation-plantes.png 100w\" sizes=\"(max-width: 100px) 100vw, 100px\" \/><\/span><\/div><div class=\"fusion-sep-clear\"><\/div><div class=\"fusion-separator fusion-full-width-sep\" style=\"margin-left: auto;margin-right: auto;margin-bottom:20px;width:100%;\"><\/div><div class=\"fusion-sep-clear\"><\/div><div class=\"fusion-text fusion-text-9\"><h3 style=\"text-align: center; margin-bottom: 20px; color: #113082;\" data-fontsize=\"28\" data-lineheight=\"39\">Lu\u00f4n lu\u00f4n \u0111\u1ed5i m\u1edbi, lu\u00f4n lu\u00f4n s\u00e1ng t\u1ea1o<\/h3>\n<\/div><div class=\"fusion-text fusion-text-10\"><p style=\"text-align: center;\">Ch\u00fang t\u00f4i cam k\u1ebft t\u1ea5t c\u1ea3 nh\u1eefng s\u1ea3n ph\u1ea9m c\u1ee7a Activa \u0111\u1ec1u \u0111\u01b0\u1ee3c s\u1ea3n xu\u1ea5t v\u1edbi ngu\u1ed3n g\u1ed1c 100% t\u1eeb th\u1ef1c v\u1eadt, kh\u00f4ng s\u1eed d\u1ee5ng th\u1ef1c ph\u1ea9m bi\u1ebfn \u0111\u1ed5i gen ( Non- GMO), kh\u00f4ng c\u00f3 d\u01b0 l\u01b0\u1ee3ng thu\u1ed1c tr\u1eeb s\u00e2u v\u00e0 kh\u00f4ng nhi\u1ec5m kim lo\u1ea1i n\u1eb7ng.<\/p>\n<\/div><div class=\"fusion-sep-clear\"><\/div><div class=\"fusion-separator fusion-full-width-sep\" style=\"margin-left: auto;margin-right: auto;margin-bottom:20px;width:100%;\"><\/div><div class=\"fusion-sep-clear\"><\/div><div class=\"fusion-clearfix\"><\/div><\/div><\/div><div class=\"fusion-layout-column fusion_builder_column fusion-builder-column-7 fusion_builder_column_1_4 1_4 fusion-one-fourth fusion-column-last\" style=\"width:25%;width:calc(25% - ( ( 0px + 0px + 0 ) * 0.25 ) );margin-top:0px;margin-bottom:0px;\"><div class=\"fusion-column-wrapper fusion-flex-column-wrapper-legacy\" style=\"background-position:center center;background-repeat:no-repeat;-webkit-background-size:cover;-moz-background-size:cover;-o-background-size:cover;background-size:cover;background-color:#f5f5f5;padding: 100px 20% 100px 20%;\"><div class=\"imageframe-align-center\"><span class=\" fusion-imageframe imageframe-none imageframe-4 hover-type-none\"><img decoding=\"async\" width=\"100\" height=\"99\" title=\"made-in-france-laboratoires-activa\" src=\"https:\/\/www.laboratoiresactiva.com\/vn\/\/wp-content\/uploads\/2018\/03\/made-in-france-laboratoires-activa-e1521802523541.png\" class=\"img-responsive wp-image-1636\"\/><\/span><\/div><div class=\"fusion-sep-clear\"><\/div><div class=\"fusion-separator fusion-full-width-sep\" style=\"margin-left: auto;margin-right: auto;margin-bottom:20px;width:100%;\"><\/div><div class=\"fusion-sep-clear\"><\/div><div class=\"fusion-text fusion-text-11\"><h3 style=\"text-align: center; margin-bottom: 20px; color: #113082;\" data-fontsize=\"28\" data-lineheight=\"39\">\u0110\u01b0\u1ee3c nghi\u00ean c\u1ee9u v\u00e0 ph\u00e1t tri\u1ec3n, s\u1ea3n xu\u1ea5t s\u1ea3n ph\u1ea9m v\u1edbi c\u00e1c chuy\u00ean gia t\u1ea1i Ph\u00e1p<\/h3>\n<\/div><div class=\"fusion-text fusion-text-12\"><p style=\"text-align: center;\">Ch\u00fang t\u00f4i \u0111\u00e3 s\u1ea3n xu\u1ea5t, nghi\u00ean c\u1ee9u v\u00e0 ph\u00e1t tri\u1ec3n nh\u1eefng gi\u1ea3i ph\u00e1p cho s\u1ee9c kho\u1ebb t\u1eeb thi\u00ean nhi\u00ean t\u1ea1i Ph\u00e1p t\u1eeb n\u0103m 1999<\/p>\n<\/div><div class=\"fusion-sep-clear\"><\/div><div class=\"fusion-separator fusion-full-width-sep\" style=\"margin-left: auto;margin-right: auto;margin-bottom:20px;width:100%;\"><\/div><div class=\"fusion-sep-clear\"><\/div><div class=\"fusion-clearfix\"><\/div><\/div><\/div><\/div><\/div>\n","protected":false},"excerpt":{"rendered":"","protected":false},"author":3,"featured_media":0,"parent":0,"menu_order":0,"comment_status":"closed","ping_status":"closed","template":"100-width.php","meta":{"_monsterinsights_skip_tracking":false,"_monsterinsights_sitenote_active":false,"_monsterinsights_sitenote_note":"","_monsterinsights_sitenote_category":0,"footnotes":""},"class_list":["post-650","page","type-page","status-publish","hentry"],"yoast_head":"<!-- This site is optimized with the Yoast SEO plugin v27.4 - https:\/\/yoast.com\/product\/yoast-seo-wordpress\/ -->\n<title>Who are we? - Story of laboratories<\/title>\n<meta name=\"robots\" content=\"index, follow, max-snippet:-1, max-image-preview:large, max-video-preview:-1\" \/>\n<link rel=\"canonical\" href=\"https:\/\/www.laboratoiresactiva.com\/vn\/who-we-are\/\" \/>\n<meta property=\"og:locale\" content=\"en_US\" \/>\n<meta property=\"og:type\" content=\"article\" \/>\n<meta property=\"og:title\" content=\"Who are we? - Story of laboratories\" \/>\n<meta property=\"og:url\" content=\"https:\/\/www.laboratoiresactiva.com\/vn\/who-we-are\/\" \/>\n<meta property=\"og:site_name\" content=\"Laboratoires Activa\" \/>\n<meta property=\"article:modified_time\" content=\"2021-07-31T11:22:06+00:00\" \/>\n<meta name=\"twitter:card\" content=\"summary_large_image\" \/>\n<meta name=\"twitter:label1\" content=\"Est. reading time\" \/>\n\t<meta name=\"twitter:data1\" content=\"15 minutes\" \/>\n<script type=\"application\/ld+json\" class=\"yoast-schema-graph\">{\"@context\":\"https:\\\/\\\/schema.org\",\"@graph\":[{\"@type\":\"WebPage\",\"@id\":\"https:\\\/\\\/www.laboratoiresactiva.com\\\/vn\\\/who-we-are\\\/\",\"url\":\"https:\\\/\\\/www.laboratoiresactiva.com\\\/vn\\\/who-we-are\\\/\",\"name\":\"Who are we? - Story of laboratories\",\"isPartOf\":{\"@id\":\"https:\\\/\\\/www.laboratoiresactiva.com\\\/vn\\\/#website\"},\"datePublished\":\"2017-12-12T13:55:49+00:00\",\"dateModified\":\"2021-07-31T11:22:06+00:00\",\"breadcrumb\":{\"@id\":\"https:\\\/\\\/www.laboratoiresactiva.com\\\/vn\\\/who-we-are\\\/#breadcrumb\"},\"inLanguage\":\"en-US\",\"potentialAction\":[{\"@type\":\"ReadAction\",\"target\":[\"https:\\\/\\\/www.laboratoiresactiva.com\\\/vn\\\/who-we-are\\\/\"]}]},{\"@type\":\"BreadcrumbList\",\"@id\":\"https:\\\/\\\/www.laboratoiresactiva.com\\\/vn\\\/who-we-are\\\/#breadcrumb\",\"itemListElement\":[{\"@type\":\"ListItem\",\"position\":1,\"name\":\"Accueil\",\"item\":\"https:\\\/\\\/www.laboratoiresactiva.com\\\/vn\\\/\"},{\"@type\":\"ListItem\",\"position\":2,\"name\":\"Who we are ?\"}]},{\"@type\":\"WebSite\",\"@id\":\"https:\\\/\\\/www.laboratoiresactiva.com\\\/vn\\\/#website\",\"url\":\"https:\\\/\\\/www.laboratoiresactiva.com\\\/vn\\\/\",\"name\":\"Laboratoires Activa\",\"description\":\"Supplements 100% naturals\",\"potentialAction\":[{\"@type\":\"SearchAction\",\"target\":{\"@type\":\"EntryPoint\",\"urlTemplate\":\"https:\\\/\\\/www.laboratoiresactiva.com\\\/vn\\\/?s={search_term_string}\"},\"query-input\":{\"@type\":\"PropertyValueSpecification\",\"valueRequired\":true,\"valueName\":\"search_term_string\"}}],\"inLanguage\":\"en-US\"}]}<\/script>\n<!-- \/ Yoast SEO plugin. -->","yoast_head_json":{"title":"Who are we? - Story of laboratories","robots":{"index":"index","follow":"follow","max-snippet":"max-snippet:-1","max-image-preview":"max-image-preview:large","max-video-preview":"max-video-preview:-1"},"canonical":"https:\/\/www.laboratoiresactiva.com\/vn\/who-we-are\/","og_locale":"en_US","og_type":"article","og_title":"Who are we? - Story of laboratories","og_url":"https:\/\/www.laboratoiresactiva.com\/vn\/who-we-are\/","og_site_name":"Laboratoires Activa","article_modified_time":"2021-07-31T11:22:06+00:00","twitter_card":"summary_large_image","twitter_misc":{"Est. reading time":"15 minutes"},"schema":{"@context":"https:\/\/schema.org","@graph":[{"@type":"WebPage","@id":"https:\/\/www.laboratoiresactiva.com\/vn\/who-we-are\/","url":"https:\/\/www.laboratoiresactiva.com\/vn\/who-we-are\/","name":"Who are we? - Story of laboratories","isPartOf":{"@id":"https:\/\/www.laboratoiresactiva.com\/vn\/#website"},"datePublished":"2017-12-12T13:55:49+00:00","dateModified":"2021-07-31T11:22:06+00:00","breadcrumb":{"@id":"https:\/\/www.laboratoiresactiva.com\/vn\/who-we-are\/#breadcrumb"},"inLanguage":"en-US","potentialAction":[{"@type":"ReadAction","target":["https:\/\/www.laboratoiresactiva.com\/vn\/who-we-are\/"]}]},{"@type":"BreadcrumbList","@id":"https:\/\/www.laboratoiresactiva.com\/vn\/who-we-are\/#breadcrumb","itemListElement":[{"@type":"ListItem","position":1,"name":"Accueil","item":"https:\/\/www.laboratoiresactiva.com\/vn\/"},{"@type":"ListItem","position":2,"name":"Who we are ?"}]},{"@type":"WebSite","@id":"https:\/\/www.laboratoiresactiva.com\/vn\/#website","url":"https:\/\/www.laboratoiresactiva.com\/vn\/","name":"Laboratoires Activa","description":"Supplements 100% naturals","potentialAction":[{"@type":"SearchAction","target":{"@type":"EntryPoint","urlTemplate":"https:\/\/www.laboratoiresactiva.com\/vn\/?s={search_term_string}"},"query-input":{"@type":"PropertyValueSpecification","valueRequired":true,"valueName":"search_term_string"}}],"inLanguage":"en-US"}]}},"_links":{"self":[{"href":"https:\/\/www.laboratoiresactiva.com\/vn\/wp-json\/wp\/v2\/pages\/650","targetHints":{"allow":["GET"]}}],"collection":[{"href":"https:\/\/www.laboratoiresactiva.com\/vn\/wp-json\/wp\/v2\/pages"}],"about":[{"href":"https:\/\/www.laboratoiresactiva.com\/vn\/wp-json\/wp\/v2\/types\/page"}],"author":[{"embeddable":true,"href":"https:\/\/www.laboratoiresactiva.com\/vn\/wp-json\/wp\/v2\/users\/3"}],"replies":[{"embeddable":true,"href":"https:\/\/www.laboratoiresactiva.com\/vn\/wp-json\/wp\/v2\/comments?post=650"}],"version-history":[{"count":252,"href":"https:\/\/www.laboratoiresactiva.com\/vn\/wp-json\/wp\/v2\/pages\/650\/revisions"}],"predecessor-version":[{"id":4841,"href":"https:\/\/www.laboratoiresactiva.com\/vn\/wp-json\/wp\/v2\/pages\/650\/revisions\/4841"}],"wp:attachment":[{"href":"https:\/\/www.laboratoiresactiva.com\/vn\/wp-json\/wp\/v2\/media?parent=650"}],"curies":[{"name":"wp","href":"https:\/\/api.w.org\/{rel}","templated":true}]}}